{"id":388725,"date":"2025-09-02T10:38:13","date_gmt":"2025-09-02T10:38:13","guid":{"rendered":"https:\/\/glotomania.com\/p\/nivelador-de-tartas-patisse-31-cm-2\/"},"modified":"2026-03-17T18:00:50","modified_gmt":"2026-03-17T18:00:50","slug":"nivelador-de-tartas-patisse-31-cm-2","status":"publish","type":"product","link":"https:\/\/glotomania.com\/pt-pt\/p\/nivelador-de-tartas-patisse-31-cm-2\/","title":{"rendered":"Nivelador De Bolos Patisse &#8211; 31 Cm"},"content":{"rendered":"<p>&nbsp;<\/p>\n<p><span style=\"font-size:14px\">Para bolos at&eacute; 31 cm (largura).&nbsp; Altura ajust&aacute;vel.<\/span><\/p>\n<p><span style=\"font-size:14px\"><strong>Dimens&otilde;es aproximadas: <\/strong>31 cm.<\/span><\/p>\n","protected":false},"excerpt":{"rendered":"<p>Serra met\u00e1lica Patisse regul\u00e1vel em altura, indispens\u00e1vel para cortar os nossos biscoitos e bolos em camadas uniformes.<\/p>\n","protected":false},"featured_media":154576,"comment_status":"open","ping_status":"closed","template":"","meta":{"_acf_changed":false},"pwb-brand":[],"product_brand":[],"product_cat":[3106,3124,3087,1820,1823,1767],"product_tag":[],"class_list":{"0":"post-388725","1":"product","2":"type-product","3":"status-publish","4":"has-post-thumbnail","6":"product_cat-basicos-de-pastelaria","7":"product_cat-ferramentas-de-corte-e-modelacao-2","8":"product_cat-ordem-e-armazenamento","9":"product_cat-basicos","10":"product_cat-herramientas-corte-y-modelado","11":"product_cat-utensilios","13":"first","14":"instock","15":"taxable","16":"shipping-taxable","17":"purchasable","18":"product-type-simple"},"acf":[],"df_price":6.99,"df_sale_price":"","df_regular_price":6.99,"df_image_link":"https:\/\/glotomania.com\/wp-content\/uploads\/2025\/09\/img_18932_777151c55d4b79c112cad49e3349ec8f_1-300x300.png","brands":[],"_links":{"self":[{"href":"https:\/\/glotomania.com\/pt-pt\/wp-json\/wp\/v2\/product\/388725","targetHints":{"allow":["GET"]}}],"collection":[{"href":"https:\/\/glotomania.com\/pt-pt\/wp-json\/wp\/v2\/product"}],"about":[{"href":"https:\/\/glotomania.com\/pt-pt\/wp-json\/wp\/v2\/types\/product"}],"replies":[{"embeddable":true,"href":"https:\/\/glotomania.com\/pt-pt\/wp-json\/wp\/v2\/comments?post=388725"}],"wp:featuredmedia":[{"embeddable":true,"href":"https:\/\/glotomania.com\/pt-pt\/wp-json\/wp\/v2\/media\/154576"}],"wp:attachment":[{"href":"https:\/\/glotomania.com\/pt-pt\/wp-json\/wp\/v2\/media?parent=388725"}],"wp:term":[{"taxonomy":"pwb-brand","embeddable":true,"href":"https:\/\/glotomania.com\/pt-pt\/wp-json\/wp\/v2\/pwb-brand?post=388725"},{"taxonomy":"product_brand","embeddable":true,"href":"https:\/\/glotomania.com\/pt-pt\/wp-json\/wp\/v2\/product_brand?post=388725"},{"taxonomy":"product_cat","embeddable":true,"href":"https:\/\/glotomania.com\/pt-pt\/wp-json\/wp\/v2\/product_cat?post=388725"},{"taxonomy":"product_tag","embeddable":true,"href":"https:\/\/glotomania.com\/pt-pt\/wp-json\/wp\/v2\/product_tag?post=388725"}],"curies":[{"name":"wp","href":"https:\/\/api.w.org\/{rel}","templated":true}]}}