{"id":388727,"date":"2025-09-02T10:38:14","date_gmt":"2025-09-02T10:38:14","guid":{"rendered":"https:\/\/glotomania.com\/p\/extrusora-para-fondant-scrapcooking-2\/"},"modified":"2026-04-21T00:22:36","modified_gmt":"2026-04-21T00:22:36","slug":"extrusora-para-fondant-scrapcooking-2","status":"publish","type":"product","link":"https:\/\/glotomania.com\/pt-pt\/p\/extrusora-para-fondant-scrapcooking-2\/","title":{"rendered":"Extrusora De Fondant &#8211; Scrapcooking"},"content":{"rendered":"<p>&nbsp;<\/p>\n<p><span style=\"font-size:14px\">Extrusora em <strong>alum&iacute;nio<\/strong>. Discos em<strong> a&ccedil;o inoxid&aacute;vel<\/strong>, de qualidade alimentar. <\/span><\/p>\n<p><span style=\"font-size:14px\">Recomenda-se a utiliza&ccedil;&atilde;o de uma esponja ligeiramente h&uacute;mida para limpar o utens&iacute;lio antes da primeira utiliza&ccedil;&atilde;o e ap&oacute;s cada utiliza&ccedil;&atilde;o. <\/span><\/p>\n<p><span style=\"font-size:14px\"><strong>Dimens&otilde;es aproximadas: <\/strong>16,5 cm &#8211; &Oslash;; 1,8 cm. <\/span><\/p>\n<p><em><span style=\"font-size:14px\">Este produto n&atilde;o est&aacute; dispon&iacute;vel para a B&eacute;lgica, Fran&ccedil;a e Su&iacute;&ccedil;a.<\/span><\/em><\/p>\n","protected":false},"excerpt":{"rendered":"<p>Extrator de pasta de a\u00e7\u00facar em alum\u00ednio, juntamente com 20 discos com diferentes padr\u00f5es em a\u00e7o inoxid\u00e1vel.<\/p>\n","protected":false},"featured_media":350310,"comment_status":"open","ping_status":"closed","template":"","meta":{"_acf_changed":false},"pwb-brand":[],"product_brand":[],"product_cat":[3106,1820,3124,2773,1823,3087,1767],"product_tag":[],"class_list":{"0":"post-388727","1":"product","2":"type-product","3":"status-publish","4":"has-post-thumbnail","6":"product_cat-basicos-de-pastelaria","7":"product_cat-basicos","8":"product_cat-ferramentas-de-corte-e-modelacao-2","9":"product_cat-fondant-sin-gluten","10":"product_cat-herramientas-corte-y-modelado","11":"product_cat-ordem-e-armazenamento","12":"product_cat-utensilios","14":"first","15":"instock","16":"taxable","17":"shipping-taxable","18":"purchasable","19":"product-type-simple"},"acf":[],"df_price":21.5,"df_sale_price":15.05,"df_regular_price":21.5,"df_image_link":"https:\/\/glotomania.com\/wp-content\/uploads\/2025\/11\/img_18937_cd7e0b7c64af098b05a16c94a7a09190_1-29-300x300.jpg","brands":[],"_links":{"self":[{"href":"https:\/\/glotomania.com\/pt-pt\/wp-json\/wp\/v2\/product\/388727","targetHints":{"allow":["GET"]}}],"collection":[{"href":"https:\/\/glotomania.com\/pt-pt\/wp-json\/wp\/v2\/product"}],"about":[{"href":"https:\/\/glotomania.com\/pt-pt\/wp-json\/wp\/v2\/types\/product"}],"replies":[{"embeddable":true,"href":"https:\/\/glotomania.com\/pt-pt\/wp-json\/wp\/v2\/comments?post=388727"}],"wp:featuredmedia":[{"embeddable":true,"href":"https:\/\/glotomania.com\/pt-pt\/wp-json\/wp\/v2\/media\/350310"}],"wp:attachment":[{"href":"https:\/\/glotomania.com\/pt-pt\/wp-json\/wp\/v2\/media?parent=388727"}],"wp:term":[{"taxonomy":"pwb-brand","embeddable":true,"href":"https:\/\/glotomania.com\/pt-pt\/wp-json\/wp\/v2\/pwb-brand?post=388727"},{"taxonomy":"product_brand","embeddable":true,"href":"https:\/\/glotomania.com\/pt-pt\/wp-json\/wp\/v2\/product_brand?post=388727"},{"taxonomy":"product_cat","embeddable":true,"href":"https:\/\/glotomania.com\/pt-pt\/wp-json\/wp\/v2\/product_cat?post=388727"},{"taxonomy":"product_tag","embeddable":true,"href":"https:\/\/glotomania.com\/pt-pt\/wp-json\/wp\/v2\/product_tag?post=388727"}],"curies":[{"name":"wp","href":"https:\/\/api.w.org\/{rel}","templated":true}]}}