{"id":388728,"date":"2025-09-02T10:38:15","date_gmt":"2025-09-02T10:38:15","guid":{"rendered":"https:\/\/glotomania.com\/p\/figuras-ceramica-para-roscon-de-reyes-unicornio-3d-2\/"},"modified":"2026-03-10T18:10:00","modified_gmt":"2026-03-10T18:10:00","slug":"figuras-ceramica-para-roscon-de-reyes-unicornio-3d-2","status":"publish","type":"product","link":"https:\/\/glotomania.com\/pt-pt\/p\/figuras-ceramica-para-roscon-de-reyes-unicornio-3d-2\/","title":{"rendered":"Figuras De Cer\u00c2mica Para Bolo Rei &#8211; Unic\u00d3rnio 3d"},"content":{"rendered":"<p>&nbsp;<\/p>\n<p><span style=\"font-size:14px\"><span style=\"color:#000000\"><strong>Medidas aproximadas:<\/strong> 3 &#8211; 3,5 cm.<\/span><\/span><\/p>\n<p><span style=\"font-size:14px\"><span style=\"color:#000000\">Inclui 50 unidades.<\/span><\/span><\/p>\n","protected":false},"excerpt":{"rendered":"<p>Figuras de cer\u00e2mica n\u00e3o comest\u00edvel Dekora, perfeitas para fazer o mais original Bolo Rei.<\/p>\n","protected":false},"featured_media":344330,"comment_status":"open","ping_status":"closed","template":"","meta":{"_acf_changed":false},"pwb-brand":[],"product_brand":[],"product_cat":[2908,2911,3200,3200,2907,3205,3205,3204,3202,3207,3207,3204,3202,3087,2921,2911,2908,2907,2921,3087],"product_tag":[],"class_list":{"0":"post-388728","1":"product","2":"type-product","3":"status-publish","4":"has-post-thumbnail","6":"product_cat-batizados","7":"product_cat-comunhoes","8":"product_cat-decoracoes-nao-comestiveis","10":"product_cat-festas","11":"product_cat-figuras-para-baptismos","13":"product_cat-figuras-para-bolo-rei","14":"product_cat-figuras-para-bolos","15":"product_cat-figuras-para-comunhoes","19":"product_cat-ordem-e-armazenamento","20":"product_cat-pascoa","27":"first","28":"instock","29":"taxable","30":"shipping-taxable","31":"purchasable","32":"product-type-simple"},"acf":[],"df_price":19.95,"df_sale_price":"","df_regular_price":19.95,"df_image_link":"https:\/\/glotomania.com\/wp-content\/uploads\/2025\/11\/img_18939_590a2a8a9617aa5d3427ecd9997bc1c7_1-24-300x300.jpg","brands":[],"_links":{"self":[{"href":"https:\/\/glotomania.com\/pt-pt\/wp-json\/wp\/v2\/product\/388728","targetHints":{"allow":["GET"]}}],"collection":[{"href":"https:\/\/glotomania.com\/pt-pt\/wp-json\/wp\/v2\/product"}],"about":[{"href":"https:\/\/glotomania.com\/pt-pt\/wp-json\/wp\/v2\/types\/product"}],"replies":[{"embeddable":true,"href":"https:\/\/glotomania.com\/pt-pt\/wp-json\/wp\/v2\/comments?post=388728"}],"wp:featuredmedia":[{"embeddable":true,"href":"https:\/\/glotomania.com\/pt-pt\/wp-json\/wp\/v2\/media\/344330"}],"wp:attachment":[{"href":"https:\/\/glotomania.com\/pt-pt\/wp-json\/wp\/v2\/media?parent=388728"}],"wp:term":[{"taxonomy":"pwb-brand","embeddable":true,"href":"https:\/\/glotomania.com\/pt-pt\/wp-json\/wp\/v2\/pwb-brand?post=388728"},{"taxonomy":"product_brand","embeddable":true,"href":"https:\/\/glotomania.com\/pt-pt\/wp-json\/wp\/v2\/product_brand?post=388728"},{"taxonomy":"product_cat","embeddable":true,"href":"https:\/\/glotomania.com\/pt-pt\/wp-json\/wp\/v2\/product_cat?post=388728"},{"taxonomy":"product_tag","embeddable":true,"href":"https:\/\/glotomania.com\/pt-pt\/wp-json\/wp\/v2\/product_tag?post=388728"}],"curies":[{"name":"wp","href":"https:\/\/api.w.org\/{rel}","templated":true}]}}