{"id":388729,"date":"2025-09-02T10:38:15","date_gmt":"2025-09-02T10:38:15","guid":{"rendered":"https:\/\/glotomania.com\/p\/pistola-para-galletas-preferred-press-wilton-2\/"},"modified":"2026-04-10T13:10:34","modified_gmt":"2026-04-10T13:10:34","slug":"pistola-para-galletas-preferred-press-wilton-2","status":"publish","type":"product","link":"https:\/\/glotomania.com\/pt-pt\/p\/pistola-para-galletas-preferred-press-wilton-2\/","title":{"rendered":"Pistola De Biscoitos &#8220;preferred Press&#8221; &#8211; Wilton"},"content":{"rendered":"<p>&nbsp;<\/p>\n<p><span style=\"font-size:14px\">Feito de a&ccedil;o de alta qualidade, adequado para uso alimentar.<\/span><\/p>\n<p><span style=\"font-size:14px\">A pistola consiste <strong>num cilindro transparente <\/strong>que nos permite ver a massa dentro da arma a todo o momento. Tem um a<strong>nel antiderrapante e um gatilho de aperto muito macio e confort&aacute;vel.<\/strong><\/span><\/p>\n<p><span style=\"font-size:14px\">Inclui <strong>12 discos de a&ccedil;o inoxid&aacute;vel<\/strong> com desenhos diferentes, perfeitos para qualquer ocasi&atilde;o.<\/span><\/p>\n","protected":false},"excerpt":{"rendered":"<p>Fa\u00e7a biscoitos bonitos e originais com esta pistola de biscoitos em a\u00e7o inoxid\u00e1vel Wilton, inclui 12 discos com desenhos diferentes.<\/p>\n","protected":false},"featured_media":350337,"comment_status":"open","ping_status":"closed","template":"","meta":{"_acf_changed":false},"pwb-brand":[],"product_brand":[],"product_cat":[1852,3106,1820,3124,2907,1823,2920,3087,2921,1849,1866,1858,2924,3231,1994,1767],"product_tag":[],"class_list":{"0":"post-388729","1":"product","2":"type-product","3":"status-publish","4":"has-post-thumbnail","6":"product_cat-san-valentin","7":"product_cat-basicos-de-pastelaria","8":"product_cat-basicos","9":"product_cat-ferramentas-de-corte-e-modelacao-2","10":"product_cat-festas","11":"product_cat-herramientas-corte-y-modelado","12":"product_cat-natal-2","13":"product_cat-ordem-e-armazenamento","14":"product_cat-pascoa","15":"product_cat-fiestas","16":"product_cat-navidad","17":"product_cat-pascua","18":"product_cat-sao-valentim-2","19":"product_cat-utensilios-para-bolachas","20":"product_cat-utensilios-galletas","21":"product_cat-utensilios","23":"first","24":"outofstock","25":"taxable","26":"shipping-taxable","27":"purchasable","28":"product-type-simple"},"acf":[],"df_price":27.5,"df_sale_price":"","df_regular_price":27.5,"df_image_link":"https:\/\/glotomania.com\/wp-content\/uploads\/2025\/11\/img_18941_e7b3fbee317bb13d605ee5aa322933f5_1-24-300x300.jpg","brands":[],"_links":{"self":[{"href":"https:\/\/glotomania.com\/pt-pt\/wp-json\/wp\/v2\/product\/388729","targetHints":{"allow":["GET"]}}],"collection":[{"href":"https:\/\/glotomania.com\/pt-pt\/wp-json\/wp\/v2\/product"}],"about":[{"href":"https:\/\/glotomania.com\/pt-pt\/wp-json\/wp\/v2\/types\/product"}],"replies":[{"embeddable":true,"href":"https:\/\/glotomania.com\/pt-pt\/wp-json\/wp\/v2\/comments?post=388729"}],"wp:featuredmedia":[{"embeddable":true,"href":"https:\/\/glotomania.com\/pt-pt\/wp-json\/wp\/v2\/media\/350337"}],"wp:attachment":[{"href":"https:\/\/glotomania.com\/pt-pt\/wp-json\/wp\/v2\/media?parent=388729"}],"wp:term":[{"taxonomy":"pwb-brand","embeddable":true,"href":"https:\/\/glotomania.com\/pt-pt\/wp-json\/wp\/v2\/pwb-brand?post=388729"},{"taxonomy":"product_brand","embeddable":true,"href":"https:\/\/glotomania.com\/pt-pt\/wp-json\/wp\/v2\/product_brand?post=388729"},{"taxonomy":"product_cat","embeddable":true,"href":"https:\/\/glotomania.com\/pt-pt\/wp-json\/wp\/v2\/product_cat?post=388729"},{"taxonomy":"product_tag","embeddable":true,"href":"https:\/\/glotomania.com\/pt-pt\/wp-json\/wp\/v2\/product_tag?post=388729"}],"curies":[{"name":"wp","href":"https:\/\/api.w.org\/{rel}","templated":true}]}}