{"id":388730,"date":"2025-09-02T10:38:16","date_gmt":"2025-09-02T10:38:16","guid":{"rendered":"https:\/\/glotomania.com\/p\/perlas-de-azucar-funcakes-blancas-grandes-70-g-2\/"},"modified":"2026-04-28T19:38:57","modified_gmt":"2026-04-28T19:38:57","slug":"perlas-de-azucar-funcakes-blancas-grandes-70-g-2","status":"publish","type":"product","link":"https:\/\/glotomania.com\/pt-pt\/p\/perlas-de-azucar-funcakes-blancas-grandes-70-g-2\/","title":{"rendered":"P\u00c9rolas De A\u00c7\u00dacar Funcakes &#8211; Brancas (grande) 70 G"},"content":{"rendered":"<p>&nbsp;<\/p>\n<p><span style=\"font-size:14px\">Muitos toques decorativos s&atilde;o poss&iacute;veis com estas p&eacute;rolas de a&ccedil;&uacute;car, por exemplo, elas podem ser usadas como centro de uma flor ou como borda de um bolo.&nbsp;<\/span><\/p>\n<p><span style=\"font-size:14px\">Vem num pr&aacute;tico frasco dispensador.<\/span><\/p>\n","protected":false},"excerpt":{"rendered":"<p>P\u00e9rolas de a\u00e7\u00facar comest\u00edveis Funcakes , de cor branca, perfeitos para qualquer ocasi\u00e3o.<\/p>\n","protected":false},"featured_media":37780,"comment_status":"open","ping_status":"closed","template":"","meta":{"_acf_changed":false},"pwb-brand":[],"product_brand":[],"product_cat":[2908,2910,2911,2979,2982,2907,2997,2920,2921,2996,2924,3001,1852,1839,1840,1832,1901,1845,1888,1862,1885,1849,1866,1858],"product_tag":[],"class_list":{"0":"post-388730","1":"product","2":"type-product","3":"status-publish","4":"has-post-thumbnail","6":"product_cat-batizados","7":"product_cat-casamentos-2","8":"product_cat-comunhoes","9":"product_cat-decoracoes-comestiveis-2","10":"product_cat-decoracoes-de-acucar","11":"product_cat-festas","12":"product_cat-halal","13":"product_cat-natal-2","14":"product_cat-pascoa","15":"product_cat-produtos-vegetarianos","16":"product_cat-sao-valentim-2","17":"product_cat-sem-e-171-2","18":"product_cat-san-valentin","19":"product_cat-decoracion-comestible","20":"product_cat-decoraciones-azucar-comestibles","21":"product_cat-diestas-especiales","22":"product_cat-dieta-halal","23":"product_cat-dieta-sin-e-171","24":"product_cat-bodas","25":"product_cat-comuniones","26":"product_cat-bautizos","27":"product_cat-fiestas","28":"product_cat-navidad","29":"product_cat-pascua","31":"first","32":"instock","33":"taxable","34":"shipping-taxable","35":"purchasable","36":"product-type-simple"},"acf":[],"df_price":3.26,"df_sale_price":"","df_regular_price":3.26,"df_image_link":"https:\/\/glotomania.com\/wp-content\/uploads\/2023\/07\/img_18947_5f1ab19393c3d3e015c16a961ffe6b5d_1-300x300.png","brands":[],"_links":{"self":[{"href":"https:\/\/glotomania.com\/pt-pt\/wp-json\/wp\/v2\/product\/388730","targetHints":{"allow":["GET"]}}],"collection":[{"href":"https:\/\/glotomania.com\/pt-pt\/wp-json\/wp\/v2\/product"}],"about":[{"href":"https:\/\/glotomania.com\/pt-pt\/wp-json\/wp\/v2\/types\/product"}],"replies":[{"embeddable":true,"href":"https:\/\/glotomania.com\/pt-pt\/wp-json\/wp\/v2\/comments?post=388730"}],"wp:featuredmedia":[{"embeddable":true,"href":"https:\/\/glotomania.com\/pt-pt\/wp-json\/wp\/v2\/media\/37780"}],"wp:attachment":[{"href":"https:\/\/glotomania.com\/pt-pt\/wp-json\/wp\/v2\/media?parent=388730"}],"wp:term":[{"taxonomy":"pwb-brand","embeddable":true,"href":"https:\/\/glotomania.com\/pt-pt\/wp-json\/wp\/v2\/pwb-brand?post=388730"},{"taxonomy":"product_brand","embeddable":true,"href":"https:\/\/glotomania.com\/pt-pt\/wp-json\/wp\/v2\/product_brand?post=388730"},{"taxonomy":"product_cat","embeddable":true,"href":"https:\/\/glotomania.com\/pt-pt\/wp-json\/wp\/v2\/product_cat?post=388730"},{"taxonomy":"product_tag","embeddable":true,"href":"https:\/\/glotomania.com\/pt-pt\/wp-json\/wp\/v2\/product_tag?post=388730"}],"curies":[{"name":"wp","href":"https:\/\/api.w.org\/{rel}","templated":true}]}}