{"id":388736,"date":"2025-09-02T10:38:20","date_gmt":"2025-09-02T10:38:20","guid":{"rendered":"https:\/\/glotomania.com\/p\/lentejas-de-chocolate-funcakes-plata-brillante-80-g-2\/"},"modified":"2026-03-10T18:10:21","modified_gmt":"2026-03-10T18:10:21","slug":"lentejas-de-chocolate-funcakes-plata-brillante-80-g-2","status":"publish","type":"product","link":"https:\/\/glotomania.com\/pt-pt\/p\/lentejas-de-chocolate-funcakes-plata-brillante-80-g-2\/","title":{"rendered":"Funcakes Lentilhas De Chocolate &#8211; Prata Brilhante (80 G)"},"content":{"rendered":"","protected":false},"excerpt":{"rendered":"<p>Decora\u00e7\u00f5es em chocolate comest\u00edvel, perfeitas para dar um toque de brilho \u00e0s nossas cria\u00e7\u00f5es.<\/p>\n","protected":false},"featured_media":350341,"comment_status":"open","ping_status":"closed","template":"","meta":{"_acf_changed":false},"pwb-brand":[],"product_brand":[],"product_cat":[2979,2984,2997,2996,3001,1839,1890,1832,1901,1845],"product_tag":[],"class_list":{"0":"post-388736","1":"product","2":"type-product","3":"status-publish","4":"has-post-thumbnail","6":"product_cat-decoracoes-comestiveis-2","7":"product_cat-decoracoes-de-chocolate-2","8":"product_cat-halal","9":"product_cat-produtos-vegetarianos","10":"product_cat-sem-e-171-2","11":"product_cat-decoracion-comestible","12":"product_cat-chocolate-decorar","13":"product_cat-diestas-especiales","14":"product_cat-dieta-halal","15":"product_cat-dieta-sin-e-171","17":"first","18":"instock","19":"taxable","20":"shipping-taxable","21":"purchasable","22":"product-type-simple"},"acf":[],"df_price":4.95,"df_sale_price":"","df_regular_price":4.95,"df_image_link":"https:\/\/glotomania.com\/wp-content\/uploads\/2025\/11\/img_18971_9ded0824526e216916dbfd755a1b8c16_1-23-300x300.jpg","brands":[],"_links":{"self":[{"href":"https:\/\/glotomania.com\/pt-pt\/wp-json\/wp\/v2\/product\/388736","targetHints":{"allow":["GET"]}}],"collection":[{"href":"https:\/\/glotomania.com\/pt-pt\/wp-json\/wp\/v2\/product"}],"about":[{"href":"https:\/\/glotomania.com\/pt-pt\/wp-json\/wp\/v2\/types\/product"}],"replies":[{"embeddable":true,"href":"https:\/\/glotomania.com\/pt-pt\/wp-json\/wp\/v2\/comments?post=388736"}],"wp:featuredmedia":[{"embeddable":true,"href":"https:\/\/glotomania.com\/pt-pt\/wp-json\/wp\/v2\/media\/350341"}],"wp:attachment":[{"href":"https:\/\/glotomania.com\/pt-pt\/wp-json\/wp\/v2\/media?parent=388736"}],"wp:term":[{"taxonomy":"pwb-brand","embeddable":true,"href":"https:\/\/glotomania.com\/pt-pt\/wp-json\/wp\/v2\/pwb-brand?post=388736"},{"taxonomy":"product_brand","embeddable":true,"href":"https:\/\/glotomania.com\/pt-pt\/wp-json\/wp\/v2\/product_brand?post=388736"},{"taxonomy":"product_cat","embeddable":true,"href":"https:\/\/glotomania.com\/pt-pt\/wp-json\/wp\/v2\/product_cat?post=388736"},{"taxonomy":"product_tag","embeddable":true,"href":"https:\/\/glotomania.com\/pt-pt\/wp-json\/wp\/v2\/product_tag?post=388736"}],"curies":[{"name":"wp","href":"https:\/\/api.w.org\/{rel}","templated":true}]}}