{"id":388752,"date":"2025-09-02T10:38:41","date_gmt":"2025-09-02T10:38:41","guid":{"rendered":"https:\/\/glotomania.com\/p\/p-caduc-fondant-funcakes-rosa-viejo-250-g\/"},"modified":"2026-03-30T13:43:03","modified_gmt":"2026-03-30T13:43:03","slug":"p-caduc-fondant-funcakes-rosa-viejo-250-g","status":"publish","type":"product","link":"https:\/\/glotomania.com\/pt-pt\/p\/p-caduc-fondant-funcakes-rosa-viejo-250-g\/","title":{"rendered":"[p. Caduc.] Pasta De A\u00c7\u00dacar &#8211; Rosa Velho 250 G"},"content":{"rendered":"<p>&nbsp;<\/p>\n<div><span style=\"font-size: 14px\">Decore bolos, bolinhos e bolachas com este delicioso fondant FunCakes. O fondant, al&eacute;m de ser&nbsp;<strong>perfeitamente espalh&aacute;vel<\/strong>, pode ser utilizado como enchimento ou para decora&ccedil;&otilde;es, tem a consist&ecirc;ncia de um fondant normal.<\/span><\/div>\n<div>&nbsp;<\/div>\n<div><span style=\"font-size: 14px\">FunCakes fondant &eacute; perfeito para colorir com corantes alimentares. Deixar o fondant de p&eacute; durante uma hora ap&oacute;s a colora&ccedil;&atilde;o (coberto) para obter os melhores resultados. Amassar novamente o fondant antes do processamento.<\/span><\/div>\n<div><span style=\"font-size: 14px\">&nbsp;<\/span><\/div>\n<div><span style=\"font-size: 14px\">Gra&ccedil;as ao acabamento acetinado, o fondant FunCakes &eacute; perfeito para cobrir um bolo com arestas afiadas. Se quiser recortar formas, obter&aacute; recortes n&iacute;tidos e limpos.&nbsp;<\/span><\/div>\n<div>&nbsp;<\/div>\n<div><span style=\"font-size: 14px\">Para 250 g de fondant adicionar uma colher de ch&aacute; cheia de CMC e\/ou &aacute;gua, se necess&aacute;rio. Amassar bem antes de usar e espalhar sobre uma fina camada de a&ccedil;&uacute;car de confeiteiro.<\/span><\/div>\n<div><span style=\"font-size: 14px\">Para cobrir um&nbsp;<strong>bolo redondo<\/strong>&nbsp;com um di&acirc;metro de 24\/26 cm &eacute; necess&aacute;rio aproximadamente 600 g de fondant. Se quiser fazer&nbsp;<strong>decora&ccedil;&otilde;es&nbsp;<\/strong>como um arco, ent&atilde;o acrescente um pouco de CMC e\/ou &aacute;gua.<\/span><\/div>\n<div>&nbsp;<\/div>\n<div><span style=\"font-size: 14px\">&Eacute; recomendado seguir estes passos para obter um melhor resultado:<\/span><\/div>\n<div>&nbsp;<\/div>\n<ul>\n<li><span style=\"font-size: 14px\">Deixe o fondant chegar &agrave; temperatura ambiente.<\/span><\/li>\n<li><span style=\"font-size: 14px\">Amassar com firmeza at&eacute; ficar liso e el&aacute;stico.<\/span><\/li>\n<li><span style=\"font-size: 14px\">Revestir a superf&iacute;cie de trabalho com um pouco de a&ccedil;&uacute;car em p&oacute; e enrolar o fondant com um rolo de papel de rolagem para uma forma uniforme (2-3 mm de espessura). Vire o fondant cerca de um quarto do caminho para evitar que fique colado. Conseguiu uma borda rachada? Amassar bem de novo at&eacute; as extremidades estarem perfeitas quando o enrolar. Ent&atilde;o o fondant ser&aacute; perfeito para usar.<\/span><\/li>\n<\/ul>\n","protected":false},"excerpt":{"rendered":"<p>O fondant FunCakes \u00e9 muito flex\u00edvel, macio e f\u00e1cil de usar devido \u00e0 sua fina estrutura e maleabilidade.<\/p>\n","protected":false},"featured_media":350356,"comment_status":"open","ping_status":"closed","template":"","meta":{"_acf_changed":false},"pwb-brand":[],"product_brand":[],"product_cat":[2766,2997,2999,3007,3006,2996,3001,3004,1832,1847,2781,1881,2777,2774,2773,1901,1902,1845,1833],"product_tag":[],"class_list":{"0":"post-388752","1":"product","2":"type-product","3":"status-publish","4":"has-post-thumbnail","6":"product_cat-fondant-rosa","7":"product_cat-halal","8":"product_cat-kosher-2","9":"product_cat-pasta-de-acucar-funcakes","10":"product_cat-pastas-de-acucar-2","11":"product_cat-produtos-vegetarianos","12":"product_cat-sem-e-171-2","13":"product_cat-sem-gluten-2","14":"product_cat-diestas-especiales","15":"product_cat-fondant","16":"product_cat-fondant-250g","17":"product_cat-fondant-funcakes","18":"product_cat-fondant-halal","19":"product_cat-fondant-kosher","20":"product_cat-fondant-sin-gluten","21":"product_cat-dieta-halal","22":"product_cat-dieta-kosher","23":"product_cat-dieta-sin-e-171","24":"product_cat-dieta-sin-gluten","26":"first","27":"instock","28":"taxable","29":"shipping-taxable","30":"purchasable","31":"product-type-simple"},"acf":[],"df_price":2.02,"df_sale_price":"","df_regular_price":2.02,"df_image_link":"https:\/\/glotomania.com\/wp-content\/uploads\/2025\/11\/img_19055_556a8faa4af55aa31fe6ef5ac1a8ddef_1-25-300x300.jpg","brands":[],"_links":{"self":[{"href":"https:\/\/glotomania.com\/pt-pt\/wp-json\/wp\/v2\/product\/388752","targetHints":{"allow":["GET"]}}],"collection":[{"href":"https:\/\/glotomania.com\/pt-pt\/wp-json\/wp\/v2\/product"}],"about":[{"href":"https:\/\/glotomania.com\/pt-pt\/wp-json\/wp\/v2\/types\/product"}],"replies":[{"embeddable":true,"href":"https:\/\/glotomania.com\/pt-pt\/wp-json\/wp\/v2\/comments?post=388752"}],"wp:featuredmedia":[{"embeddable":true,"href":"https:\/\/glotomania.com\/pt-pt\/wp-json\/wp\/v2\/media\/350356"}],"wp:attachment":[{"href":"https:\/\/glotomania.com\/pt-pt\/wp-json\/wp\/v2\/media?parent=388752"}],"wp:term":[{"taxonomy":"pwb-brand","embeddable":true,"href":"https:\/\/glotomania.com\/pt-pt\/wp-json\/wp\/v2\/pwb-brand?post=388752"},{"taxonomy":"product_brand","embeddable":true,"href":"https:\/\/glotomania.com\/pt-pt\/wp-json\/wp\/v2\/product_brand?post=388752"},{"taxonomy":"product_cat","embeddable":true,"href":"https:\/\/glotomania.com\/pt-pt\/wp-json\/wp\/v2\/product_cat?post=388752"},{"taxonomy":"product_tag","embeddable":true,"href":"https:\/\/glotomania.com\/pt-pt\/wp-json\/wp\/v2\/product_tag?post=388752"}],"curies":[{"name":"wp","href":"https:\/\/api.w.org\/{rel}","templated":true}]}}