{"id":388753,"date":"2025-09-02T10:38:46","date_gmt":"2025-09-02T10:38:46","guid":{"rendered":"https:\/\/glotomania.com\/p\/preparado-funcakes-para-bizcocho-zanahoria-1-kg-2\/"},"modified":"2026-03-30T11:35:45","modified_gmt":"2026-03-30T11:35:45","slug":"preparado-funcakes-para-bizcocho-zanahoria-1-kg-2","status":"publish","type":"product","link":"https:\/\/glotomania.com\/pt-pt\/p\/preparado-funcakes-para-bizcocho-zanahoria-1-kg-2\/","title":{"rendered":"Prepara\u00c7\u00c3o De Bolo De Cenoura Funcakes 1 Kg"},"content":{"rendered":"<p>&nbsp;<\/p>\n<p><span style=\"color:#000000\"><strong><span style=\"font-size:14px\">Instru&ccedil;&otilde;es de utiliza&ccedil;&atilde;o:&nbsp;<\/span><\/strong><\/span><\/p>\n<p><span style=\"color:#000000\"><span style=\"font-size:14px\">Os ingredientes devem estar &agrave; temperatura ambiente.<\/span><\/span><\/p>\n<p><span style=\"color:#000000\"><span style=\"font-size:14px\">Pr&eacute;-aquecer o forno a 175&ordm;C (ou 160&ordm;C se este tiver ventilador). Misturar 500 g da mistura com 80 ml de &aacute;gua, 3 ovos (150 g), 150 ml de &oacute;leo de girassol (140 g) e 150 g de cenouras raladas. Se desejar, pode tamb&eacute;m adicionar algumas nozes ou sultanas picadas. Bater durante 5 minutos e verter para uma forma untada de 22 cm de di&acirc;metro e cozer no forno durante 50-60 minutos.<\/span><\/span><\/p>\n<p><span style=\"color:#000000\"><span style=\"font-size:14px\">Tamb&eacute;m pode utiliz&aacute;-lo para fazer bolos deliciosos: cozer durante aproximadamente<strong> 25 minutos.<\/strong><\/span><\/span><\/p>\n","protected":false},"excerpt":{"rendered":"<p>Prepara\u00e7\u00e3o de funcakes com os quais pode facilmente fazer o seu pr\u00f3prio bolo de cenoura com um sabor espectacular.<\/p>\n","protected":false},"featured_media":347731,"comment_status":"open","ping_status":"closed","template":"","meta":{"_acf_changed":false},"pwb-brand":[],"product_brand":[],"product_cat":[2997,3054,2996,3001,1832,1901,1845,1854],"product_tag":[],"class_list":{"0":"post-388753","1":"product","2":"type-product","3":"status-publish","4":"has-post-thumbnail","6":"product_cat-halal","7":"product_cat-preparados-de-pastelaria-2","8":"product_cat-produtos-vegetarianos","9":"product_cat-sem-e-171-2","10":"product_cat-diestas-especiales","11":"product_cat-dieta-halal","12":"product_cat-dieta-sin-e-171","13":"product_cat-preparados","15":"first","16":"instock","17":"taxable","18":"shipping-taxable","19":"purchasable","20":"product-type-simple"},"acf":[],"df_price":6.83,"df_sale_price":"","df_regular_price":6.83,"df_image_link":"https:\/\/glotomania.com\/wp-content\/uploads\/2025\/11\/img_19063_39a3ef3e0e03f108230d5c6b91370bc0_1-25-300x300.jpg","brands":[],"_links":{"self":[{"href":"https:\/\/glotomania.com\/pt-pt\/wp-json\/wp\/v2\/product\/388753","targetHints":{"allow":["GET"]}}],"collection":[{"href":"https:\/\/glotomania.com\/pt-pt\/wp-json\/wp\/v2\/product"}],"about":[{"href":"https:\/\/glotomania.com\/pt-pt\/wp-json\/wp\/v2\/types\/product"}],"replies":[{"embeddable":true,"href":"https:\/\/glotomania.com\/pt-pt\/wp-json\/wp\/v2\/comments?post=388753"}],"wp:featuredmedia":[{"embeddable":true,"href":"https:\/\/glotomania.com\/pt-pt\/wp-json\/wp\/v2\/media\/347731"}],"wp:attachment":[{"href":"https:\/\/glotomania.com\/pt-pt\/wp-json\/wp\/v2\/media?parent=388753"}],"wp:term":[{"taxonomy":"pwb-brand","embeddable":true,"href":"https:\/\/glotomania.com\/pt-pt\/wp-json\/wp\/v2\/pwb-brand?post=388753"},{"taxonomy":"product_brand","embeddable":true,"href":"https:\/\/glotomania.com\/pt-pt\/wp-json\/wp\/v2\/product_brand?post=388753"},{"taxonomy":"product_cat","embeddable":true,"href":"https:\/\/glotomania.com\/pt-pt\/wp-json\/wp\/v2\/product_cat?post=388753"},{"taxonomy":"product_tag","embeddable":true,"href":"https:\/\/glotomania.com\/pt-pt\/wp-json\/wp\/v2\/product_tag?post=388753"}],"curies":[{"name":"wp","href":"https:\/\/api.w.org\/{rel}","templated":true}]}}