{"id":388756,"date":"2025-09-02T10:38:48","date_gmt":"2025-09-02T10:38:48","guid":{"rendered":"https:\/\/glotomania.com\/p\/sprinkles-funcakes-estrellas-oro-60-g-2\/"},"modified":"2026-03-10T18:11:21","modified_gmt":"2026-03-10T18:11:21","slug":"sprinkles-funcakes-estrellas-oro-60-g-2","status":"publish","type":"product","link":"https:\/\/glotomania.com\/pt-pt\/p\/sprinkles-funcakes-estrellas-oro-60-g-2\/","title":{"rendered":"Sprinkles Funcakes &#8211; Estrelas Douradas (60 G)"},"content":{"rendered":"","protected":false},"excerpt":{"rendered":"<p>Decora\u00e7\u00f5es comest\u00edveis de funcakes, ideais para dar um toque de brilho \u00e0s nossas cria\u00e7\u00f5es.<\/p>\n","protected":false},"featured_media":350376,"comment_status":"open","ping_status":"closed","template":"","meta":{"_acf_changed":false},"pwb-brand":[],"product_brand":[],"product_cat":[1839,1840,2979,2982,1832,2907,1845,2920,2996,1849,1866,3001],"product_tag":[],"class_list":{"0":"post-388756","1":"product","2":"type-product","3":"status-publish","4":"has-post-thumbnail","6":"product_cat-decoracion-comestible","7":"product_cat-decoraciones-azucar-comestibles","8":"product_cat-decoracoes-comestiveis-2","9":"product_cat-decoracoes-de-acucar","10":"product_cat-diestas-especiales","11":"product_cat-festas","12":"product_cat-dieta-sin-e-171","13":"product_cat-natal-2","14":"product_cat-produtos-vegetarianos","15":"product_cat-fiestas","16":"product_cat-navidad","17":"product_cat-sem-e-171-2","19":"first","20":"instock","21":"taxable","22":"shipping-taxable","23":"purchasable","24":"product-type-simple"},"acf":[],"df_price":3.74,"df_sale_price":"","df_regular_price":3.74,"df_image_link":"https:\/\/glotomania.com\/wp-content\/uploads\/2025\/11\/img_19070_c950ecdbd8a8cb12047e9052a44a66b8_1-34-300x300.jpg","brands":[],"_links":{"self":[{"href":"https:\/\/glotomania.com\/pt-pt\/wp-json\/wp\/v2\/product\/388756","targetHints":{"allow":["GET"]}}],"collection":[{"href":"https:\/\/glotomania.com\/pt-pt\/wp-json\/wp\/v2\/product"}],"about":[{"href":"https:\/\/glotomania.com\/pt-pt\/wp-json\/wp\/v2\/types\/product"}],"replies":[{"embeddable":true,"href":"https:\/\/glotomania.com\/pt-pt\/wp-json\/wp\/v2\/comments?post=388756"}],"wp:featuredmedia":[{"embeddable":true,"href":"https:\/\/glotomania.com\/pt-pt\/wp-json\/wp\/v2\/media\/350376"}],"wp:attachment":[{"href":"https:\/\/glotomania.com\/pt-pt\/wp-json\/wp\/v2\/media?parent=388756"}],"wp:term":[{"taxonomy":"pwb-brand","embeddable":true,"href":"https:\/\/glotomania.com\/pt-pt\/wp-json\/wp\/v2\/pwb-brand?post=388756"},{"taxonomy":"product_brand","embeddable":true,"href":"https:\/\/glotomania.com\/pt-pt\/wp-json\/wp\/v2\/product_brand?post=388756"},{"taxonomy":"product_cat","embeddable":true,"href":"https:\/\/glotomania.com\/pt-pt\/wp-json\/wp\/v2\/product_cat?post=388756"},{"taxonomy":"product_tag","embeddable":true,"href":"https:\/\/glotomania.com\/pt-pt\/wp-json\/wp\/v2\/product_tag?post=388756"}],"curies":[{"name":"wp","href":"https:\/\/api.w.org\/{rel}","templated":true}]}}