{"id":388759,"date":"2025-09-02T10:38:50","date_gmt":"2025-09-02T10:38:50","guid":{"rendered":"https:\/\/glotomania.com\/p\/colorante-en-polvo-mate-rainbow-dust-moss-green-verde-musgo-2\/"},"modified":"2026-03-30T14:53:19","modified_gmt":"2026-03-30T14:53:19","slug":"colorante-en-polvo-mate-rainbow-dust-moss-green-verde-musgo-2","status":"publish","type":"product","link":"https:\/\/glotomania.com\/pt-pt\/p\/colorante-en-polvo-mate-rainbow-dust-moss-green-verde-musgo-2\/","title":{"rendered":"Corante Em P\u00d3 Mate Rainbow Dust &#8211; Moss Green \/ Verde Musgo"},"content":{"rendered":"<p>&nbsp;<\/p>\n<p><span style=\"font-size:14px\">Corante em p&oacute; 100% comest&iacute;vel Rainbow Dust, perfeito para adicionar detalhes de cor <strong>mate <\/strong>aos seus bolos e decora&ccedil;&otilde;es. Pode usar uma escova, ou polvilh&aacute;-la directamente na sua confec&ccedil;&atilde;o de bolos.<\/span><\/p>\n<p><span style=\"font-size:14px\">Tamb&eacute;m pode ser usada para fazer a sua pr&oacute;pria <strong>tinta comest&iacute;vel<\/strong>, basta mistur&aacute;-la com &aacute;lcool alimentar branco.<\/span><\/p>\n<p><span style=\"font-size:14px\">Dependendo do tamanho das part&iacute;culas da mat&eacute;ria-prima, o conte&uacute;do pode variar de 2 a 5 g.<\/span><\/p>\n","protected":false},"excerpt":{"rendered":"<p>Lindo p\u00f3 fosco intenso Rainbow Dust, para adicionar cor e textura \u00e0s nossas cria\u00e7\u00f5es comest\u00edveis.<\/p>\n","protected":false},"featured_media":347741,"comment_status":"open","ping_status":"closed","template":"","meta":{"_acf_changed":false},"pwb-brand":[],"product_brand":[],"product_cat":[1835,1894,2953,2961,1832,2907,2917,1902,1845,2999,2921,2996,1849,1863,1858,3001],"product_tag":[],"class_list":{"0":"post-388759","1":"product","2":"type-product","3":"status-publish","4":"has-post-thumbnail","6":"product_cat-colorantes","7":"product_cat-colorantes-polvo","8":"product_cat-corantes-e-pinturas","9":"product_cat-corantes-em-po-2","10":"product_cat-diestas-especiales","11":"product_cat-festas","12":"product_cat-halloween","13":"product_cat-dieta-kosher","14":"product_cat-dieta-sin-e-171","15":"product_cat-kosher-2","16":"product_cat-pascoa","17":"product_cat-produtos-vegetarianos","18":"product_cat-fiestas","20":"product_cat-pascua","21":"product_cat-sem-e-171-2","23":"first","24":"instock","25":"taxable","26":"shipping-taxable","27":"purchasable","28":"product-type-simple"},"acf":[],"df_price":2.93,"df_sale_price":"","df_regular_price":2.93,"df_image_link":"https:\/\/glotomania.com\/wp-content\/uploads\/2025\/11\/img_19094_6f10674eaa9b83044832af5e8c198c0b_1-22-300x300.jpg","brands":[],"_links":{"self":[{"href":"https:\/\/glotomania.com\/pt-pt\/wp-json\/wp\/v2\/product\/388759","targetHints":{"allow":["GET"]}}],"collection":[{"href":"https:\/\/glotomania.com\/pt-pt\/wp-json\/wp\/v2\/product"}],"about":[{"href":"https:\/\/glotomania.com\/pt-pt\/wp-json\/wp\/v2\/types\/product"}],"replies":[{"embeddable":true,"href":"https:\/\/glotomania.com\/pt-pt\/wp-json\/wp\/v2\/comments?post=388759"}],"wp:featuredmedia":[{"embeddable":true,"href":"https:\/\/glotomania.com\/pt-pt\/wp-json\/wp\/v2\/media\/347741"}],"wp:attachment":[{"href":"https:\/\/glotomania.com\/pt-pt\/wp-json\/wp\/v2\/media?parent=388759"}],"wp:term":[{"taxonomy":"pwb-brand","embeddable":true,"href":"https:\/\/glotomania.com\/pt-pt\/wp-json\/wp\/v2\/pwb-brand?post=388759"},{"taxonomy":"product_brand","embeddable":true,"href":"https:\/\/glotomania.com\/pt-pt\/wp-json\/wp\/v2\/product_brand?post=388759"},{"taxonomy":"product_cat","embeddable":true,"href":"https:\/\/glotomania.com\/pt-pt\/wp-json\/wp\/v2\/product_cat?post=388759"},{"taxonomy":"product_tag","embeddable":true,"href":"https:\/\/glotomania.com\/pt-pt\/wp-json\/wp\/v2\/product_tag?post=388759"}],"curies":[{"name":"wp","href":"https:\/\/api.w.org\/{rel}","templated":true}]}}