{"id":388764,"date":"2025-09-02T10:38:53","date_gmt":"2025-09-02T10:38:53","guid":{"rendered":"https:\/\/glotomania.com\/p\/guantes-de-nitrilo-rubberex-negros-m-medianos-35-g-2\/"},"modified":"2026-04-21T10:56:25","modified_gmt":"2026-04-21T10:56:25","slug":"guantes-de-nitrilo-rubberex-negros-m-medianos-35-g-2","status":"publish","type":"product","link":"https:\/\/glotomania.com\/pt-pt\/p\/guantes-de-nitrilo-rubberex-negros-m-medianos-35-g-2\/","title":{"rendered":"Luvas Em Nitrilo Rubberex Preto &#8211; M (medium) 3,5 G"},"content":{"rendered":"<ul>\n<li><span style=\"font-size: 14px\">N&atilde;o cont&eacute;m prote&iacute;na de l&aacute;tex, por isso &eacute; adequado para pessoas al&eacute;rgicas ao l&aacute;tex.<\/span><\/li>\n<li><span style=\"font-size: 14px\">Sem p&oacute; no interior.<\/span><\/li>\n<li><span style=\"font-size: 14px\">Utiliza&ccedil;&atilde;o &uacute;nica, ambidextra.<\/span><\/li>\n<li><span style=\"font-size: 14px\">Acabamento: punho com jante, protec&ccedil;&atilde;o contra derrames.<\/span><\/li>\n<li><span style=\"font-size: 14px\">Pontas texturizadas, facilitando a ader&ecirc;ncia.<\/span><\/li>\n<li><span style=\"font-size: 14px\">Elevada resist&ecirc;ncia e durabilidade.<\/span><\/li>\n<li><span style=\"font-size: 14px\">Flexibilidade e adaptabilidade.<\/span><\/li>\n<\/ul>\n<table align=\"center\" border=\"1\" cellpadding=\"1\" cellspacing=\"1\" style=\"width: 500px\">\n<tbody>\n<tr>\n<td style=\"text-align: center\"><strong>TAMANHO DA LUVA<\/strong><\/td>\n<td style=\"text-align: center\"><font color=\"#000000\"><span style=\"font-size: 14px\">M<\/span><\/font><\/td>\n<\/tr>\n<tr>\n<td style=\"text-align: center\"><strong>LARGURA DA PALM<\/strong><\/td>\n<td style=\"text-align: center\"><span><span style=\"font-size: 14px\">95 +\/- 5 MM<\/span><\/span><\/td>\n<\/tr>\n<tr>\n<td style=\"text-align: center\"><strong>COMPRIMENTO<\/strong><\/td>\n<td style=\"text-align: center\"><span><span style=\"font-size: 14px\">M&Iacute;N. 240 MM<\/span><\/span><\/td>\n<\/tr>\n<tr>\n<td style=\"text-align: center\"><strong>ESPESSURA DA PALMA MM (+\/- 0,02)<\/strong><\/td>\n<td style=\"text-align: center\"><span><span style=\"font-size: 14px\">0.07 MM<\/span><\/span><\/td>\n<\/tr>\n<tr>\n<td style=\"text-align: center\"><strong>ESPESSURA DO DEDO MM (+\/- 0,02)&nbsp;<\/strong><\/td>\n<td style=\"text-align: center\"><span><span style=\"font-size: 14px\">0.11 MM<\/span><\/span><\/td>\n<\/tr>\n<tr>\n<td style=\"text-align: center\"><strong>ESPESSURA DO MANGUITO MM (+\/- 0,02)<\/strong><\/td>\n<td style=\"text-align: center\"><span><span style=\"font-size: 14px\">0.06 MM<\/span><\/span><\/td>\n<\/tr>\n<tr>\n<td style=\"text-align: center\"><strong>PESO G (+\/- 0,03)&nbsp;<\/strong><\/td>\n<td style=\"text-align: center\"><span><span style=\"font-size: 14px\">3.5 G<\/span><\/span><\/td>\n<\/tr>\n<\/tbody>\n<\/table>\n","protected":false},"excerpt":{"rendered":"<p>Caixa de 100 luvas descart\u00e1veis em nitrilo preto, altamente flex\u00edveis e adapt\u00e1veis. Sem l\u00e1tex.<\/p>\n","protected":false},"featured_media":350369,"comment_status":"open","ping_status":"closed","template":"","meta":{"_acf_changed":false},"pwb-brand":[],"product_brand":[],"product_cat":[3106,3122,3087,1820,1950,1767],"product_tag":[],"class_list":{"0":"post-388764","1":"product","2":"type-product","3":"status-publish","4":"has-post-thumbnail","6":"product_cat-basicos-de-pastelaria","7":"product_cat-luvas-de-nitrilo-2","8":"product_cat-ordem-e-armazenamento","9":"product_cat-basicos","10":"product_cat-guantes-nitrilo","11":"product_cat-utensilios","13":"first","14":"instock","15":"taxable","16":"shipping-taxable","17":"purchasable","18":"product-type-simple"},"acf":[],"df_price":6.5,"df_sale_price":"","df_regular_price":6.5,"df_image_link":"https:\/\/glotomania.com\/wp-content\/uploads\/2025\/11\/img_19150_266144c4ab07b13cc544a6c6f11aa90d_1-32-300x300.jpg","brands":[],"_links":{"self":[{"href":"https:\/\/glotomania.com\/pt-pt\/wp-json\/wp\/v2\/product\/388764","targetHints":{"allow":["GET"]}}],"collection":[{"href":"https:\/\/glotomania.com\/pt-pt\/wp-json\/wp\/v2\/product"}],"about":[{"href":"https:\/\/glotomania.com\/pt-pt\/wp-json\/wp\/v2\/types\/product"}],"replies":[{"embeddable":true,"href":"https:\/\/glotomania.com\/pt-pt\/wp-json\/wp\/v2\/comments?post=388764"}],"wp:featuredmedia":[{"embeddable":true,"href":"https:\/\/glotomania.com\/pt-pt\/wp-json\/wp\/v2\/media\/350369"}],"wp:attachment":[{"href":"https:\/\/glotomania.com\/pt-pt\/wp-json\/wp\/v2\/media?parent=388764"}],"wp:term":[{"taxonomy":"pwb-brand","embeddable":true,"href":"https:\/\/glotomania.com\/pt-pt\/wp-json\/wp\/v2\/pwb-brand?post=388764"},{"taxonomy":"product_brand","embeddable":true,"href":"https:\/\/glotomania.com\/pt-pt\/wp-json\/wp\/v2\/product_brand?post=388764"},{"taxonomy":"product_cat","embeddable":true,"href":"https:\/\/glotomania.com\/pt-pt\/wp-json\/wp\/v2\/product_cat?post=388764"},{"taxonomy":"product_tag","embeddable":true,"href":"https:\/\/glotomania.com\/pt-pt\/wp-json\/wp\/v2\/product_tag?post=388764"}],"curies":[{"name":"wp","href":"https:\/\/api.w.org\/{rel}","templated":true}]}}