{"id":388768,"date":"2025-09-02T10:38:55","date_gmt":"2025-09-02T10:38:55","guid":{"rendered":"https:\/\/glotomania.com\/p\/boquilla-saint-honore-silikomart-grande-2\/"},"modified":"2026-04-15T00:21:12","modified_gmt":"2026-04-15T00:21:12","slug":"boquilla-saint-honore-silikomart-grande-2","status":"publish","type":"product","link":"https:\/\/glotomania.com\/pt-pt\/p\/boquilla-saint-honore-silikomart-grande-2\/","title":{"rendered":"Bico &#8220;saint Honor\u00c9&#8221; Silikomart &#8211; Grande"},"content":{"rendered":"<p>&nbsp;<\/p>\n<p><span style=\"font-size:14px\">O bolo Saint Honor&eacute; consiste numa base de massa folhada coberta com creme de pastelaria, na qual s&atilde;o colocados &quot;eclairs ou profiteroles&quot; recheados &agrave; volta do bolo, cobrindo o centro com creme batido.<\/span><\/p>\n<p><span style=\"font-size:14px\">Bico feito de a&ccedil;o inoxid&aacute;vel, adequado para uso alimentar.<\/span><\/p>\n<p><span style=\"font-size:14px\"><strong>Dimens&otilde;es aproximadas:<\/strong> &Oslash; 1,5 cm &#8211; Altura 4,6 cm.<\/span><\/p>\n","protected":false},"excerpt":{"rendered":"<p>Bico em a\u00e7o inoxid\u00e1vel Silikomart St. Honor\u00e9, ideal para o t\u00edpico bolo franc\u00eas &#8220;Saint-Honor\u00e9&#8221;.<\/p>\n","protected":false},"featured_media":350371,"comment_status":"open","ping_status":"closed","template":"","meta":{"_acf_changed":false},"pwb-brand":[],"product_brand":[],"product_cat":[1770,3087,3157,1767],"product_tag":[],"class_list":{"0":"post-388768","1":"product","2":"type-product","3":"status-publish","4":"has-post-thumbnail","6":"product_cat-boquilas","7":"product_cat-ordem-e-armazenamento","8":"product_cat-sets-de-bicos","9":"product_cat-utensilios","11":"first","12":"instock","13":"taxable","14":"shipping-taxable","15":"purchasable","16":"product-type-simple"},"acf":[],"df_price":5.5,"df_sale_price":3.85,"df_regular_price":5.5,"df_image_link":"https:\/\/glotomania.com\/wp-content\/uploads\/2025\/11\/img_19164_d92987e1049bbd4766b68d0658bca9d4_1-26-300x300.jpg","brands":[],"_links":{"self":[{"href":"https:\/\/glotomania.com\/pt-pt\/wp-json\/wp\/v2\/product\/388768","targetHints":{"allow":["GET"]}}],"collection":[{"href":"https:\/\/glotomania.com\/pt-pt\/wp-json\/wp\/v2\/product"}],"about":[{"href":"https:\/\/glotomania.com\/pt-pt\/wp-json\/wp\/v2\/types\/product"}],"replies":[{"embeddable":true,"href":"https:\/\/glotomania.com\/pt-pt\/wp-json\/wp\/v2\/comments?post=388768"}],"wp:featuredmedia":[{"embeddable":true,"href":"https:\/\/glotomania.com\/pt-pt\/wp-json\/wp\/v2\/media\/350371"}],"wp:attachment":[{"href":"https:\/\/glotomania.com\/pt-pt\/wp-json\/wp\/v2\/media?parent=388768"}],"wp:term":[{"taxonomy":"pwb-brand","embeddable":true,"href":"https:\/\/glotomania.com\/pt-pt\/wp-json\/wp\/v2\/pwb-brand?post=388768"},{"taxonomy":"product_brand","embeddable":true,"href":"https:\/\/glotomania.com\/pt-pt\/wp-json\/wp\/v2\/product_brand?post=388768"},{"taxonomy":"product_cat","embeddable":true,"href":"https:\/\/glotomania.com\/pt-pt\/wp-json\/wp\/v2\/product_cat?post=388768"},{"taxonomy":"product_tag","embeddable":true,"href":"https:\/\/glotomania.com\/pt-pt\/wp-json\/wp\/v2\/product_tag?post=388768"}],"curies":[{"name":"wp","href":"https:\/\/api.w.org\/{rel}","templated":true}]}}