{"id":388769,"date":"2025-09-02T10:38:55","date_gmt":"2025-09-02T10:38:55","guid":{"rendered":"https:\/\/glotomania.com\/p\/caja-para-regalos-kraft-23-x-13-cm-9-cm-h-2\/"},"modified":"2026-03-10T18:11:47","modified_gmt":"2026-03-10T18:11:47","slug":"caja-para-regalos-kraft-23-x-13-cm-9-cm-h-2","status":"publish","type":"product","link":"https:\/\/glotomania.com\/pt-pt\/p\/caja-para-regalos-kraft-23-x-13-cm-9-cm-h-2\/","title":{"rendered":"Caixa Kraft &#8211; 23 X 13 Cm &#8211; (9 Cm H)"},"content":{"rendered":"<p>&nbsp;<\/p>\n<p><span style=\"font-size:14px\">Feito de papel&atilde;o micro-ondulado natural n&atilde;o impresso, adequado para uso alimentar.<\/span><\/p>\n<p><span style=\"font-size:14px\">Com fecho refor&ccedil;ado gra&ccedil;as &agrave;s suas abas laterais.<\/span><\/p>\n<p><span style=\"font-size:14px\"><strong>Medidas: <\/strong>23 x 13 cm &#8211; Altura 9 cm.<\/span><\/p>\n","protected":false},"excerpt":{"rendered":"<p>Caixa de cart\u00e3o natural micro-ondulado kraft n\u00e3o impresso, ideal para com\u00e9rcio electr\u00f3nico e presentes.<\/p>\n","protected":false},"featured_media":350373,"comment_status":"open","ping_status":"closed","template":"","meta":{"_acf_changed":false},"pwb-brand":[],"product_brand":[],"product_cat":[3158,3168,1785,1782,3087,1767],"product_tag":[],"class_list":{"0":"post-388769","1":"product","2":"type-product","3":"status-publish","4":"has-post-thumbnail","6":"product_cat-caixas-de-pastelaria","7":"product_cat-caixas-para-bolachas-2","8":"product_cat-cajas-galletas","9":"product_cat-cajas","10":"product_cat-ordem-e-armazenamento","11":"product_cat-utensilios","13":"first","14":"instock","15":"taxable","16":"shipping-taxable","17":"purchasable","18":"product-type-simple"},"acf":[],"df_price":1.95,"df_sale_price":"","df_regular_price":1.95,"df_image_link":"https:\/\/glotomania.com\/wp-content\/uploads\/2025\/11\/img_19166_07ba647ce18c86df0d08c361964c1cab_1-25-300x300.jpg","brands":[],"_links":{"self":[{"href":"https:\/\/glotomania.com\/pt-pt\/wp-json\/wp\/v2\/product\/388769","targetHints":{"allow":["GET"]}}],"collection":[{"href":"https:\/\/glotomania.com\/pt-pt\/wp-json\/wp\/v2\/product"}],"about":[{"href":"https:\/\/glotomania.com\/pt-pt\/wp-json\/wp\/v2\/types\/product"}],"replies":[{"embeddable":true,"href":"https:\/\/glotomania.com\/pt-pt\/wp-json\/wp\/v2\/comments?post=388769"}],"wp:featuredmedia":[{"embeddable":true,"href":"https:\/\/glotomania.com\/pt-pt\/wp-json\/wp\/v2\/media\/350373"}],"wp:attachment":[{"href":"https:\/\/glotomania.com\/pt-pt\/wp-json\/wp\/v2\/media?parent=388769"}],"wp:term":[{"taxonomy":"pwb-brand","embeddable":true,"href":"https:\/\/glotomania.com\/pt-pt\/wp-json\/wp\/v2\/pwb-brand?post=388769"},{"taxonomy":"product_brand","embeddable":true,"href":"https:\/\/glotomania.com\/pt-pt\/wp-json\/wp\/v2\/product_brand?post=388769"},{"taxonomy":"product_cat","embeddable":true,"href":"https:\/\/glotomania.com\/pt-pt\/wp-json\/wp\/v2\/product_cat?post=388769"},{"taxonomy":"product_tag","embeddable":true,"href":"https:\/\/glotomania.com\/pt-pt\/wp-json\/wp\/v2\/product_tag?post=388769"}],"curies":[{"name":"wp","href":"https:\/\/api.w.org\/{rel}","templated":true}]}}