{"id":388774,"date":"2025-09-02T10:38:58","date_gmt":"2025-09-02T10:38:58","guid":{"rendered":"https:\/\/glotomania.com\/p\/100-mangas-pasteleras-desechables-30-cm-2\/"},"modified":"2026-04-27T14:24:11","modified_gmt":"2026-04-27T14:24:11","slug":"100-mangas-pasteleras-desechables-30-cm-2","status":"publish","type":"product","link":"https:\/\/glotomania.com\/pt-pt\/p\/100-mangas-pasteleras-desechables-30-cm-2\/","title":{"rendered":"100 Sacos De Pasteleiro Descartaveis &#8211; 30 Cm"},"content":{"rendered":"<p>&nbsp;<\/p>\n<p><span style=\"color:#000000\"><span style=\"font-size:14px\">Realizado a partir de um <strong>filme especial co-extrudido<\/strong> constitu&iacute;do por 3 camadas diferentes:<\/span><\/span><\/p>\n<ul>\n<li><span style=\"color:#000000\"><span style=\"font-size:14px\">Camada exterior &#8211; superf&iacute;cie mais &aacute;spera, adequada para o manuseamento do saco.<\/span><\/span><\/li>\n<li><span style=\"color:#000000\"><span style=\"font-size:14px\">Camada interm&eacute;dia &#8211; proporciona uma for&ccedil;a inigual&aacute;vel e actua como uma &quot;barreira&quot; entre as camadas externas e internas.<\/span><\/span><\/li>\n<li><span style=\"color:#000000\"><span style=\"font-size:14px\">Camada interior &#8211; com uma pel&iacute;cula muito mais escorregadia para facilitar o deslizamento e liberta&ccedil;&atilde;o do composto.<\/span><\/span><\/li>\n<\/ul>\n<p><span style=\"color:#000000\"><span style=\"font-size:14px\">Tem uma<u> junta de veda&ccedil;&atilde;o dupla<\/u>, o que a torna altamente resistente.&nbsp;<\/span><\/span><\/p>\n<p><span style=\"color:#000000\"><span style=\"font-size:14px\">Fabricado em <strong>polietileno <\/strong>coextrudido de baixa densidade, adequado para uso alimentar.<\/span><\/span><\/p>\n<p><span style=\"color:#000000\"><span style=\"font-size:14px\"><strong>Medidas<\/strong>: Comprimento 30 cm.<\/span><\/span><\/p>\n","protected":false},"excerpt":{"rendered":"<p>Inclui 100 sacos de pastelaria transparentes feitos de material multi-camadas 100% recicl\u00e1vel. Altamente resistente gra\u00e7as \u00e0 sua dupla veda\u00e7\u00e3o.<\/p>\n","protected":false},"featured_media":62180,"comment_status":"open","ping_status":"closed","template":"","meta":{"_acf_changed":false},"pwb-brand":[],"product_brand":[],"product_cat":[3106,1820,1883,3087,3126,1767],"product_tag":[],"class_list":{"0":"post-388774","1":"product","2":"type-product","3":"status-publish","4":"has-post-thumbnail","6":"product_cat-basicos-de-pastelaria","7":"product_cat-basicos","8":"product_cat-mangas-pasteleras","9":"product_cat-ordem-e-armazenamento","10":"product_cat-sacos-de-pasteleiro-e-acessorios-2","11":"product_cat-utensilios","13":"first","14":"instock","15":"taxable","16":"shipping-taxable","17":"purchasable","18":"product-type-simple"},"acf":[],"df_price":9.95,"df_sale_price":"","df_regular_price":9.95,"df_image_link":"https:\/\/glotomania.com\/wp-content\/uploads\/2023\/07\/img_26406_da4c28a981268edfe3553ff80d9fc2f5_1-300x300.jpg","brands":[],"_links":{"self":[{"href":"https:\/\/glotomania.com\/pt-pt\/wp-json\/wp\/v2\/product\/388774","targetHints":{"allow":["GET"]}}],"collection":[{"href":"https:\/\/glotomania.com\/pt-pt\/wp-json\/wp\/v2\/product"}],"about":[{"href":"https:\/\/glotomania.com\/pt-pt\/wp-json\/wp\/v2\/types\/product"}],"replies":[{"embeddable":true,"href":"https:\/\/glotomania.com\/pt-pt\/wp-json\/wp\/v2\/comments?post=388774"}],"wp:featuredmedia":[{"embeddable":true,"href":"https:\/\/glotomania.com\/pt-pt\/wp-json\/wp\/v2\/media\/62180"}],"wp:attachment":[{"href":"https:\/\/glotomania.com\/pt-pt\/wp-json\/wp\/v2\/media?parent=388774"}],"wp:term":[{"taxonomy":"pwb-brand","embeddable":true,"href":"https:\/\/glotomania.com\/pt-pt\/wp-json\/wp\/v2\/pwb-brand?post=388774"},{"taxonomy":"product_brand","embeddable":true,"href":"https:\/\/glotomania.com\/pt-pt\/wp-json\/wp\/v2\/product_brand?post=388774"},{"taxonomy":"product_cat","embeddable":true,"href":"https:\/\/glotomania.com\/pt-pt\/wp-json\/wp\/v2\/product_cat?post=388774"},{"taxonomy":"product_tag","embeddable":true,"href":"https:\/\/glotomania.com\/pt-pt\/wp-json\/wp\/v2\/product_tag?post=388774"}],"curies":[{"name":"wp","href":"https:\/\/api.w.org\/{rel}","templated":true}]}}