{"id":388776,"date":"2025-09-02T10:38:59","date_gmt":"2025-09-02T10:38:59","guid":{"rendered":"https:\/\/glotomania.com\/p\/molde-para-muffins-recipe-right-wilton-12-cavidades-2\/"},"modified":"2026-04-15T17:39:14","modified_gmt":"2026-04-15T17:39:14","slug":"molde-para-muffins-recipe-right-wilton-12-cavidades-2","status":"publish","type":"product","link":"https:\/\/glotomania.com\/pt-pt\/p\/molde-para-muffins-recipe-right-wilton-12-cavidades-2\/","title":{"rendered":"Molde De Muffin &#8220;direito&#8221; De Wilton &#8211; 12 Cavidades"},"content":{"rendered":"<p>&nbsp;<\/p>\n<p><span style=\"color:#000000\"><span style=\"font-size:14px\">Feito de alum&iacute;nio n<strong>uma s&oacute; pe&ccedil;a<\/strong>, adequado para uso alimentar.&nbsp;<\/span><\/span><\/p>\n<p><span style=\"color:#000000\"><span style=\"font-size:14px\"><strong>Dimens&otilde;es aproximadas: <\/strong>Tamanho total 37 x 27 cm &#8211; Profundidade aprox. &Oslash; 5 cm.&nbsp;<\/span><\/span><\/p>\n<p><span style=\"color:#000000\"><em><span style=\"font-size: 14px\">N&atilde;o &eacute; seguro para a m&aacute;quina de lavar lou&ccedil;a.<\/span><\/em><\/span><\/p>\n","protected":false},"excerpt":{"rendered":"<p>Molde feito de alum\u00ednio Wilton de uma s\u00f3 pe\u00e7a, que garante uma cozedura perfeita.<\/p>\n","protected":false},"featured_media":347764,"comment_status":"open","ping_status":"closed","template":"","meta":{"_acf_changed":false},"pwb-brand":[],"product_brand":[],"product_cat":[1802,1802,1801,1801,1807,1807,1767,1767],"product_tag":[],"class_list":{"0":"post-388776","1":"product","2":"type-product","3":"status-publish","4":"has-post-thumbnail","6":"product_cat-moldes-metal","8":"product_cat-moldes","10":"product_cat-moldes-multiporciones","12":"product_cat-utensilios","15":"first","16":"instock","17":"taxable","18":"shipping-taxable","19":"purchasable","20":"product-type-simple"},"acf":[],"df_price":10.21,"df_sale_price":"","df_regular_price":10.21,"df_image_link":"https:\/\/glotomania.com\/wp-content\/uploads\/2025\/11\/img_19379_67fdcbb56f32507fb1812a8ce69c1df5_1-23-300x300.jpg","brands":[],"_links":{"self":[{"href":"https:\/\/glotomania.com\/pt-pt\/wp-json\/wp\/v2\/product\/388776","targetHints":{"allow":["GET"]}}],"collection":[{"href":"https:\/\/glotomania.com\/pt-pt\/wp-json\/wp\/v2\/product"}],"about":[{"href":"https:\/\/glotomania.com\/pt-pt\/wp-json\/wp\/v2\/types\/product"}],"replies":[{"embeddable":true,"href":"https:\/\/glotomania.com\/pt-pt\/wp-json\/wp\/v2\/comments?post=388776"}],"wp:featuredmedia":[{"embeddable":true,"href":"https:\/\/glotomania.com\/pt-pt\/wp-json\/wp\/v2\/media\/347764"}],"wp:attachment":[{"href":"https:\/\/glotomania.com\/pt-pt\/wp-json\/wp\/v2\/media?parent=388776"}],"wp:term":[{"taxonomy":"pwb-brand","embeddable":true,"href":"https:\/\/glotomania.com\/pt-pt\/wp-json\/wp\/v2\/pwb-brand?post=388776"},{"taxonomy":"product_brand","embeddable":true,"href":"https:\/\/glotomania.com\/pt-pt\/wp-json\/wp\/v2\/product_brand?post=388776"},{"taxonomy":"product_cat","embeddable":true,"href":"https:\/\/glotomania.com\/pt-pt\/wp-json\/wp\/v2\/product_cat?post=388776"},{"taxonomy":"product_tag","embeddable":true,"href":"https:\/\/glotomania.com\/pt-pt\/wp-json\/wp\/v2\/product_tag?post=388776"}],"curies":[{"name":"wp","href":"https:\/\/api.w.org\/{rel}","templated":true}]}}