{"id":388780,"date":"2025-09-02T10:39:01","date_gmt":"2025-09-02T10:39:01","guid":{"rendered":"https:\/\/glotomania.com\/p\/set-decoracion-figuras-de-futbol-wilton-2\/"},"modified":"2026-04-22T14:19:55","modified_gmt":"2026-04-22T14:19:55","slug":"set-decoracion-figuras-de-futbol-wilton-2","status":"publish","type":"product","link":"https:\/\/glotomania.com\/pt-pt\/p\/set-decoracion-figuras-de-futbol-wilton-2\/","title":{"rendered":"Conjunto De Decora\u00c7\u00c3o De Jogadores De Futebol Wilton &#8211; Wilton"},"content":{"rendered":"<p style=\"margin: 0px;font-size: 14px;line-height: normal;font-family: Helvetica\">&nbsp;<\/p>\n<div>&nbsp;<\/div>\n","protected":false},"excerpt":{"rendered":"<p>Inclui 5 jogadores de futebol e 2 golos. Decora\u00e7\u00e3o n\u00e3o comest\u00edvel ideal para os amantes do desporto.<\/p>\n","protected":false},"featured_media":347769,"comment_status":"open","ping_status":"closed","template":"","meta":{"_acf_changed":false},"pwb-brand":[],"product_brand":[],"product_cat":[2911,1792,3200,2916,2907,1879,3203,3202,1860,3087,1862,1951,1849,1767],"product_tag":[],"class_list":{"0":"post-388780","1":"product","2":"type-product","3":"status-publish","4":"has-post-thumbnail","6":"product_cat-comunhoes","7":"product_cat-decoracion-no-comestible","8":"product_cat-decoracoes-nao-comestiveis","9":"product_cat-dia-dos-pais-2","10":"product_cat-festas","11":"product_cat-figuras-deportivas","12":"product_cat-figuras-desportivas","13":"product_cat-figuras-para-bolos","14":"product_cat-figuras-tartas","15":"product_cat-ordem-e-armazenamento","16":"product_cat-comuniones","17":"product_cat-dia-del-padre","18":"product_cat-fiestas","19":"product_cat-utensilios","21":"first","22":"instock","23":"taxable","24":"shipping-taxable","25":"purchasable","26":"product-type-simple"},"acf":[],"df_price":3.95,"df_sale_price":"","df_regular_price":3.95,"df_image_link":"https:\/\/glotomania.com\/wp-content\/uploads\/2025\/11\/img_19388_f68a69853ca441cefba7bb44e7905fb1_1-18-300x300.jpg","brands":[],"_links":{"self":[{"href":"https:\/\/glotomania.com\/pt-pt\/wp-json\/wp\/v2\/product\/388780","targetHints":{"allow":["GET"]}}],"collection":[{"href":"https:\/\/glotomania.com\/pt-pt\/wp-json\/wp\/v2\/product"}],"about":[{"href":"https:\/\/glotomania.com\/pt-pt\/wp-json\/wp\/v2\/types\/product"}],"replies":[{"embeddable":true,"href":"https:\/\/glotomania.com\/pt-pt\/wp-json\/wp\/v2\/comments?post=388780"}],"wp:featuredmedia":[{"embeddable":true,"href":"https:\/\/glotomania.com\/pt-pt\/wp-json\/wp\/v2\/media\/347769"}],"wp:attachment":[{"href":"https:\/\/glotomania.com\/pt-pt\/wp-json\/wp\/v2\/media?parent=388780"}],"wp:term":[{"taxonomy":"pwb-brand","embeddable":true,"href":"https:\/\/glotomania.com\/pt-pt\/wp-json\/wp\/v2\/pwb-brand?post=388780"},{"taxonomy":"product_brand","embeddable":true,"href":"https:\/\/glotomania.com\/pt-pt\/wp-json\/wp\/v2\/product_brand?post=388780"},{"taxonomy":"product_cat","embeddable":true,"href":"https:\/\/glotomania.com\/pt-pt\/wp-json\/wp\/v2\/product_cat?post=388780"},{"taxonomy":"product_tag","embeddable":true,"href":"https:\/\/glotomania.com\/pt-pt\/wp-json\/wp\/v2\/product_tag?post=388780"}],"curies":[{"name":"wp","href":"https:\/\/api.w.org\/{rel}","templated":true}]}}