{"id":388783,"date":"2025-09-02T10:39:03","date_gmt":"2025-09-02T10:39:03","guid":{"rendered":"https:\/\/glotomania.com\/p\/azucar-glas-icing-sugar-funcakes-900-g-2\/"},"modified":"2026-04-13T07:01:03","modified_gmt":"2026-04-13T07:01:03","slug":"azucar-glas-icing-sugar-funcakes-900-g-2","status":"publish","type":"product","link":"https:\/\/glotomania.com\/pt-pt\/p\/azucar-glas-icing-sugar-funcakes-900-g-2\/","title":{"rendered":"A\u00c7\u00dacar Em P\u00d3 (icing Sugar) Funcakes &#8211; 900 G"},"content":{"rendered":"<p>&nbsp;<\/p>\n<p><span style=\"font-size:14px\">Para resultados perfeitos, recomenda-se a peneira&ccedil;&atilde;o antes da utiliza&ccedil;&atilde;o.<\/span><\/p>\n<p><span style=\"font-size:14px\">Adiciona do&ccedil;ura e real&ccedil;a o sabor de todos os seus produtos cozidos. Este produto cont&eacute;m<u> xarope de glucose seco para evitar grumos.<\/u><\/span><\/p>\n","protected":false},"excerpt":{"rendered":"<p>A\u00e7\u00facar de confeiteiro Funcakes refinado de qualidade pasteleira, perfeito para o gelo, creme de manteiga, cobertura doce,&#8230; e para polvilhar na nossa mesa de trabalho.<\/p>\n","protected":false},"featured_media":347772,"comment_status":"open","ping_status":"closed","template":"","meta":{"_acf_changed":false,"_joinchat":[]},"pwb-brand":[],"product_brand":[],"product_cat":[3026,2997,3018,2996,3001,1958,1832,1901,1844,1845],"product_tag":[],"class_list":{"0":"post-388783","1":"product","2":"type-product","3":"status-publish","4":"has-post-thumbnail","6":"product_cat-acucar-de-confeiteiro-2","7":"product_cat-halal","8":"product_cat-ingredientes-de-pastelaria-2","9":"product_cat-produtos-vegetarianos","10":"product_cat-sem-e-171-2","11":"product_cat-azucar-glas","12":"product_cat-diestas-especiales","13":"product_cat-dieta-halal","14":"product_cat-ingredientes-reposteria","15":"product_cat-dieta-sin-e-171","17":"first","18":"instock","19":"taxable","20":"shipping-taxable","21":"purchasable","22":"product-type-simple"},"acf":[],"df_price":5.33,"df_sale_price":"","df_regular_price":5.33,"df_image_link":"https:\/\/glotomania.com\/wp-content\/uploads\/2025\/11\/img_19391_d2b8b1e3a33768b659eb2b3c3d3983b5_1-24-300x300.jpg","brands":[],"_links":{"self":[{"href":"https:\/\/glotomania.com\/pt-pt\/wp-json\/wp\/v2\/product\/388783","targetHints":{"allow":["GET"]}}],"collection":[{"href":"https:\/\/glotomania.com\/pt-pt\/wp-json\/wp\/v2\/product"}],"about":[{"href":"https:\/\/glotomania.com\/pt-pt\/wp-json\/wp\/v2\/types\/product"}],"replies":[{"embeddable":true,"href":"https:\/\/glotomania.com\/pt-pt\/wp-json\/wp\/v2\/comments?post=388783"}],"wp:featuredmedia":[{"embeddable":true,"href":"https:\/\/glotomania.com\/pt-pt\/wp-json\/wp\/v2\/media\/347772"}],"wp:attachment":[{"href":"https:\/\/glotomania.com\/pt-pt\/wp-json\/wp\/v2\/media?parent=388783"}],"wp:term":[{"taxonomy":"pwb-brand","embeddable":true,"href":"https:\/\/glotomania.com\/pt-pt\/wp-json\/wp\/v2\/pwb-brand?post=388783"},{"taxonomy":"product_brand","embeddable":true,"href":"https:\/\/glotomania.com\/pt-pt\/wp-json\/wp\/v2\/product_brand?post=388783"},{"taxonomy":"product_cat","embeddable":true,"href":"https:\/\/glotomania.com\/pt-pt\/wp-json\/wp\/v2\/product_cat?post=388783"},{"taxonomy":"product_tag","embeddable":true,"href":"https:\/\/glotomania.com\/pt-pt\/wp-json\/wp\/v2\/product_tag?post=388783"}],"curies":[{"name":"wp","href":"https:\/\/api.w.org\/{rel}","templated":true}]}}