{"id":388784,"date":"2025-09-02T10:39:03","date_gmt":"2025-09-02T10:39:03","guid":{"rendered":"https:\/\/glotomania.com\/p\/cmc-polvo-de-tilosa-funcakes-60-g-2\/"},"modified":"2026-03-19T01:57:48","modified_gmt":"2026-03-19T01:57:48","slug":"cmc-polvo-de-tilosa-funcakes-60-g-2","status":"publish","type":"product","link":"https:\/\/glotomania.com\/pt-pt\/p\/cmc-polvo-de-tilosa-funcakes-60-g-2\/","title":{"rendered":"Funcakes Cmc (tilose Em P\u00d3) &#8211; 60 G"},"content":{"rendered":"<p>&nbsp;<\/p>\n<p><span style=\"font-size:14px\"><strong>M&eacute;todo de utiliza&ccedil;&atilde;o:<\/strong><br \/>\nPara endurecer o fondant, utilizar aproximadamente 3 g (1 colher de ch&aacute;) de p&oacute; de CMC por 250 g de fondant.<br \/>\nPara fazer cola comest&iacute;vel, utilizar 1 parte de p&oacute; CMC para 30 partes de &aacute;gua. Deixar a mistura repousar durante a noite antes de ser utilizada.<\/span><\/p>\n","protected":false},"excerpt":{"rendered":"<p>Funcakes CMC, tamb\u00e9m conhecido como Tylose Powder, ideal para endurecer o fondant, e tamb\u00e9m para fazer a nossa cola comest\u00edvel.<\/p>\n","protected":false},"featured_media":37705,"comment_status":"open","ping_status":"closed","template":"","meta":{"_acf_changed":false},"pwb-brand":[],"product_brand":[],"product_cat":[3020,1959,1832,3018,1844,1845,2996,3001],"product_tag":[],"class_list":{"0":"post-388784","1":"product","2":"type-product","3":"status-publish","4":"has-post-thumbnail","6":"product_cat-aditivos-e-melhoradores","7":"product_cat-aditivos","8":"product_cat-diestas-especiales","9":"product_cat-ingredientes-de-pastelaria-2","10":"product_cat-ingredientes-reposteria","11":"product_cat-dieta-sin-e-171","12":"product_cat-produtos-vegetarianos","13":"product_cat-sem-e-171-2","15":"first","16":"instock","17":"taxable","18":"shipping-taxable","19":"purchasable","20":"product-type-simple"},"acf":[],"df_price":3.95,"df_sale_price":"","df_regular_price":3.95,"df_image_link":"https:\/\/glotomania.com\/wp-content\/uploads\/2023\/07\/img_19393_6c1b4949315dfa1286b06a6db51b65fd_1-300x300.png","brands":[],"_links":{"self":[{"href":"https:\/\/glotomania.com\/pt-pt\/wp-json\/wp\/v2\/product\/388784","targetHints":{"allow":["GET"]}}],"collection":[{"href":"https:\/\/glotomania.com\/pt-pt\/wp-json\/wp\/v2\/product"}],"about":[{"href":"https:\/\/glotomania.com\/pt-pt\/wp-json\/wp\/v2\/types\/product"}],"replies":[{"embeddable":true,"href":"https:\/\/glotomania.com\/pt-pt\/wp-json\/wp\/v2\/comments?post=388784"}],"wp:featuredmedia":[{"embeddable":true,"href":"https:\/\/glotomania.com\/pt-pt\/wp-json\/wp\/v2\/media\/37705"}],"wp:attachment":[{"href":"https:\/\/glotomania.com\/pt-pt\/wp-json\/wp\/v2\/media?parent=388784"}],"wp:term":[{"taxonomy":"pwb-brand","embeddable":true,"href":"https:\/\/glotomania.com\/pt-pt\/wp-json\/wp\/v2\/pwb-brand?post=388784"},{"taxonomy":"product_brand","embeddable":true,"href":"https:\/\/glotomania.com\/pt-pt\/wp-json\/wp\/v2\/product_brand?post=388784"},{"taxonomy":"product_cat","embeddable":true,"href":"https:\/\/glotomania.com\/pt-pt\/wp-json\/wp\/v2\/product_cat?post=388784"},{"taxonomy":"product_tag","embeddable":true,"href":"https:\/\/glotomania.com\/pt-pt\/wp-json\/wp\/v2\/product_tag?post=388784"}],"curies":[{"name":"wp","href":"https:\/\/api.w.org\/{rel}","templated":true}]}}