{"id":388785,"date":"2025-09-02T10:39:04","date_gmt":"2025-09-02T10:39:04","guid":{"rendered":"https:\/\/glotomania.com\/p\/pegamento-comestible-funcakes-50-g-2\/"},"modified":"2026-04-15T13:14:53","modified_gmt":"2026-04-15T13:14:53","slug":"pegamento-comestible-funcakes-50-g-2","status":"publish","type":"product","link":"https:\/\/glotomania.com\/pt-pt\/p\/pegamento-comestible-funcakes-50-g-2\/","title":{"rendered":"Cola Comest\u00cdvel Funcakes &#8211; 50 G"},"content":{"rendered":"<p>&nbsp;<\/p>\n<p><span style=\"font-size:14px\">Cola comest&iacute;vel&nbsp;<\/span><span style=\"font-size: 14px\">FunCakes<\/span><span style=\"font-size: 14px\">&nbsp;<\/span><span style=\"font-size: 14px\">ideal para colar folhas de a&ccedil;&uacute;car ou decora&ccedil;&otilde;es em cobertura de fondant ligeiramente endurecido ou creme de manteiga. Mant&eacute;m decora&ccedil;&otilde;es em bolos, bolinhos, bolachas e muito mais.&nbsp;<\/span><\/p>\n<p><span style=\"font-size:14px\"><strong>M&eacute;todo de utiliza&ccedil;&atilde;o:<\/strong><br \/>\nBasta adicionar pequenos pontos &agrave;s decora&ccedil;&otilde;es, colar e deixar secar.<\/span><\/p>\n<p><span style=\"font-size:14px\">A cola &eacute; invis&iacute;vel uma vez seca.<\/span><\/p>\n","protected":false},"excerpt":{"rendered":"<p>Cola comest\u00edvel de funcakes para colar pequenas decora\u00e7\u00f5es em gelado de manteiga fondant ou ligeiramente endurecido.<\/p>\n","protected":false},"featured_media":347778,"comment_status":"open","ping_status":"closed","template":"","meta":{"_acf_changed":false},"pwb-brand":[],"product_brand":[],"product_cat":[3038,1853],"product_tag":[],"class_list":{"0":"post-388785","1":"product","2":"type-product","3":"status-publish","4":"has-post-thumbnail","6":"product_cat-cola-comestivel-2","7":"product_cat-pegamento-comestible","9":"first","10":"instock","11":"taxable","12":"shipping-taxable","13":"purchasable","14":"product-type-simple"},"acf":[],"df_price":2.9,"df_sale_price":"","df_regular_price":2.9,"df_image_link":"https:\/\/glotomania.com\/wp-content\/uploads\/2025\/11\/img_19394_897622edc8c088f530833f5ba20250c0_1-22-300x300.jpg","brands":[],"_links":{"self":[{"href":"https:\/\/glotomania.com\/pt-pt\/wp-json\/wp\/v2\/product\/388785","targetHints":{"allow":["GET"]}}],"collection":[{"href":"https:\/\/glotomania.com\/pt-pt\/wp-json\/wp\/v2\/product"}],"about":[{"href":"https:\/\/glotomania.com\/pt-pt\/wp-json\/wp\/v2\/types\/product"}],"replies":[{"embeddable":true,"href":"https:\/\/glotomania.com\/pt-pt\/wp-json\/wp\/v2\/comments?post=388785"}],"wp:featuredmedia":[{"embeddable":true,"href":"https:\/\/glotomania.com\/pt-pt\/wp-json\/wp\/v2\/media\/347778"}],"wp:attachment":[{"href":"https:\/\/glotomania.com\/pt-pt\/wp-json\/wp\/v2\/media?parent=388785"}],"wp:term":[{"taxonomy":"pwb-brand","embeddable":true,"href":"https:\/\/glotomania.com\/pt-pt\/wp-json\/wp\/v2\/pwb-brand?post=388785"},{"taxonomy":"product_brand","embeddable":true,"href":"https:\/\/glotomania.com\/pt-pt\/wp-json\/wp\/v2\/product_brand?post=388785"},{"taxonomy":"product_cat","embeddable":true,"href":"https:\/\/glotomania.com\/pt-pt\/wp-json\/wp\/v2\/product_cat?post=388785"},{"taxonomy":"product_tag","embeddable":true,"href":"https:\/\/glotomania.com\/pt-pt\/wp-json\/wp\/v2\/product_tag?post=388785"}],"curies":[{"name":"wp","href":"https:\/\/api.w.org\/{rel}","templated":true}]}}