{"id":388786,"date":"2025-09-02T10:39:04","date_gmt":"2025-09-02T10:39:04","guid":{"rendered":"https:\/\/glotomania.com\/p\/pasta-de-goma-blanca-funcakes-250-g-2\/"},"modified":"2026-04-15T09:38:34","modified_gmt":"2026-04-15T09:38:34","slug":"pasta-de-goma-blanca-funcakes-250-g-2","status":"publish","type":"product","link":"https:\/\/glotomania.com\/pt-pt\/p\/pasta-de-goma-blanca-funcakes-250-g-2\/","title":{"rendered":"Pasta De Goma Branca Funcakes &#8211; 250 G"},"content":{"rendered":"<p>&nbsp;<\/p>\n<p><span style=\"font-size:14px\">&quot;A pasta de pastilhas FunCakes tem uma textura muito sedosa e el&aacute;stica e &eacute; muito forte para que possa ser enrolada at&eacute; uma camada muito fina e criar delicadas p&eacute;talas de flores&quot;. &#8211; Juhee Kim, Director Criativo Bloom Artisan Cakes.<\/span><\/p>\n<p><span style=\"font-size:14px\"><strong>M&eacute;todo de utiliza&ccedil;&atilde;o:<\/strong><br \/>\nPronto a usar. Amassar bem at&eacute; ficar macio, male&aacute;vel e sem fendas. Pode ser colorido adicionando corante alimentar.&nbsp;<\/span><\/p>\n","protected":false},"excerpt":{"rendered":"<p>A pasta de goma FunCakes \u00e9 uma pasta de secagem r\u00e1pida extra branca, que pode ser enrolada numa folha muito fina para fazer flores, folhas e pequenas decora\u00e7\u00f5es.<\/p>\n","protected":false},"featured_media":344426,"comment_status":"open","ping_status":"closed","template":"","meta":{"_acf_changed":false},"pwb-brand":[],"product_brand":[],"product_cat":[3048,1832,2997,1901,1902,1845,1833,2999,1934,3040,1906,2996,3001,3004],"product_tag":[],"class_list":{"0":"post-388786","1":"product","2":"type-product","3":"status-publish","4":"has-post-thumbnail","6":"product_cat-pasta-de-goma-2","7":"product_cat-diestas-especiales","8":"product_cat-halal","9":"product_cat-dieta-halal","10":"product_cat-dieta-kosher","11":"product_cat-dieta-sin-e-171","12":"product_cat-dieta-sin-gluten","13":"product_cat-kosher-2","14":"product_cat-pasta-goma","15":"product_cat-pasta-de-modelar-the-sugar-paste","16":"product_cat-pasta-modelado","17":"product_cat-produtos-vegetarianos","18":"product_cat-sem-e-171-2","19":"product_cat-sem-gluten-2","21":"first","22":"instock","23":"taxable","24":"shipping-taxable","25":"purchasable","26":"product-type-simple"},"acf":[],"df_price":3.5,"df_sale_price":"","df_regular_price":3.5,"df_image_link":"https:\/\/glotomania.com\/wp-content\/uploads\/2025\/11\/img_19396_5fa57606566c74851991c92bf43766c9_1-31-300x300.jpg","brands":[],"_links":{"self":[{"href":"https:\/\/glotomania.com\/pt-pt\/wp-json\/wp\/v2\/product\/388786","targetHints":{"allow":["GET"]}}],"collection":[{"href":"https:\/\/glotomania.com\/pt-pt\/wp-json\/wp\/v2\/product"}],"about":[{"href":"https:\/\/glotomania.com\/pt-pt\/wp-json\/wp\/v2\/types\/product"}],"replies":[{"embeddable":true,"href":"https:\/\/glotomania.com\/pt-pt\/wp-json\/wp\/v2\/comments?post=388786"}],"wp:featuredmedia":[{"embeddable":true,"href":"https:\/\/glotomania.com\/pt-pt\/wp-json\/wp\/v2\/media\/344426"}],"wp:attachment":[{"href":"https:\/\/glotomania.com\/pt-pt\/wp-json\/wp\/v2\/media?parent=388786"}],"wp:term":[{"taxonomy":"pwb-brand","embeddable":true,"href":"https:\/\/glotomania.com\/pt-pt\/wp-json\/wp\/v2\/pwb-brand?post=388786"},{"taxonomy":"product_brand","embeddable":true,"href":"https:\/\/glotomania.com\/pt-pt\/wp-json\/wp\/v2\/product_brand?post=388786"},{"taxonomy":"product_cat","embeddable":true,"href":"https:\/\/glotomania.com\/pt-pt\/wp-json\/wp\/v2\/product_cat?post=388786"},{"taxonomy":"product_tag","embeddable":true,"href":"https:\/\/glotomania.com\/pt-pt\/wp-json\/wp\/v2\/product_tag?post=388786"}],"curies":[{"name":"wp","href":"https:\/\/api.w.org\/{rel}","templated":true}]}}