{"id":388787,"date":"2025-09-02T10:39:05","date_gmt":"2025-09-02T10:39:05","guid":{"rendered":"https:\/\/glotomania.com\/p\/azucar-perlado-grande-funcakes-200-g-2\/"},"modified":"2026-04-15T11:22:00","modified_gmt":"2026-04-15T11:22:00","slug":"azucar-perlado-grande-funcakes-200-g-2","status":"publish","type":"product","link":"https:\/\/glotomania.com\/pt-pt\/p\/azucar-perlado-grande-funcakes-200-g-2\/","title":{"rendered":"A\u00c7\u00dacar P\u00c9rola (grandes) Funcakes &#8211; 200 G"},"content":{"rendered":"<p>&nbsp;<\/p>\n<p><span style=\"font-size:14px\"><strong>Dimens&otilde;es aproximadas: <\/strong>4-5, 6 mm (P3).<\/span><\/p>\n","protected":false},"excerpt":{"rendered":"<p>Cozer com o a\u00e7\u00facar p\u00e9rola e adicionar um delicioso toque crocante a bolos, bolachas, waffles, p\u00e3ezinhos de canela,&#8230;<\/p>\n","protected":false},"featured_media":347783,"comment_status":"open","ping_status":"closed","template":"","meta":{"_acf_changed":false},"pwb-brand":[],"product_brand":[],"product_cat":[2907,2997,3018,2920,2996,3001,1832,1901,1844,1845,1849,1866],"product_tag":[],"class_list":{"0":"post-388787","1":"product","2":"type-product","3":"status-publish","4":"has-post-thumbnail","6":"product_cat-festas","7":"product_cat-halal","8":"product_cat-ingredientes-de-pastelaria-2","9":"product_cat-natal-2","10":"product_cat-produtos-vegetarianos","11":"product_cat-sem-e-171-2","12":"product_cat-diestas-especiales","13":"product_cat-dieta-halal","14":"product_cat-ingredientes-reposteria","15":"product_cat-dieta-sin-e-171","16":"product_cat-fiestas","17":"product_cat-navidad","19":"first","20":"instock","21":"taxable","22":"shipping-taxable","23":"purchasable","24":"product-type-simple"},"acf":[],"df_price":3.2,"df_sale_price":"","df_regular_price":3.2,"df_image_link":"https:\/\/glotomania.com\/wp-content\/uploads\/2025\/11\/img_19398_8205b7ed7011049db3d12b4179da42b6_1-25-300x300.jpg","brands":[],"_links":{"self":[{"href":"https:\/\/glotomania.com\/pt-pt\/wp-json\/wp\/v2\/product\/388787","targetHints":{"allow":["GET"]}}],"collection":[{"href":"https:\/\/glotomania.com\/pt-pt\/wp-json\/wp\/v2\/product"}],"about":[{"href":"https:\/\/glotomania.com\/pt-pt\/wp-json\/wp\/v2\/types\/product"}],"replies":[{"embeddable":true,"href":"https:\/\/glotomania.com\/pt-pt\/wp-json\/wp\/v2\/comments?post=388787"}],"wp:featuredmedia":[{"embeddable":true,"href":"https:\/\/glotomania.com\/pt-pt\/wp-json\/wp\/v2\/media\/347783"}],"wp:attachment":[{"href":"https:\/\/glotomania.com\/pt-pt\/wp-json\/wp\/v2\/media?parent=388787"}],"wp:term":[{"taxonomy":"pwb-brand","embeddable":true,"href":"https:\/\/glotomania.com\/pt-pt\/wp-json\/wp\/v2\/pwb-brand?post=388787"},{"taxonomy":"product_brand","embeddable":true,"href":"https:\/\/glotomania.com\/pt-pt\/wp-json\/wp\/v2\/product_brand?post=388787"},{"taxonomy":"product_cat","embeddable":true,"href":"https:\/\/glotomania.com\/pt-pt\/wp-json\/wp\/v2\/product_cat?post=388787"},{"taxonomy":"product_tag","embeddable":true,"href":"https:\/\/glotomania.com\/pt-pt\/wp-json\/wp\/v2\/product_tag?post=388787"}],"curies":[{"name":"wp","href":"https:\/\/api.w.org\/{rel}","templated":true}]}}