{"id":388790,"date":"2025-09-02T10:39:07","date_gmt":"2025-09-02T10:39:07","guid":{"rendered":"https:\/\/glotomania.com\/p\/preparado-funcakes-para-galletas-500-g-2\/"},"modified":"2026-03-23T18:57:48","modified_gmt":"2026-03-23T18:57:48","slug":"preparado-funcakes-para-galletas-500-g-2","status":"publish","type":"product","link":"https:\/\/glotomania.com\/pt-pt\/p\/preparado-funcakes-para-galletas-500-g-2\/","title":{"rendered":"Prepara\u00c7\u00c3o Funcakes Para Biscoitos &#8211; 500 G"},"content":{"rendered":"<p>&nbsp;<\/p>\n<p><span style=\"font-size:14px\"><strong>M&eacute;todo de prepara&ccedil;&atilde;o:&nbsp;<\/strong><br \/>\nPreparar todos os ingredientes &agrave; temperatura ambiente.&nbsp;<\/span><\/p>\n<p><span style=\"font-size:14px\"><strong>Faz aproximadamente 25 bolachas de 7-10 cm<\/strong> (dependendo da espessura e forma):&nbsp;<\/span><\/p>\n<p><span style=\"font-size:14px\">Misturar 500 g de amassadeira, 150 g de manteiga (nata) e 1 ovo (50 g) at&eacute; se formar uma massa. Deixar a massa descansar na geladeira durante 1 hora.&nbsp;<\/span><\/p>\n<p><span style=\"font-size:14px\">Pr&eacute;-aquecer o forno a 180&deg;C (forno de convec&ccedil;&atilde;o a 160&deg;C). Estender a massa sobre uma superf&iacute;cie enfarinhada (3 mm de espessura). Recortar as formas das bolachas. Cozer as bolachas no centro do forno durante cerca de 12 minutos, at&eacute; ficarem douradas. Deixar as bolachas arrefecer e decorar como desejado.<\/span><\/p>\n<p><span style=\"font-size:14px\"><strong>Tarte de ma&ccedil;&atilde;: <\/strong>Alinhar o fundo e os lados de uma forma com uma camada de massa para bolachas. Encher com ma&ccedil;&atilde;s, a&ccedil;&uacute;car e canela. Cozer durante aproximadamente 50-60 minutos a 170&deg;C (forno de convec&ccedil;&atilde;o a 150&deg;C).<\/span><\/p>\n","protected":false},"excerpt":{"rendered":"<p>Com a prepara\u00e7\u00e3o dos Funcakes far\u00e1 biscoitos perfeitos e estaladi\u00e7os e tamb\u00e9m uma deliciosa tarte de ma\u00e7\u00e3.<\/p>\n","protected":false},"featured_media":347822,"comment_status":"open","ping_status":"closed","template":"","meta":{"_acf_changed":false},"pwb-brand":[],"product_brand":[],"product_cat":[2997,3054,2996,1832,1901,1854],"product_tag":[],"class_list":{"0":"post-388790","1":"product","2":"type-product","3":"status-publish","4":"has-post-thumbnail","6":"product_cat-halal","7":"product_cat-preparados-de-pastelaria-2","8":"product_cat-produtos-vegetarianos","9":"product_cat-diestas-especiales","10":"product_cat-dieta-halal","11":"product_cat-preparados","13":"first","14":"instock","15":"taxable","16":"shipping-taxable","17":"purchasable","18":"product-type-simple"},"acf":[],"df_price":4.9,"df_sale_price":"","df_regular_price":4.9,"df_image_link":"https:\/\/glotomania.com\/wp-content\/uploads\/2025\/11\/img_19403_802517c2862b8acb15a3f96ce469be45_1-21-300x300.jpg","brands":[],"_links":{"self":[{"href":"https:\/\/glotomania.com\/pt-pt\/wp-json\/wp\/v2\/product\/388790","targetHints":{"allow":["GET"]}}],"collection":[{"href":"https:\/\/glotomania.com\/pt-pt\/wp-json\/wp\/v2\/product"}],"about":[{"href":"https:\/\/glotomania.com\/pt-pt\/wp-json\/wp\/v2\/types\/product"}],"replies":[{"embeddable":true,"href":"https:\/\/glotomania.com\/pt-pt\/wp-json\/wp\/v2\/comments?post=388790"}],"wp:featuredmedia":[{"embeddable":true,"href":"https:\/\/glotomania.com\/pt-pt\/wp-json\/wp\/v2\/media\/347822"}],"wp:attachment":[{"href":"https:\/\/glotomania.com\/pt-pt\/wp-json\/wp\/v2\/media?parent=388790"}],"wp:term":[{"taxonomy":"pwb-brand","embeddable":true,"href":"https:\/\/glotomania.com\/pt-pt\/wp-json\/wp\/v2\/pwb-brand?post=388790"},{"taxonomy":"product_brand","embeddable":true,"href":"https:\/\/glotomania.com\/pt-pt\/wp-json\/wp\/v2\/product_brand?post=388790"},{"taxonomy":"product_cat","embeddable":true,"href":"https:\/\/glotomania.com\/pt-pt\/wp-json\/wp\/v2\/product_cat?post=388790"},{"taxonomy":"product_tag","embeddable":true,"href":"https:\/\/glotomania.com\/pt-pt\/wp-json\/wp\/v2\/product_tag?post=388790"}],"curies":[{"name":"wp","href":"https:\/\/api.w.org\/{rel}","templated":true}]}}