{"id":388791,"date":"2025-09-02T10:39:07","date_gmt":"2025-09-02T10:39:07","guid":{"rendered":"https:\/\/glotomania.com\/p\/sprinkles-funcakes-mini-confeti-colores-60-g-2\/"},"modified":"2026-04-02T03:41:32","modified_gmt":"2026-04-02T03:41:32","slug":"sprinkles-funcakes-mini-confeti-colores-60-g-2","status":"publish","type":"product","link":"https:\/\/glotomania.com\/pt-pt\/p\/sprinkles-funcakes-mini-confeti-colores-60-g-2\/","title":{"rendered":"Sprinkles Funcakes &#8211; Mini Confetis Coloridos (60 G)"},"content":{"rendered":"<p>&nbsp;<\/p>\n<p><span style=\"font-size:14px\"><strong>Dimens&otilde;es aproximadas: <\/strong>&Oslash; 4 mm.<\/span><\/p>\n","protected":false},"excerpt":{"rendered":"<p>Funcakes coloridos mini-confetis, incluindo: rosa, branco, azul, verde, amarelo e laranja, perfeitos para dar um toque de cor \u00e0s nossas cria\u00e7\u00f5es!<\/p>\n","protected":false},"featured_media":347785,"comment_status":"open","ping_status":"closed","template":"","meta":{"_acf_changed":false},"pwb-brand":[],"product_brand":[],"product_cat":[2908,2911,2979,2982,2907,2921,2996,3001,1839,1840,1832,1845,1862,1885,1849,1858],"product_tag":[],"class_list":{"0":"post-388791","1":"product","2":"type-product","3":"status-publish","4":"has-post-thumbnail","6":"product_cat-batizados","7":"product_cat-comunhoes","8":"product_cat-decoracoes-comestiveis-2","9":"product_cat-decoracoes-de-acucar","10":"product_cat-festas","11":"product_cat-pascoa","12":"product_cat-produtos-vegetarianos","13":"product_cat-sem-e-171-2","14":"product_cat-decoracion-comestible","15":"product_cat-decoraciones-azucar-comestibles","16":"product_cat-diestas-especiales","17":"product_cat-dieta-sin-e-171","18":"product_cat-comuniones","19":"product_cat-bautizos","20":"product_cat-fiestas","21":"product_cat-pascua","23":"first","24":"instock","25":"taxable","26":"shipping-taxable","27":"purchasable","28":"product-type-simple"},"acf":[],"df_price":3.52,"df_sale_price":"","df_regular_price":3.52,"df_image_link":"https:\/\/glotomania.com\/wp-content\/uploads\/2025\/11\/img_19406_5904804765b9e59ab960177adb34fa0f_1-30-300x300.jpg","brands":[],"_links":{"self":[{"href":"https:\/\/glotomania.com\/pt-pt\/wp-json\/wp\/v2\/product\/388791","targetHints":{"allow":["GET"]}}],"collection":[{"href":"https:\/\/glotomania.com\/pt-pt\/wp-json\/wp\/v2\/product"}],"about":[{"href":"https:\/\/glotomania.com\/pt-pt\/wp-json\/wp\/v2\/types\/product"}],"replies":[{"embeddable":true,"href":"https:\/\/glotomania.com\/pt-pt\/wp-json\/wp\/v2\/comments?post=388791"}],"wp:featuredmedia":[{"embeddable":true,"href":"https:\/\/glotomania.com\/pt-pt\/wp-json\/wp\/v2\/media\/347785"}],"wp:attachment":[{"href":"https:\/\/glotomania.com\/pt-pt\/wp-json\/wp\/v2\/media?parent=388791"}],"wp:term":[{"taxonomy":"pwb-brand","embeddable":true,"href":"https:\/\/glotomania.com\/pt-pt\/wp-json\/wp\/v2\/pwb-brand?post=388791"},{"taxonomy":"product_brand","embeddable":true,"href":"https:\/\/glotomania.com\/pt-pt\/wp-json\/wp\/v2\/product_brand?post=388791"},{"taxonomy":"product_cat","embeddable":true,"href":"https:\/\/glotomania.com\/pt-pt\/wp-json\/wp\/v2\/product_cat?post=388791"},{"taxonomy":"product_tag","embeddable":true,"href":"https:\/\/glotomania.com\/pt-pt\/wp-json\/wp\/v2\/product_tag?post=388791"}],"curies":[{"name":"wp","href":"https:\/\/api.w.org\/{rel}","templated":true}]}}