{"id":388792,"date":"2025-09-02T10:39:08","date_gmt":"2025-09-02T10:39:08","guid":{"rendered":"https:\/\/glotomania.com\/p\/sprinkles-funcakes-sirenas-50-g-2\/"},"modified":"2026-03-10T18:12:32","modified_gmt":"2026-03-10T18:12:32","slug":"sprinkles-funcakes-sirenas-50-g-2","status":"publish","type":"product","link":"https:\/\/glotomania.com\/pt-pt\/p\/sprinkles-funcakes-sirenas-50-g-2\/","title":{"rendered":"Sprinkles Funcakes &#8211; Sereias 50 G"},"content":{"rendered":"<p>&nbsp;<\/p>\n<p><span style=\"font-size:14px\">Inclui bolas em relevo roxo, mini sereias cor-de-rosa, mini golfinhos azuis, cavalos marinhos cor-de-laranja, conchas verdes, confetis azul pastel, p&eacute;rolas brancas e cor-de-rosa.<\/span><\/p>\n","protected":false},"excerpt":{"rendered":"<p>Mistura de decora\u00e7\u00f5es comest\u00edveis de Funcakes, ideal para decorar as nossas cria\u00e7\u00f5es com tem\u00e1tica mar\u00edtima.<\/p>\n","protected":false},"featured_media":347827,"comment_status":"open","ping_status":"closed","template":"","meta":{"_acf_changed":false},"pwb-brand":[],"product_brand":[],"product_cat":[2979,2982,2907,2996,3001,1839,1840,1832,1845,1849],"product_tag":[],"class_list":{"0":"post-388792","1":"product","2":"type-product","3":"status-publish","4":"has-post-thumbnail","6":"product_cat-decoracoes-comestiveis-2","7":"product_cat-decoracoes-de-acucar","8":"product_cat-festas","9":"product_cat-produtos-vegetarianos","10":"product_cat-sem-e-171-2","11":"product_cat-decoracion-comestible","12":"product_cat-decoraciones-azucar-comestibles","13":"product_cat-diestas-especiales","14":"product_cat-dieta-sin-e-171","15":"product_cat-fiestas","17":"first","18":"instock","19":"taxable","20":"shipping-taxable","21":"purchasable","22":"product-type-simple"},"acf":[],"df_price":3.15,"df_sale_price":"","df_regular_price":3.15,"df_image_link":"https:\/\/glotomania.com\/wp-content\/uploads\/2025\/11\/img_19408_0bbba09edd8b575ecd4ede8087ee848d_1-24-300x300.jpg","brands":[],"_links":{"self":[{"href":"https:\/\/glotomania.com\/pt-pt\/wp-json\/wp\/v2\/product\/388792","targetHints":{"allow":["GET"]}}],"collection":[{"href":"https:\/\/glotomania.com\/pt-pt\/wp-json\/wp\/v2\/product"}],"about":[{"href":"https:\/\/glotomania.com\/pt-pt\/wp-json\/wp\/v2\/types\/product"}],"replies":[{"embeddable":true,"href":"https:\/\/glotomania.com\/pt-pt\/wp-json\/wp\/v2\/comments?post=388792"}],"wp:featuredmedia":[{"embeddable":true,"href":"https:\/\/glotomania.com\/pt-pt\/wp-json\/wp\/v2\/media\/347827"}],"wp:attachment":[{"href":"https:\/\/glotomania.com\/pt-pt\/wp-json\/wp\/v2\/media?parent=388792"}],"wp:term":[{"taxonomy":"pwb-brand","embeddable":true,"href":"https:\/\/glotomania.com\/pt-pt\/wp-json\/wp\/v2\/pwb-brand?post=388792"},{"taxonomy":"product_brand","embeddable":true,"href":"https:\/\/glotomania.com\/pt-pt\/wp-json\/wp\/v2\/product_brand?post=388792"},{"taxonomy":"product_cat","embeddable":true,"href":"https:\/\/glotomania.com\/pt-pt\/wp-json\/wp\/v2\/product_cat?post=388792"},{"taxonomy":"product_tag","embeddable":true,"href":"https:\/\/glotomania.com\/pt-pt\/wp-json\/wp\/v2\/product_tag?post=388792"}],"curies":[{"name":"wp","href":"https:\/\/api.w.org\/{rel}","templated":true}]}}