{"id":388795,"date":"2025-09-02T10:39:09","date_gmt":"2025-09-02T10:39:09","guid":{"rendered":"https:\/\/glotomania.com\/p\/pasta-de-vainilla-organica-taylor-colledge-65-g-2\/"},"modified":"2026-03-23T07:31:24","modified_gmt":"2026-03-23T07:31:24","slug":"pasta-de-vainilla-organica-taylor-colledge-65-g-2","status":"publish","type":"product","link":"https:\/\/glotomania.com\/pt-pt\/p\/pasta-de-vainilla-organica-taylor-colledge-65-g-2\/","title":{"rendered":"Pasta De Baunilha Org\u00c2nica &#8220;taylor &amp; Colledge&#8221; &#8211; 65 G"},"content":{"rendered":"","protected":false},"excerpt":{"rendered":"<p>Deliciosa pasta de baunilha org\u00e2nica da Taylor &amp; Colledge, perfeita para dar um aroma fant\u00e1stico \u00e0s nossas cria\u00e7\u00f5es.<\/p>\n","protected":false},"featured_media":350381,"comment_status":"open","ping_status":"closed","template":"","meta":{"_acf_changed":false},"pwb-brand":[],"product_brand":[],"product_cat":[2943,2945,1834,1830,1832,1930,1845,2996,3001],"product_tag":[],"class_list":{"0":"post-388795","1":"product","2":"type-product","3":"status-publish","4":"has-post-thumbnail","6":"product_cat-aromas-e-extractos","7":"product_cat-aromas-em-pasta","8":"product_cat-aroma-pasta","9":"product_cat-aromas-y-extractos","10":"product_cat-diestas-especiales","11":"product_cat-ingredientes-organicos-para-reposteria","12":"product_cat-dieta-sin-e-171","13":"product_cat-produtos-vegetarianos","14":"product_cat-sem-e-171-2","16":"first","17":"instock","18":"taxable","19":"shipping-taxable","20":"purchasable","21":"product-type-simple"},"acf":[],"df_price":8.29,"df_sale_price":"","df_regular_price":8.29,"df_image_link":"https:\/\/glotomania.com\/wp-content\/uploads\/2025\/11\/img_19418_a4ea7a9d6f55bc6a112c11584e2c1974_1-27-300x300.jpg","brands":[],"_links":{"self":[{"href":"https:\/\/glotomania.com\/pt-pt\/wp-json\/wp\/v2\/product\/388795","targetHints":{"allow":["GET"]}}],"collection":[{"href":"https:\/\/glotomania.com\/pt-pt\/wp-json\/wp\/v2\/product"}],"about":[{"href":"https:\/\/glotomania.com\/pt-pt\/wp-json\/wp\/v2\/types\/product"}],"replies":[{"embeddable":true,"href":"https:\/\/glotomania.com\/pt-pt\/wp-json\/wp\/v2\/comments?post=388795"}],"wp:featuredmedia":[{"embeddable":true,"href":"https:\/\/glotomania.com\/pt-pt\/wp-json\/wp\/v2\/media\/350381"}],"wp:attachment":[{"href":"https:\/\/glotomania.com\/pt-pt\/wp-json\/wp\/v2\/media?parent=388795"}],"wp:term":[{"taxonomy":"pwb-brand","embeddable":true,"href":"https:\/\/glotomania.com\/pt-pt\/wp-json\/wp\/v2\/pwb-brand?post=388795"},{"taxonomy":"product_brand","embeddable":true,"href":"https:\/\/glotomania.com\/pt-pt\/wp-json\/wp\/v2\/product_brand?post=388795"},{"taxonomy":"product_cat","embeddable":true,"href":"https:\/\/glotomania.com\/pt-pt\/wp-json\/wp\/v2\/product_cat?post=388795"},{"taxonomy":"product_tag","embeddable":true,"href":"https:\/\/glotomania.com\/pt-pt\/wp-json\/wp\/v2\/product_tag?post=388795"}],"curies":[{"name":"wp","href":"https:\/\/api.w.org\/{rel}","templated":true}]}}