{"id":388797,"date":"2025-09-02T10:39:11","date_gmt":"2025-09-02T10:39:11","guid":{"rendered":"https:\/\/glotomania.com\/p\/anillo-ajustable-para-tartas-extra-profundo-dr-oetker-2\/"},"modified":"2026-04-26T00:20:49","modified_gmt":"2026-04-26T00:20:49","slug":"anillo-ajustable-para-tartas-extra-profundo-dr-oetker-2","status":"publish","type":"product","link":"https:\/\/glotomania.com\/pt-pt\/p\/anillo-ajustable-para-tartas-extra-profundo-dr-oetker-2\/","title":{"rendered":"Anel De Bolo Ajust\u00c1vel (extra Profundo) &#8211; Dr. Oetker"},"content":{"rendered":"<p>&nbsp;<\/p>\n<p><span style=\"font-size:14px\">Fabricado em <strong>a&ccedil;o inoxid&aacute;vel<\/strong>, adequado para uso alimentar. Ap&oacute;s cada utiliza&ccedil;&atilde;o, o produto pode ser lavado na m&aacute;quina de lavar lou&ccedil;a.<\/span><\/p>\n<p><span style=\"font-size:14px\"><strong>Dimens&otilde;es<\/strong>: ajust&aacute;vel de 16 a 30 cm. &#8211; Adequado para bolos de at&eacute; 15 cm de altura.<\/span><\/p>\n<p><em><span style=\"font-size:14px\"><strong>Dr. Oetker <\/strong>representa 125 anos de produtos de qualidade garantida e inovadores. Apenas os melhores materiais s&atilde;o utilizados e todos os produtos s&atilde;o minuciosamente testados na cozinha de testes da <strong>Dr. Oetker<\/strong>.<\/span><\/em><\/p>\n","protected":false},"excerpt":{"rendered":"<p>Este anel ajust\u00e1vel extra alto da Dr. Oetker torna a constru\u00e7\u00e3o do bolo f\u00e1cil &#8211; perfeito para criar bolos de camada impressionante!<\/p>\n","protected":false},"featured_media":350382,"comment_status":"open","ping_status":"closed","template":"","meta":{"_acf_changed":false},"pwb-brand":[],"product_brand":[],"product_cat":[3106,3124,3217,3214,3087,1820,1823,1802,1801,1804,1767],"product_tag":[],"class_list":{"0":"post-388797","1":"product","2":"type-product","3":"status-publish","4":"has-post-thumbnail","6":"product_cat-basicos-de-pastelaria","7":"product_cat-ferramentas-de-corte-e-modelacao-2","8":"product_cat-moldes-de-formas-especiais","9":"product_cat-moldes-de-pastelaria","10":"product_cat-ordem-e-armazenamento","11":"product_cat-basicos","12":"product_cat-herramientas-corte-y-modelado","13":"product_cat-moldes-metal","14":"product_cat-moldes","15":"product_cat-moldes-redondos","16":"product_cat-utensilios","18":"first","19":"instock","20":"taxable","21":"shipping-taxable","22":"purchasable","23":"product-type-simple"},"acf":[],"df_price":16.46,"df_sale_price":16.46,"df_regular_price":23.5,"df_image_link":"https:\/\/glotomania.com\/wp-content\/uploads\/2025\/11\/img_19422_9427c20da7e6fe7aecb8d5812940345a_1-32-300x300.jpg","brands":[],"_links":{"self":[{"href":"https:\/\/glotomania.com\/pt-pt\/wp-json\/wp\/v2\/product\/388797","targetHints":{"allow":["GET"]}}],"collection":[{"href":"https:\/\/glotomania.com\/pt-pt\/wp-json\/wp\/v2\/product"}],"about":[{"href":"https:\/\/glotomania.com\/pt-pt\/wp-json\/wp\/v2\/types\/product"}],"replies":[{"embeddable":true,"href":"https:\/\/glotomania.com\/pt-pt\/wp-json\/wp\/v2\/comments?post=388797"}],"wp:featuredmedia":[{"embeddable":true,"href":"https:\/\/glotomania.com\/pt-pt\/wp-json\/wp\/v2\/media\/350382"}],"wp:attachment":[{"href":"https:\/\/glotomania.com\/pt-pt\/wp-json\/wp\/v2\/media?parent=388797"}],"wp:term":[{"taxonomy":"pwb-brand","embeddable":true,"href":"https:\/\/glotomania.com\/pt-pt\/wp-json\/wp\/v2\/pwb-brand?post=388797"},{"taxonomy":"product_brand","embeddable":true,"href":"https:\/\/glotomania.com\/pt-pt\/wp-json\/wp\/v2\/product_brand?post=388797"},{"taxonomy":"product_cat","embeddable":true,"href":"https:\/\/glotomania.com\/pt-pt\/wp-json\/wp\/v2\/product_cat?post=388797"},{"taxonomy":"product_tag","embeddable":true,"href":"https:\/\/glotomania.com\/pt-pt\/wp-json\/wp\/v2\/product_tag?post=388797"}],"curies":[{"name":"wp","href":"https:\/\/api.w.org\/{rel}","templated":true}]}}