{"id":388799,"date":"2025-09-02T10:39:12","date_gmt":"2025-09-02T10:39:12","guid":{"rendered":"https:\/\/glotomania.com\/p\/papel-de-arroz-wafer-paper-cake-star-2\/"},"modified":"2026-04-29T00:19:44","modified_gmt":"2026-04-29T00:19:44","slug":"papel-de-arroz-wafer-paper-cake-star-2","status":"publish","type":"product","link":"https:\/\/glotomania.com\/pt-pt\/p\/papel-de-arroz-wafer-paper-cake-star-2\/","title":{"rendered":"Papel De Arroz (papel Wafer) &#8211; Cake Star"},"content":{"rendered":"<p>&nbsp;<\/p>\n<p><span style=\"font-size:14px\"><strong>Dimens&otilde;es aproximadas: <\/strong>17,8 x 14,2 cm.<\/span><\/p>\n<p><span style=\"font-size:14px\">O pacote inclui 12 folhas.<\/span><\/p>\n","protected":false},"excerpt":{"rendered":"<p>Papel de arroz branco comest\u00edvel da Cake Star, ideal para decora\u00e7\u00f5es e flores,&#8230; e at\u00e9 para cobrir as nossas latas de bolo prontas a cozer!<\/p>\n","protected":false},"featured_media":347803,"comment_status":"open","ping_status":"closed","template":"","meta":{"_acf_changed":false},"pwb-brand":[],"product_brand":[],"product_cat":[2925,2927,2996,3001,3004,2933,1832,1841,1845,1833,1877,1922],"product_tag":[],"class_list":{"0":"post-388799","1":"product","2":"type-product","3":"status-publish","4":"has-post-thumbnail","6":"product_cat-impressoes-comestiveis","7":"product_cat-papel-comestivel","8":"product_cat-produtos-vegetarianos","9":"product_cat-sem-e-171-2","10":"product_cat-sem-gluten-2","11":"product_cat-wafer-paper","12":"product_cat-diestas-especiales","13":"product_cat-impresiones","14":"product_cat-dieta-sin-e-171","15":"product_cat-dieta-sin-gluten","16":"product_cat-papel-comestible","17":"product_cat-wafer-transfer","19":"first","20":"instock","21":"taxable","22":"shipping-taxable","23":"purchasable","24":"product-type-simple"},"acf":[],"df_price":3.85,"df_sale_price":"","df_regular_price":3.85,"df_image_link":"https:\/\/glotomania.com\/wp-content\/uploads\/2025\/11\/img_19424_1f3e8d910d34097df506df63eb90a63e_1-33-300x300.jpg","brands":[],"_links":{"self":[{"href":"https:\/\/glotomania.com\/pt-pt\/wp-json\/wp\/v2\/product\/388799","targetHints":{"allow":["GET"]}}],"collection":[{"href":"https:\/\/glotomania.com\/pt-pt\/wp-json\/wp\/v2\/product"}],"about":[{"href":"https:\/\/glotomania.com\/pt-pt\/wp-json\/wp\/v2\/types\/product"}],"replies":[{"embeddable":true,"href":"https:\/\/glotomania.com\/pt-pt\/wp-json\/wp\/v2\/comments?post=388799"}],"wp:featuredmedia":[{"embeddable":true,"href":"https:\/\/glotomania.com\/pt-pt\/wp-json\/wp\/v2\/media\/347803"}],"wp:attachment":[{"href":"https:\/\/glotomania.com\/pt-pt\/wp-json\/wp\/v2\/media?parent=388799"}],"wp:term":[{"taxonomy":"pwb-brand","embeddable":true,"href":"https:\/\/glotomania.com\/pt-pt\/wp-json\/wp\/v2\/pwb-brand?post=388799"},{"taxonomy":"product_brand","embeddable":true,"href":"https:\/\/glotomania.com\/pt-pt\/wp-json\/wp\/v2\/product_brand?post=388799"},{"taxonomy":"product_cat","embeddable":true,"href":"https:\/\/glotomania.com\/pt-pt\/wp-json\/wp\/v2\/product_cat?post=388799"},{"taxonomy":"product_tag","embeddable":true,"href":"https:\/\/glotomania.com\/pt-pt\/wp-json\/wp\/v2\/product_tag?post=388799"}],"curies":[{"name":"wp","href":"https:\/\/api.w.org\/{rel}","templated":true}]}}