{"id":388811,"date":"2025-09-02T10:39:20","date_gmt":"2025-09-02T10:39:20","guid":{"rendered":"https:\/\/glotomania.com\/p\/laminas-papel-de-azucar-pastkolor-sin-e-171-super-2\/"},"modified":"2026-04-14T06:44:29","modified_gmt":"2026-04-14T06:44:29","slug":"laminas-papel-de-azucar-pastkolor-sin-e-171-super-2","status":"publish","type":"product","link":"https:\/\/glotomania.com\/pt-pt\/p\/laminas-papel-de-azucar-pastkolor-sin-e-171-super-2\/","title":{"rendered":"Folhas De Papel De A\u00c7\u00dacar Pastkolor (sem E-171) &#8211; Super"},"content":{"rendered":"<p>&nbsp;<\/p>\n<p><span style=\"font-size:14px\">As laminas de papel s&atilde;o adequadas para utiliza&ccedil;&atilde;o em bases de creme animal e vegetal e pasta de a&ccedil;&uacute;car. Obten&ccedil;&atilde;o de um resultado mais &oacute;ptimo sobre as elabora&ccedil;&otilde;es baseadas em <u>creme de manteiga<\/u> ou <u>fondant<\/u>.<\/span><\/p>\n<p><strong><span style=\"font-size:14px\">N&atilde;o &eacute; recomendado para utiliza&ccedil;&atilde;o em bases oleosas, como o chocolate, pois pode absorver o &oacute;leo, alterando o resultado final.<\/span><\/strong><\/p>\n<p><strong><span style=\"font-size:14px\">M&eacute;todo de utiliza&ccedil;&atilde;o:<\/span><\/strong><\/p>\n<ul>\n<li><span style=\"font-size:14px\">Imprimir a folha e esperar que a cor seque durante aproximadamente 2 horas.<\/span><\/li>\n<li><span style=\"font-size:14px\">Colocar a folha de papel sobre o bolo, certificando-se de que &eacute; completamente aderida. Para melhores resultados, &eacute; recomendado cobrir o bolo com chocolate branco ou creme de manteiga (entre outros).<\/span><\/li>\n<li><span style=\"font-size:14px\">Se for desejada uma impress&atilde;o mais brilhante, pode ser aplicada &agrave; superf&iacute;cie uma fina camada de cobertura&nbsp;brilhante.<\/span><\/li>\n<\/ul>\n","protected":false},"excerpt":{"rendered":"<p>Inclui 25 folhas de papel de a\u00e7\u00facar comest\u00edvel tamanho A4, perfeito para fazer impress\u00f5es.<\/p>\n","protected":false},"featured_media":154743,"comment_status":"open","ping_status":"closed","template":"","meta":{"_acf_changed":false,"_joinchat":[]},"pwb-brand":[],"product_brand":[],"product_cat":[1832,1841,2925,1845,1833,2929,1877,2927,1903,2996,3001,3004],"product_tag":[],"class_list":{"0":"post-388811","1":"product","2":"type-product","3":"status-publish","4":"has-post-thumbnail","6":"product_cat-diestas-especiales","7":"product_cat-impresiones","8":"product_cat-impressoes-comestiveis","9":"product_cat-dieta-sin-e-171","10":"product_cat-dieta-sin-gluten","11":"product_cat-papel-com-acucar-comestivel","12":"product_cat-papel-comestible","13":"product_cat-papel-comestivel","14":"product_cat-papel-azucar","15":"product_cat-produtos-vegetarianos","16":"product_cat-sem-e-171-2","17":"product_cat-sem-gluten-2","19":"first","20":"instock","21":"taxable","22":"shipping-taxable","23":"purchasable","24":"product-type-simple"},"acf":[],"df_price":34.95,"df_sale_price":"","df_regular_price":34.95,"df_image_link":"https:\/\/glotomania.com\/wp-content\/uploads\/2025\/09\/img_21769_5f207adf07d30223136196cbdfe9729c_1-300x300.png","brands":[],"_links":{"self":[{"href":"https:\/\/glotomania.com\/pt-pt\/wp-json\/wp\/v2\/product\/388811","targetHints":{"allow":["GET"]}}],"collection":[{"href":"https:\/\/glotomania.com\/pt-pt\/wp-json\/wp\/v2\/product"}],"about":[{"href":"https:\/\/glotomania.com\/pt-pt\/wp-json\/wp\/v2\/types\/product"}],"replies":[{"embeddable":true,"href":"https:\/\/glotomania.com\/pt-pt\/wp-json\/wp\/v2\/comments?post=388811"}],"wp:featuredmedia":[{"embeddable":true,"href":"https:\/\/glotomania.com\/pt-pt\/wp-json\/wp\/v2\/media\/154743"}],"wp:attachment":[{"href":"https:\/\/glotomania.com\/pt-pt\/wp-json\/wp\/v2\/media?parent=388811"}],"wp:term":[{"taxonomy":"pwb-brand","embeddable":true,"href":"https:\/\/glotomania.com\/pt-pt\/wp-json\/wp\/v2\/pwb-brand?post=388811"},{"taxonomy":"product_brand","embeddable":true,"href":"https:\/\/glotomania.com\/pt-pt\/wp-json\/wp\/v2\/product_brand?post=388811"},{"taxonomy":"product_cat","embeddable":true,"href":"https:\/\/glotomania.com\/pt-pt\/wp-json\/wp\/v2\/product_cat?post=388811"},{"taxonomy":"product_tag","embeddable":true,"href":"https:\/\/glotomania.com\/pt-pt\/wp-json\/wp\/v2\/product_tag?post=388811"}],"curies":[{"name":"wp","href":"https:\/\/api.w.org\/{rel}","templated":true}]}}