{"id":388813,"date":"2025-09-02T10:39:21","date_gmt":"2025-09-02T10:39:21","guid":{"rendered":"https:\/\/glotomania.com\/p\/molde-para-chocolate-huevos-3d-wilton-2\/"},"modified":"2026-03-19T07:47:57","modified_gmt":"2026-03-19T07:47:57","slug":"molde-para-chocolate-huevos-3d-wilton-2","status":"publish","type":"product","link":"https:\/\/glotomania.com\/pt-pt\/p\/molde-para-chocolate-huevos-3d-wilton-2\/","title":{"rendered":"Molde De Ovo De Chocolate (3d) &#8211; Wilton"},"content":{"rendered":"<p>&nbsp;<\/p>\n<p><span style=\"font-size:14px\">Fabricado em pl&aacute;stico transparente de alta qualidade, adequado para uso alimentar.<\/span><\/p>\n<p><strong><span style=\"font-size:14px\">Inclui 2 moldes com 3 cavidades cada um.<\/span><\/strong><\/p>\n<p><em><span style=\"font-size:14px\">N&atilde;o &eacute; lav&aacute;vel na m&aacute;quina de lavar lou&ccedil;a. Lavar &agrave; m&atilde;o antes de usar com &aacute;gua e sab&atilde;o suave.<\/span><\/em><\/p>\n","protected":false},"excerpt":{"rendered":"<p>Fa\u00e7a ovos 3D perfeitos para a P\u00e1scoa com este fant\u00e1stico molde de chocolate e doces da Wilton.<\/p>\n","protected":false},"featured_media":347871,"comment_status":"open","ping_status":"closed","template":"","meta":{"_acf_changed":false},"pwb-brand":[],"product_brand":[],"product_cat":[2907,3214,1918,3221,1801,1884,3223,3087,2921,1849,1858,1767],"product_tag":[],"class_list":{"0":"post-388813","1":"product","2":"type-product","3":"status-publish","4":"has-post-thumbnail","6":"product_cat-festas","7":"product_cat-moldes-de-pastelaria","8":"product_cat-moldes-plastico","9":"product_cat-moldes-de-plastico","10":"product_cat-moldes","11":"product_cat-moldes-chocolate","12":"product_cat-moldes-para-chocolate","13":"product_cat-ordem-e-armazenamento","14":"product_cat-pascoa","15":"product_cat-fiestas","16":"product_cat-pascua","17":"product_cat-utensilios","19":"first","20":"instock","21":"taxable","22":"shipping-taxable","23":"purchasable","24":"product-type-simple"},"acf":[],"df_price":2.99,"df_sale_price":"","df_regular_price":2.99,"df_image_link":"https:\/\/glotomania.com\/wp-content\/uploads\/2025\/11\/img_19486_5d49ebea3af86a3ef50ac0c7d788ed77_1-22-300x300.jpg","brands":[],"_links":{"self":[{"href":"https:\/\/glotomania.com\/pt-pt\/wp-json\/wp\/v2\/product\/388813","targetHints":{"allow":["GET"]}}],"collection":[{"href":"https:\/\/glotomania.com\/pt-pt\/wp-json\/wp\/v2\/product"}],"about":[{"href":"https:\/\/glotomania.com\/pt-pt\/wp-json\/wp\/v2\/types\/product"}],"replies":[{"embeddable":true,"href":"https:\/\/glotomania.com\/pt-pt\/wp-json\/wp\/v2\/comments?post=388813"}],"wp:featuredmedia":[{"embeddable":true,"href":"https:\/\/glotomania.com\/pt-pt\/wp-json\/wp\/v2\/media\/347871"}],"wp:attachment":[{"href":"https:\/\/glotomania.com\/pt-pt\/wp-json\/wp\/v2\/media?parent=388813"}],"wp:term":[{"taxonomy":"pwb-brand","embeddable":true,"href":"https:\/\/glotomania.com\/pt-pt\/wp-json\/wp\/v2\/pwb-brand?post=388813"},{"taxonomy":"product_brand","embeddable":true,"href":"https:\/\/glotomania.com\/pt-pt\/wp-json\/wp\/v2\/product_brand?post=388813"},{"taxonomy":"product_cat","embeddable":true,"href":"https:\/\/glotomania.com\/pt-pt\/wp-json\/wp\/v2\/product_cat?post=388813"},{"taxonomy":"product_tag","embeddable":true,"href":"https:\/\/glotomania.com\/pt-pt\/wp-json\/wp\/v2\/product_tag?post=388813"}],"curies":[{"name":"wp","href":"https:\/\/api.w.org\/{rel}","templated":true}]}}