{"id":388820,"date":"2025-09-02T10:39:25","date_gmt":"2025-09-02T10:39:25","guid":{"rendered":"https:\/\/glotomania.com\/p\/mangas-pasteleras-desechables-wilton-flores-30-cm-2\/"},"modified":"2026-04-29T00:22:02","modified_gmt":"2026-04-29T00:22:02","slug":"mangas-pasteleras-desechables-wilton-flores-30-cm-2","status":"publish","type":"product","link":"https:\/\/glotomania.com\/pt-pt\/p\/mangas-pasteleras-desechables-wilton-flores-30-cm-2\/","title":{"rendered":"Sacos De Pasteleiro Descart\u00c1veis Wilton &#8211; Flores 30 Cm"},"content":{"rendered":"<p>&nbsp;<\/p>\n<p><span style=\"font-size:14px\">Feito de pl&aacute;stico forte e flex&iacute;vel, suficientemente forte para trabalhar com gelo real e creme de manteiga.<\/span><\/p>\n<p><span style=\"font-size:14px\"><strong>Medidas<\/strong>: 30,4 cm.<\/span><\/p>\n","protected":false},"excerpt":{"rendered":"<p>Conjunto de 10 sacos de canaliza\u00e7\u00e3o descart\u00e1veis Wilton com um belo desenho floral, feitos de pl\u00e1stico forte e flex\u00edvel.<\/p>\n","protected":false},"featured_media":350396,"comment_status":"open","ping_status":"closed","template":"","meta":{"_acf_changed":false},"pwb-brand":[],"product_brand":[],"product_cat":[3106,3106,2907,3126,3087,2921,2907,2921,3126,3087],"product_tag":[],"class_list":{"0":"post-388820","1":"product","2":"type-product","3":"status-publish","4":"has-post-thumbnail","6":"product_cat-basicos-de-pastelaria","8":"product_cat-festas","9":"product_cat-sacos-de-pasteleiro-e-acessorios-2","10":"product_cat-ordem-e-armazenamento","11":"product_cat-pascoa","17":"first","18":"instock","19":"taxable","20":"shipping-taxable","21":"purchasable","22":"product-type-simple"},"acf":[],"df_price":4.95,"df_sale_price":3.46,"df_regular_price":4.95,"df_image_link":"https:\/\/glotomania.com\/wp-content\/uploads\/2025\/11\/img_19502_61777f36a5c8ba51a8a6c8783a840c6d_1-26-300x300.jpg","brands":[],"_links":{"self":[{"href":"https:\/\/glotomania.com\/pt-pt\/wp-json\/wp\/v2\/product\/388820","targetHints":{"allow":["GET"]}}],"collection":[{"href":"https:\/\/glotomania.com\/pt-pt\/wp-json\/wp\/v2\/product"}],"about":[{"href":"https:\/\/glotomania.com\/pt-pt\/wp-json\/wp\/v2\/types\/product"}],"replies":[{"embeddable":true,"href":"https:\/\/glotomania.com\/pt-pt\/wp-json\/wp\/v2\/comments?post=388820"}],"wp:featuredmedia":[{"embeddable":true,"href":"https:\/\/glotomania.com\/pt-pt\/wp-json\/wp\/v2\/media\/350396"}],"wp:attachment":[{"href":"https:\/\/glotomania.com\/pt-pt\/wp-json\/wp\/v2\/media?parent=388820"}],"wp:term":[{"taxonomy":"pwb-brand","embeddable":true,"href":"https:\/\/glotomania.com\/pt-pt\/wp-json\/wp\/v2\/pwb-brand?post=388820"},{"taxonomy":"product_brand","embeddable":true,"href":"https:\/\/glotomania.com\/pt-pt\/wp-json\/wp\/v2\/product_brand?post=388820"},{"taxonomy":"product_cat","embeddable":true,"href":"https:\/\/glotomania.com\/pt-pt\/wp-json\/wp\/v2\/product_cat?post=388820"},{"taxonomy":"product_tag","embeddable":true,"href":"https:\/\/glotomania.com\/pt-pt\/wp-json\/wp\/v2\/product_tag?post=388820"}],"curies":[{"name":"wp","href":"https:\/\/api.w.org\/{rel}","templated":true}]}}