{"id":388821,"date":"2025-09-02T10:39:26","date_gmt":"2025-09-02T10:39:26","guid":{"rendered":"https:\/\/glotomania.com\/p\/bolsas-para-dulces-wilton-conejo-pascua-20-u-2\/"},"modified":"2026-04-25T00:32:55","modified_gmt":"2026-04-25T00:32:55","slug":"bolsas-para-dulces-wilton-conejo-pascua-20-u-2","status":"publish","type":"product","link":"https:\/\/glotomania.com\/pt-pt\/p\/bolsas-para-dulces-wilton-conejo-pascua-20-u-2\/","title":{"rendered":"Sacos De Doces Wilton &#8211; Coelhinho De P\u00c1scoa (20 Unid.)"},"content":{"rendered":"<p>&nbsp;<\/p>\n<p><span style=\"font-size:14px\">Cont&eacute;m 20 sacos e 20 fitas de fecho.<\/span><\/p>\n<p><span style=\"font-size:14px\"><strong>Dimens&otilde;es aproximadas: <\/strong>11 x 23,5 cm.<\/span><\/p>\n","protected":false},"excerpt":{"rendered":"<p>Estes divertidos sacos de presentes Wilton s\u00e3o perfeitos para a P\u00e1scoa! Podem ser usados para embrulhar biscoitos, doces e outros rebu\u00e7ados.<\/p>\n","protected":false},"featured_media":347852,"comment_status":"open","ping_status":"closed","template":"","meta":{"_acf_changed":false},"pwb-brand":[],"product_brand":[],"product_cat":[2006,2005,2907,3087,2921,1849,1858,3149,3153,1767],"product_tag":[],"class_list":{"0":"post-388821","1":"product","2":"type-product","3":"status-publish","4":"has-post-thumbnail","6":"product_cat-bolsas-dulces","7":"product_cat-bolsas","8":"product_cat-festas","9":"product_cat-ordem-e-armazenamento","10":"product_cat-pascoa","11":"product_cat-fiestas","12":"product_cat-pascua","13":"product_cat-sacos-de-pastelaria-2","14":"product_cat-sacos-para-doces-2","15":"product_cat-utensilios","17":"first","18":"instock","19":"taxable","20":"shipping-taxable","21":"purchasable","22":"product-type-simple"},"acf":[],"df_price":2.41,"df_sale_price":1.68,"df_regular_price":2.41,"df_image_link":"https:\/\/glotomania.com\/wp-content\/uploads\/2025\/11\/img_19504_80402092af1803e8242bc6ef9ca5997d_1-25-300x300.jpg","brands":[],"_links":{"self":[{"href":"https:\/\/glotomania.com\/pt-pt\/wp-json\/wp\/v2\/product\/388821","targetHints":{"allow":["GET"]}}],"collection":[{"href":"https:\/\/glotomania.com\/pt-pt\/wp-json\/wp\/v2\/product"}],"about":[{"href":"https:\/\/glotomania.com\/pt-pt\/wp-json\/wp\/v2\/types\/product"}],"replies":[{"embeddable":true,"href":"https:\/\/glotomania.com\/pt-pt\/wp-json\/wp\/v2\/comments?post=388821"}],"wp:featuredmedia":[{"embeddable":true,"href":"https:\/\/glotomania.com\/pt-pt\/wp-json\/wp\/v2\/media\/347852"}],"wp:attachment":[{"href":"https:\/\/glotomania.com\/pt-pt\/wp-json\/wp\/v2\/media?parent=388821"}],"wp:term":[{"taxonomy":"pwb-brand","embeddable":true,"href":"https:\/\/glotomania.com\/pt-pt\/wp-json\/wp\/v2\/pwb-brand?post=388821"},{"taxonomy":"product_brand","embeddable":true,"href":"https:\/\/glotomania.com\/pt-pt\/wp-json\/wp\/v2\/product_brand?post=388821"},{"taxonomy":"product_cat","embeddable":true,"href":"https:\/\/glotomania.com\/pt-pt\/wp-json\/wp\/v2\/product_cat?post=388821"},{"taxonomy":"product_tag","embeddable":true,"href":"https:\/\/glotomania.com\/pt-pt\/wp-json\/wp\/v2\/product_tag?post=388821"}],"curies":[{"name":"wp","href":"https:\/\/api.w.org\/{rel}","templated":true}]}}