{"id":388823,"date":"2025-09-02T10:39:27","date_gmt":"2025-09-02T10:39:27","guid":{"rendered":"https:\/\/glotomania.com\/p\/decoraciones-de-azucar-funcakes-flores-purpuras-2\/"},"modified":"2026-04-21T10:49:35","modified_gmt":"2026-04-21T10:49:35","slug":"decoraciones-de-azucar-funcakes-flores-purpuras-2","status":"publish","type":"product","link":"https:\/\/glotomania.com\/pt-pt\/p\/decoraciones-de-azucar-funcakes-flores-purpuras-2\/","title":{"rendered":"Decora\u00c7\u00d5es De A\u00c7\u00dacar Funcakes &#8211; Flores Purpura"},"content":{"rendered":"<p>&nbsp;<\/p>\n<p><span style=\"font-size: 14px\"><strong>Tamanho aproximado:&nbsp;<\/strong>2,4 cm.<\/span><\/p>\n<p><span style=\"font-size: 14px\">A caixa inclui 32 unidades:&nbsp;<\/span><span style=\"font-size: 14px\">12 brancas e 12 roxas.<\/span><\/p>\n","protected":false},"excerpt":{"rendered":"<p>24 decora\u00e7\u00f5es de a\u00e7\u00facar Funcakes em forma de flores, em branco e p\u00farpura.<\/p>\n","protected":false},"featured_media":347840,"comment_status":"open","ping_status":"closed","template":"","meta":{"_acf_changed":false},"pwb-brand":[],"product_brand":[],"product_cat":[2908,2910,2911,1839,2979,1832,2907,2988,1999,1845,1833,2921,2996,1888,1862,1885,1849,1858,3001,3004],"product_tag":[],"class_list":{"0":"post-388823","1":"product","2":"type-product","3":"status-publish","4":"has-post-thumbnail","6":"product_cat-batizados","7":"product_cat-casamentos-2","8":"product_cat-comunhoes","9":"product_cat-decoracion-comestible","10":"product_cat-decoracoes-comestiveis-2","11":"product_cat-diestas-especiales","12":"product_cat-festas","13":"product_cat-figuras-de-acucar-comestiveis-2","14":"product_cat-figuras-de-azucar","15":"product_cat-dieta-sin-e-171","16":"product_cat-dieta-sin-gluten","17":"product_cat-pascoa","18":"product_cat-produtos-vegetarianos","19":"product_cat-bodas","20":"product_cat-comuniones","21":"product_cat-bautizos","22":"product_cat-fiestas","23":"product_cat-pascua","24":"product_cat-sem-e-171-2","25":"product_cat-sem-gluten-2","27":"first","28":"instock","29":"taxable","30":"shipping-taxable","31":"purchasable","32":"product-type-simple"},"acf":[],"df_price":4.13,"df_sale_price":"","df_regular_price":4.13,"df_image_link":"https:\/\/glotomania.com\/wp-content\/uploads\/2025\/11\/img_19509_fce7fd71590e4f690925983097952d56_1-17-300x300.jpg","brands":[],"_links":{"self":[{"href":"https:\/\/glotomania.com\/pt-pt\/wp-json\/wp\/v2\/product\/388823","targetHints":{"allow":["GET"]}}],"collection":[{"href":"https:\/\/glotomania.com\/pt-pt\/wp-json\/wp\/v2\/product"}],"about":[{"href":"https:\/\/glotomania.com\/pt-pt\/wp-json\/wp\/v2\/types\/product"}],"replies":[{"embeddable":true,"href":"https:\/\/glotomania.com\/pt-pt\/wp-json\/wp\/v2\/comments?post=388823"}],"wp:featuredmedia":[{"embeddable":true,"href":"https:\/\/glotomania.com\/pt-pt\/wp-json\/wp\/v2\/media\/347840"}],"wp:attachment":[{"href":"https:\/\/glotomania.com\/pt-pt\/wp-json\/wp\/v2\/media?parent=388823"}],"wp:term":[{"taxonomy":"pwb-brand","embeddable":true,"href":"https:\/\/glotomania.com\/pt-pt\/wp-json\/wp\/v2\/pwb-brand?post=388823"},{"taxonomy":"product_brand","embeddable":true,"href":"https:\/\/glotomania.com\/pt-pt\/wp-json\/wp\/v2\/product_brand?post=388823"},{"taxonomy":"product_cat","embeddable":true,"href":"https:\/\/glotomania.com\/pt-pt\/wp-json\/wp\/v2\/product_cat?post=388823"},{"taxonomy":"product_tag","embeddable":true,"href":"https:\/\/glotomania.com\/pt-pt\/wp-json\/wp\/v2\/product_tag?post=388823"}],"curies":[{"name":"wp","href":"https:\/\/api.w.org\/{rel}","templated":true}]}}