{"id":388824,"date":"2025-09-02T10:39:28","date_gmt":"2025-09-02T10:39:28","guid":{"rendered":"https:\/\/glotomania.com\/p\/decoraciones-de-azucar-funcakes-flores-pastel-2\/"},"modified":"2026-04-06T11:48:57","modified_gmt":"2026-04-06T11:48:57","slug":"decoraciones-de-azucar-funcakes-flores-pastel-2","status":"publish","type":"product","link":"https:\/\/glotomania.com\/pt-pt\/p\/decoraciones-de-azucar-funcakes-flores-pastel-2\/","title":{"rendered":"Decora\u00c7\u00d5es De A\u00c7\u00dacar Funcakes &#8211; Flores Pastel"},"content":{"rendered":"<p>&nbsp;<\/p>\n<p><span style=\"font-size: 14px\"><strong>Tamanho aproximado:<u>&nbsp;<\/u><\/strong><u>Flores grandes<\/u> 2,3 cm &#8211; <u>Flores pequenas <\/u>1,5 cm.<\/span><\/p>\n<p><span style=\"font-size: 14px\">A caixa inclui 32 unidades: 18 flores grandes e 14 flores pequenas.<\/span><\/p>\n","protected":false},"excerpt":{"rendered":"<p>32 decora\u00e7\u00f5es de a\u00e7\u00facar Funcakes em forma de flores de diferentes tamanhos, em cores pastel.<\/p>\n","protected":false},"featured_media":350398,"comment_status":"open","ping_status":"closed","template":"","meta":{"_acf_changed":false},"pwb-brand":[],"product_brand":[],"product_cat":[2908,2911,1839,2979,1832,2907,2988,1999,1845,1833,2921,2996,1862,1885,1849,1858,3001,3004],"product_tag":[],"class_list":{"0":"post-388824","1":"product","2":"type-product","3":"status-publish","4":"has-post-thumbnail","6":"product_cat-batizados","7":"product_cat-comunhoes","8":"product_cat-decoracion-comestible","9":"product_cat-decoracoes-comestiveis-2","10":"product_cat-diestas-especiales","11":"product_cat-festas","12":"product_cat-figuras-de-acucar-comestiveis-2","13":"product_cat-figuras-de-azucar","14":"product_cat-dieta-sin-e-171","15":"product_cat-dieta-sin-gluten","16":"product_cat-pascoa","17":"product_cat-produtos-vegetarianos","18":"product_cat-comuniones","19":"product_cat-bautizos","20":"product_cat-fiestas","21":"product_cat-pascua","22":"product_cat-sem-e-171-2","23":"product_cat-sem-gluten-2","25":"first","26":"instock","27":"taxable","28":"shipping-taxable","29":"purchasable","30":"product-type-simple"},"acf":[],"df_price":4.13,"df_sale_price":"","df_regular_price":4.13,"df_image_link":"https:\/\/glotomania.com\/wp-content\/uploads\/2025\/11\/img_19511_4056fd30860f4ddb3253a6c1f40660ca_1-30-300x300.jpg","brands":[],"_links":{"self":[{"href":"https:\/\/glotomania.com\/pt-pt\/wp-json\/wp\/v2\/product\/388824","targetHints":{"allow":["GET"]}}],"collection":[{"href":"https:\/\/glotomania.com\/pt-pt\/wp-json\/wp\/v2\/product"}],"about":[{"href":"https:\/\/glotomania.com\/pt-pt\/wp-json\/wp\/v2\/types\/product"}],"replies":[{"embeddable":true,"href":"https:\/\/glotomania.com\/pt-pt\/wp-json\/wp\/v2\/comments?post=388824"}],"wp:featuredmedia":[{"embeddable":true,"href":"https:\/\/glotomania.com\/pt-pt\/wp-json\/wp\/v2\/media\/350398"}],"wp:attachment":[{"href":"https:\/\/glotomania.com\/pt-pt\/wp-json\/wp\/v2\/media?parent=388824"}],"wp:term":[{"taxonomy":"pwb-brand","embeddable":true,"href":"https:\/\/glotomania.com\/pt-pt\/wp-json\/wp\/v2\/pwb-brand?post=388824"},{"taxonomy":"product_brand","embeddable":true,"href":"https:\/\/glotomania.com\/pt-pt\/wp-json\/wp\/v2\/product_brand?post=388824"},{"taxonomy":"product_cat","embeddable":true,"href":"https:\/\/glotomania.com\/pt-pt\/wp-json\/wp\/v2\/product_cat?post=388824"},{"taxonomy":"product_tag","embeddable":true,"href":"https:\/\/glotomania.com\/pt-pt\/wp-json\/wp\/v2\/product_tag?post=388824"}],"curies":[{"name":"wp","href":"https:\/\/api.w.org\/{rel}","templated":true}]}}