{"id":388828,"date":"2025-09-18T10:50:16","date_gmt":"2025-09-18T10:50:16","guid":{"rendered":"https:\/\/glotomania.com\/p\/sprinkles-funcakes-pascua-happy-easter-65-g-2\/"},"modified":"2026-03-13T15:00:24","modified_gmt":"2026-03-13T15:00:24","slug":"sprinkles-funcakes-pascua-happy-easter-65-g-2","status":"publish","type":"product","link":"https:\/\/glotomania.com\/pt-pt\/p\/sprinkles-funcakes-pascua-happy-easter-65-g-2\/","title":{"rendered":"Sprinkles Funcakes &#8211; Pascoa (&#8220;happy Easter&#8221;) 65 G"},"content":{"rendered":"<p>&nbsp;<\/p>\n<p><span style=\"font-size:14px\">Inclui coelhinhos brancos, cenouras cor de laranja, pintos amarelos, bolas em relevo amarelo, lascas planas (laranja, amarelo e roxo), p&eacute;rolas (laranja e verde) e nonpareils (amarelo, roxo e verde).<\/span><\/p>\n","protected":false},"excerpt":{"rendered":"<p>Mistura de decora\u00e7\u00f5es comest\u00edveis de funcakes, ideal para decorar as nossas cria\u00e7\u00f5es da P\u00e1scoa.<\/p>\n","protected":false},"featured_media":365231,"comment_status":"open","ping_status":"closed","template":"","meta":{"_acf_changed":false},"pwb-brand":[],"product_brand":[],"product_cat":[2979,2982,2979,2982,2996,2907,3001,2921,2996,2907,2921,3001],"product_tag":[],"class_list":{"0":"post-388828","1":"product","2":"type-product","3":"status-publish","4":"has-post-thumbnail","6":"product_cat-decoracoes-comestiveis-2","7":"product_cat-decoracoes-de-acucar","10":"product_cat-produtos-vegetarianos","11":"product_cat-festas","12":"product_cat-sem-e-171-2","13":"product_cat-pascoa","19":"first","20":"instock","21":"taxable","22":"shipping-taxable","23":"purchasable","24":"product-type-simple"},"acf":[],"df_price":2.95,"df_sale_price":"","df_regular_price":2.95,"df_image_link":"https:\/\/glotomania.com\/wp-content\/uploads\/2025\/12\/img_19519_1e9acc5370a46352862807106ae85bd3_1.jpg","brands":[],"_links":{"self":[{"href":"https:\/\/glotomania.com\/pt-pt\/wp-json\/wp\/v2\/product\/388828","targetHints":{"allow":["GET"]}}],"collection":[{"href":"https:\/\/glotomania.com\/pt-pt\/wp-json\/wp\/v2\/product"}],"about":[{"href":"https:\/\/glotomania.com\/pt-pt\/wp-json\/wp\/v2\/types\/product"}],"replies":[{"embeddable":true,"href":"https:\/\/glotomania.com\/pt-pt\/wp-json\/wp\/v2\/comments?post=388828"}],"wp:featuredmedia":[{"embeddable":true,"href":"https:\/\/glotomania.com\/pt-pt\/wp-json\/wp\/v2\/media\/365231"}],"wp:attachment":[{"href":"https:\/\/glotomania.com\/pt-pt\/wp-json\/wp\/v2\/media?parent=388828"}],"wp:term":[{"taxonomy":"pwb-brand","embeddable":true,"href":"https:\/\/glotomania.com\/pt-pt\/wp-json\/wp\/v2\/pwb-brand?post=388828"},{"taxonomy":"product_brand","embeddable":true,"href":"https:\/\/glotomania.com\/pt-pt\/wp-json\/wp\/v2\/product_brand?post=388828"},{"taxonomy":"product_cat","embeddable":true,"href":"https:\/\/glotomania.com\/pt-pt\/wp-json\/wp\/v2\/product_cat?post=388828"},{"taxonomy":"product_tag","embeddable":true,"href":"https:\/\/glotomania.com\/pt-pt\/wp-json\/wp\/v2\/product_tag?post=388828"}],"curies":[{"name":"wp","href":"https:\/\/api.w.org\/{rel}","templated":true}]}}