{"id":388829,"date":"2025-09-02T10:39:30","date_gmt":"2025-09-02T10:39:30","guid":{"rendered":"https:\/\/glotomania.com\/p\/sprinkles-funcakes-confeti-xl-tonos-pastel-55-g-2\/"},"modified":"2026-03-10T18:13:47","modified_gmt":"2026-03-10T18:13:47","slug":"sprinkles-funcakes-confeti-xl-tonos-pastel-55-g-2","status":"publish","type":"product","link":"https:\/\/glotomania.com\/pt-pt\/p\/sprinkles-funcakes-confeti-xl-tonos-pastel-55-g-2\/","title":{"rendered":"Sprinkles Funcakes &#8211; Confetti Xl Tons Pasteis (55 G)"},"content":{"rendered":"","protected":false},"excerpt":{"rendered":"<p>Confetti em tons pastel Funcakes, inclui: rosa, branco, azul, verde, amarelo, roxo e laranja, perfeito para dar um toque de cor \u00e0s nossas cria\u00e7\u00f5es!<\/p>\n","protected":false},"featured_media":350402,"comment_status":"open","ping_status":"closed","template":"","meta":{"_acf_changed":false},"pwb-brand":[],"product_brand":[],"product_cat":[1839,1840,2979,2982,1832,2907,1845,2921,2996,1849,1858,3001],"product_tag":[],"class_list":{"0":"post-388829","1":"product","2":"type-product","3":"status-publish","4":"has-post-thumbnail","6":"product_cat-decoracion-comestible","7":"product_cat-decoraciones-azucar-comestibles","8":"product_cat-decoracoes-comestiveis-2","9":"product_cat-decoracoes-de-acucar","10":"product_cat-diestas-especiales","11":"product_cat-festas","12":"product_cat-dieta-sin-e-171","13":"product_cat-pascoa","14":"product_cat-produtos-vegetarianos","15":"product_cat-fiestas","16":"product_cat-pascua","17":"product_cat-sem-e-171-2","19":"first","20":"instock","21":"taxable","22":"shipping-taxable","23":"purchasable","24":"product-type-simple"},"acf":[],"df_price":3.43,"df_sale_price":"","df_regular_price":3.43,"df_image_link":"https:\/\/glotomania.com\/wp-content\/uploads\/2025\/11\/img_19525_90dbcac957145e0299f0f1c5bedff23e_1-25-300x300.jpg","brands":[],"_links":{"self":[{"href":"https:\/\/glotomania.com\/pt-pt\/wp-json\/wp\/v2\/product\/388829","targetHints":{"allow":["GET"]}}],"collection":[{"href":"https:\/\/glotomania.com\/pt-pt\/wp-json\/wp\/v2\/product"}],"about":[{"href":"https:\/\/glotomania.com\/pt-pt\/wp-json\/wp\/v2\/types\/product"}],"replies":[{"embeddable":true,"href":"https:\/\/glotomania.com\/pt-pt\/wp-json\/wp\/v2\/comments?post=388829"}],"wp:featuredmedia":[{"embeddable":true,"href":"https:\/\/glotomania.com\/pt-pt\/wp-json\/wp\/v2\/media\/350402"}],"wp:attachment":[{"href":"https:\/\/glotomania.com\/pt-pt\/wp-json\/wp\/v2\/media?parent=388829"}],"wp:term":[{"taxonomy":"pwb-brand","embeddable":true,"href":"https:\/\/glotomania.com\/pt-pt\/wp-json\/wp\/v2\/pwb-brand?post=388829"},{"taxonomy":"product_brand","embeddable":true,"href":"https:\/\/glotomania.com\/pt-pt\/wp-json\/wp\/v2\/product_brand?post=388829"},{"taxonomy":"product_cat","embeddable":true,"href":"https:\/\/glotomania.com\/pt-pt\/wp-json\/wp\/v2\/product_cat?post=388829"},{"taxonomy":"product_tag","embeddable":true,"href":"https:\/\/glotomania.com\/pt-pt\/wp-json\/wp\/v2\/product_tag?post=388829"}],"curies":[{"name":"wp","href":"https:\/\/api.w.org\/{rel}","templated":true}]}}