{"id":388831,"date":"2025-09-02T10:39:31","date_gmt":"2025-09-02T10:39:31","guid":{"rendered":"https:\/\/glotomania.com\/p\/sprinkles-funcakes-primavera-50-g-2\/"},"modified":"2026-03-10T18:13:50","modified_gmt":"2026-03-10T18:13:50","slug":"sprinkles-funcakes-primavera-50-g-2","status":"publish","type":"product","link":"https:\/\/glotomania.com\/pt-pt\/p\/sprinkles-funcakes-primavera-50-g-2\/","title":{"rendered":"Sprinkles Funcakes &#8211; Primavera 50 G"},"content":{"rendered":"","protected":false},"excerpt":{"rendered":"<p>Mistura de decora\u00e7\u00f5es em a\u00e7\u00facar Funcakes ideal para a primavera, amarelo, verde, azul e branco.<\/p>\n","protected":false},"featured_media":350403,"comment_status":"open","ping_status":"closed","template":"","meta":{"_acf_changed":false},"pwb-brand":[],"product_brand":[],"product_cat":[2979,2982,2907,2921,2996,3001,1839,1840,1832,1845,1849,1858],"product_tag":[],"class_list":{"0":"post-388831","1":"product","2":"type-product","3":"status-publish","4":"has-post-thumbnail","6":"product_cat-decoracoes-comestiveis-2","7":"product_cat-decoracoes-de-acucar","8":"product_cat-festas","9":"product_cat-pascoa","10":"product_cat-produtos-vegetarianos","11":"product_cat-sem-e-171-2","12":"product_cat-decoracion-comestible","13":"product_cat-decoraciones-azucar-comestibles","14":"product_cat-diestas-especiales","15":"product_cat-dieta-sin-e-171","16":"product_cat-fiestas","17":"product_cat-pascua","19":"first","20":"instock","21":"taxable","22":"shipping-taxable","23":"purchasable","24":"product-type-simple"},"acf":[],"df_price":2.99,"df_sale_price":"","df_regular_price":2.99,"df_image_link":"https:\/\/glotomania.com\/wp-content\/uploads\/2025\/11\/img_19528_ac5eaa4ac70ce30745aa55bc00c2c71a_1-25-300x300.jpg","brands":[],"_links":{"self":[{"href":"https:\/\/glotomania.com\/pt-pt\/wp-json\/wp\/v2\/product\/388831","targetHints":{"allow":["GET"]}}],"collection":[{"href":"https:\/\/glotomania.com\/pt-pt\/wp-json\/wp\/v2\/product"}],"about":[{"href":"https:\/\/glotomania.com\/pt-pt\/wp-json\/wp\/v2\/types\/product"}],"replies":[{"embeddable":true,"href":"https:\/\/glotomania.com\/pt-pt\/wp-json\/wp\/v2\/comments?post=388831"}],"wp:featuredmedia":[{"embeddable":true,"href":"https:\/\/glotomania.com\/pt-pt\/wp-json\/wp\/v2\/media\/350403"}],"wp:attachment":[{"href":"https:\/\/glotomania.com\/pt-pt\/wp-json\/wp\/v2\/media?parent=388831"}],"wp:term":[{"taxonomy":"pwb-brand","embeddable":true,"href":"https:\/\/glotomania.com\/pt-pt\/wp-json\/wp\/v2\/pwb-brand?post=388831"},{"taxonomy":"product_brand","embeddable":true,"href":"https:\/\/glotomania.com\/pt-pt\/wp-json\/wp\/v2\/product_brand?post=388831"},{"taxonomy":"product_cat","embeddable":true,"href":"https:\/\/glotomania.com\/pt-pt\/wp-json\/wp\/v2\/product_cat?post=388831"},{"taxonomy":"product_tag","embeddable":true,"href":"https:\/\/glotomania.com\/pt-pt\/wp-json\/wp\/v2\/product_tag?post=388831"}],"curies":[{"name":"wp","href":"https:\/\/api.w.org\/{rel}","templated":true}]}}