{"id":388832,"date":"2025-09-02T10:39:32","date_gmt":"2025-09-02T10:39:32","guid":{"rendered":"https:\/\/glotomania.com\/p\/caja-para-bolleria-kraft-con-ventana-10-x-4-cm-2\/"},"modified":"2026-03-12T14:27:21","modified_gmt":"2026-03-12T14:27:21","slug":"caja-para-bolleria-kraft-con-ventana-10-x-4-cm-2","status":"publish","type":"product","link":"https:\/\/glotomania.com\/pt-pt\/p\/caja-para-bolleria-kraft-con-ventana-10-x-4-cm-2\/","title":{"rendered":"Caixa De Pastelaria Kraft Com Janela &#8211; 10 X 4 Cm"},"content":{"rendered":"<p>&nbsp;<\/p>\n<p><span style=\"font-size:14px\">A parte superior da caixa tem uma <strong>janela <\/strong>de pl&aacute;stico transparente para visualizar o produto. A sua elegante cor kraft permite-lhe personaliz&aacute;-la se assim o desejar.<\/span><\/p>\n<p><span style=\"font-size:14px\"><strong>O forro interior<\/strong> &eacute; feito de pl&aacute;stico &agrave; <strong>prova de gordura <\/strong>(seguro para alimentos).<\/span><\/p>\n<p><span style=\"font-size:14px\">F&aacute;cil de desdobrar e <strong>conveniente de fechar<\/strong>. Fabricado em cart&atilde;o resistente e janela de pl&aacute;stico, seguro para alimentos.<\/span><\/p>\n<p><span style=\"font-size:14px\"><strong>Tamanho<\/strong>: 10 x 10 x 4 cm.<\/span><\/p>\n","protected":false},"excerpt":{"rendered":"<p>Pr\u00e1tica caixa de cart\u00e3o para chocolates, pastelaria, bolos, alimentos salgados,&#8230; para transportar ou como inv\u00f3lucro.<\/p>\n","protected":false},"featured_media":347855,"comment_status":"open","ping_status":"closed","template":"","meta":{"_acf_changed":false},"pwb-brand":[],"product_brand":[],"product_cat":[3158,3168,3162,3087,1921,1785,1782,1767],"product_tag":[],"class_list":{"0":"post-388832","1":"product","2":"type-product","3":"status-publish","4":"has-post-thumbnail","6":"product_cat-caixas-de-pastelaria","7":"product_cat-caixas-para-bolachas-2","8":"product_cat-caixas-para-chocolates-2","9":"product_cat-ordem-e-armazenamento","10":"product_cat-cajas-bombones","11":"product_cat-cajas-galletas","12":"product_cat-cajas","13":"product_cat-utensilios","15":"first","16":"instock","17":"taxable","18":"shipping-taxable","19":"purchasable","20":"product-type-simple"},"acf":[],"df_price":0.45,"df_sale_price":"","df_regular_price":0.45,"df_image_link":"https:\/\/glotomania.com\/wp-content\/uploads\/2025\/11\/img_21905_bd7319602e28047422d0ee3f78922b4d_1-26-300x300.jpg","brands":[],"_links":{"self":[{"href":"https:\/\/glotomania.com\/pt-pt\/wp-json\/wp\/v2\/product\/388832","targetHints":{"allow":["GET"]}}],"collection":[{"href":"https:\/\/glotomania.com\/pt-pt\/wp-json\/wp\/v2\/product"}],"about":[{"href":"https:\/\/glotomania.com\/pt-pt\/wp-json\/wp\/v2\/types\/product"}],"replies":[{"embeddable":true,"href":"https:\/\/glotomania.com\/pt-pt\/wp-json\/wp\/v2\/comments?post=388832"}],"wp:featuredmedia":[{"embeddable":true,"href":"https:\/\/glotomania.com\/pt-pt\/wp-json\/wp\/v2\/media\/347855"}],"wp:attachment":[{"href":"https:\/\/glotomania.com\/pt-pt\/wp-json\/wp\/v2\/media?parent=388832"}],"wp:term":[{"taxonomy":"pwb-brand","embeddable":true,"href":"https:\/\/glotomania.com\/pt-pt\/wp-json\/wp\/v2\/pwb-brand?post=388832"},{"taxonomy":"product_brand","embeddable":true,"href":"https:\/\/glotomania.com\/pt-pt\/wp-json\/wp\/v2\/product_brand?post=388832"},{"taxonomy":"product_cat","embeddable":true,"href":"https:\/\/glotomania.com\/pt-pt\/wp-json\/wp\/v2\/product_cat?post=388832"},{"taxonomy":"product_tag","embeddable":true,"href":"https:\/\/glotomania.com\/pt-pt\/wp-json\/wp\/v2\/product_tag?post=388832"}],"curies":[{"name":"wp","href":"https:\/\/api.w.org\/{rel}","templated":true}]}}