{"id":388833,"date":"2025-09-02T10:39:32","date_gmt":"2025-09-02T10:39:32","guid":{"rendered":"https:\/\/glotomania.com\/p\/decoraciones-de-azucar-funcakes-margaritas-2\/"},"modified":"2026-04-15T17:23:48","modified_gmt":"2026-04-15T17:23:48","slug":"decoraciones-de-azucar-funcakes-margaritas-2","status":"publish","type":"product","link":"https:\/\/glotomania.com\/pt-pt\/p\/decoraciones-de-azucar-funcakes-margaritas-2\/","title":{"rendered":"Decoraciones De Azucar Funcakes &#8211; Margaridas"},"content":{"rendered":"<p>&nbsp;<\/p>\n<p><span style=\"font-size: 14px\"><strong>Tamanho aproximado:&nbsp;<\/strong>2,6 cm.<\/span><\/p>\n<p><span style=\"font-size: 14px\">A caixa inclui 16 unidades.<\/span><\/p>\n","protected":false},"excerpt":{"rendered":"<p>16 decora\u00e7\u00f5es de a\u00e7\u00facar Funcakes com elegante e belo desenho de margaridas brancas.<\/p>\n","protected":false},"featured_media":350405,"comment_status":"open","ping_status":"closed","template":"","meta":{"_acf_changed":false},"pwb-brand":[],"product_brand":[],"product_cat":[1852,2908,1839,2979,1832,2907,2988,1999,1845,1833,2921,2996,1885,1849,1858,2924,3001,3004],"product_tag":[],"class_list":{"0":"post-388833","1":"product","2":"type-product","3":"status-publish","4":"has-post-thumbnail","6":"product_cat-san-valentin","7":"product_cat-batizados","8":"product_cat-decoracion-comestible","9":"product_cat-decoracoes-comestiveis-2","10":"product_cat-diestas-especiales","11":"product_cat-festas","12":"product_cat-figuras-de-acucar-comestiveis-2","13":"product_cat-figuras-de-azucar","14":"product_cat-dieta-sin-e-171","15":"product_cat-dieta-sin-gluten","16":"product_cat-pascoa","17":"product_cat-produtos-vegetarianos","18":"product_cat-bautizos","19":"product_cat-fiestas","20":"product_cat-pascua","21":"product_cat-sao-valentim-2","22":"product_cat-sem-e-171-2","23":"product_cat-sem-gluten-2","25":"first","26":"instock","27":"taxable","28":"shipping-taxable","29":"purchasable","30":"product-type-simple"},"acf":[],"df_price":4.17,"df_sale_price":"","df_regular_price":4.17,"df_image_link":"https:\/\/glotomania.com\/wp-content\/uploads\/2025\/11\/img_19555_2116d27cd16c62d1c92e82772b08dcb5_1-30-300x300.jpg","brands":[],"_links":{"self":[{"href":"https:\/\/glotomania.com\/pt-pt\/wp-json\/wp\/v2\/product\/388833","targetHints":{"allow":["GET"]}}],"collection":[{"href":"https:\/\/glotomania.com\/pt-pt\/wp-json\/wp\/v2\/product"}],"about":[{"href":"https:\/\/glotomania.com\/pt-pt\/wp-json\/wp\/v2\/types\/product"}],"replies":[{"embeddable":true,"href":"https:\/\/glotomania.com\/pt-pt\/wp-json\/wp\/v2\/comments?post=388833"}],"wp:featuredmedia":[{"embeddable":true,"href":"https:\/\/glotomania.com\/pt-pt\/wp-json\/wp\/v2\/media\/350405"}],"wp:attachment":[{"href":"https:\/\/glotomania.com\/pt-pt\/wp-json\/wp\/v2\/media?parent=388833"}],"wp:term":[{"taxonomy":"pwb-brand","embeddable":true,"href":"https:\/\/glotomania.com\/pt-pt\/wp-json\/wp\/v2\/pwb-brand?post=388833"},{"taxonomy":"product_brand","embeddable":true,"href":"https:\/\/glotomania.com\/pt-pt\/wp-json\/wp\/v2\/product_brand?post=388833"},{"taxonomy":"product_cat","embeddable":true,"href":"https:\/\/glotomania.com\/pt-pt\/wp-json\/wp\/v2\/product_cat?post=388833"},{"taxonomy":"product_tag","embeddable":true,"href":"https:\/\/glotomania.com\/pt-pt\/wp-json\/wp\/v2\/product_tag?post=388833"}],"curies":[{"name":"wp","href":"https:\/\/api.w.org\/{rel}","templated":true}]}}