{"id":388834,"date":"2025-09-02T10:39:33","date_gmt":"2025-09-02T10:39:33","guid":{"rendered":"https:\/\/glotomania.com\/p\/decoraciones-de-azucar-funcakes-flores-blancas-2\/"},"modified":"2026-04-14T10:37:00","modified_gmt":"2026-04-14T10:37:00","slug":"decoraciones-de-azucar-funcakes-flores-blancas-2","status":"publish","type":"product","link":"https:\/\/glotomania.com\/pt-pt\/p\/decoraciones-de-azucar-funcakes-flores-blancas-2\/","title":{"rendered":"Decoraciones De Azucar Funcakes &#8211; Flores Brancas"},"content":{"rendered":"<p>&nbsp;<\/p>\n<p><span style=\"font-size: 14px\"><strong>Tamanho aproximado:&nbsp;<\/strong><u>Flores grandes<\/u> 2,3 cm &#8211; <u>Flores pequenas<\/u> 1,5 cm.<\/span><\/p>\n<p><span style=\"font-size: 14px\">A caixa inclui 32 unidades: 18 flores grandes e 14 flores pequenas.<\/span><\/p>\n","protected":false},"excerpt":{"rendered":"<p>32 decora\u00e7\u00f5es de a\u00e7\u00facar Funcakes brancos em forma de flores de diferentes tamanhos.<\/p>\n","protected":false},"featured_media":347896,"comment_status":"open","ping_status":"closed","template":"","meta":{"_acf_changed":false},"pwb-brand":[],"product_brand":[],"product_cat":[2908,2979,2907,2988,2921,2996,3001,3004,1839,1832,1999,1845,1833,1885,1849,1858],"product_tag":[],"class_list":{"0":"post-388834","1":"product","2":"type-product","3":"status-publish","4":"has-post-thumbnail","6":"product_cat-batizados","7":"product_cat-decoracoes-comestiveis-2","8":"product_cat-festas","9":"product_cat-figuras-de-acucar-comestiveis-2","10":"product_cat-pascoa","11":"product_cat-produtos-vegetarianos","12":"product_cat-sem-e-171-2","13":"product_cat-sem-gluten-2","14":"product_cat-decoracion-comestible","15":"product_cat-diestas-especiales","16":"product_cat-figuras-de-azucar","17":"product_cat-dieta-sin-e-171","18":"product_cat-dieta-sin-gluten","19":"product_cat-bautizos","20":"product_cat-fiestas","21":"product_cat-pascua","23":"first","24":"outofstock","25":"taxable","26":"shipping-taxable","27":"purchasable","28":"product-type-simple"},"acf":[],"df_price":4.17,"df_sale_price":"","df_regular_price":4.17,"df_image_link":"https:\/\/glotomania.com\/wp-content\/uploads\/2025\/11\/img_19557_1d8b72ccca4d4177659903129e052b8d_1-30-300x300.jpg","brands":[],"_links":{"self":[{"href":"https:\/\/glotomania.com\/pt-pt\/wp-json\/wp\/v2\/product\/388834","targetHints":{"allow":["GET"]}}],"collection":[{"href":"https:\/\/glotomania.com\/pt-pt\/wp-json\/wp\/v2\/product"}],"about":[{"href":"https:\/\/glotomania.com\/pt-pt\/wp-json\/wp\/v2\/types\/product"}],"replies":[{"embeddable":true,"href":"https:\/\/glotomania.com\/pt-pt\/wp-json\/wp\/v2\/comments?post=388834"}],"wp:featuredmedia":[{"embeddable":true,"href":"https:\/\/glotomania.com\/pt-pt\/wp-json\/wp\/v2\/media\/347896"}],"wp:attachment":[{"href":"https:\/\/glotomania.com\/pt-pt\/wp-json\/wp\/v2\/media?parent=388834"}],"wp:term":[{"taxonomy":"pwb-brand","embeddable":true,"href":"https:\/\/glotomania.com\/pt-pt\/wp-json\/wp\/v2\/pwb-brand?post=388834"},{"taxonomy":"product_brand","embeddable":true,"href":"https:\/\/glotomania.com\/pt-pt\/wp-json\/wp\/v2\/product_brand?post=388834"},{"taxonomy":"product_cat","embeddable":true,"href":"https:\/\/glotomania.com\/pt-pt\/wp-json\/wp\/v2\/product_cat?post=388834"},{"taxonomy":"product_tag","embeddable":true,"href":"https:\/\/glotomania.com\/pt-pt\/wp-json\/wp\/v2\/product_tag?post=388834"}],"curies":[{"name":"wp","href":"https:\/\/api.w.org\/{rel}","templated":true}]}}