{"id":388902,"date":"2025-09-02T10:40:36","date_gmt":"2025-09-02T10:40:36","guid":{"rendered":"https:\/\/glotomania.com\/p\/decoraciones-de-azucar-funcakes-flores-blancas-mini-2\/"},"modified":"2026-03-20T23:04:47","modified_gmt":"2026-03-20T23:04:47","slug":"decoraciones-de-azucar-funcakes-flores-blancas-mini-2","status":"publish","type":"product","link":"https:\/\/glotomania.com\/pt-pt\/p\/decoraciones-de-azucar-funcakes-flores-blancas-mini-2\/","title":{"rendered":"Decoraciones De Azucar Funcakes &#8211; Flores Brancas (mini)"},"content":{"rendered":"<p>&nbsp;<\/p>\n<p><span style=\"color:#000000\"><span style=\"font-size: 14px\"><strong>Tamanho aproximado:&nbsp;<\/strong><\/span>1,4&nbsp;cm.<\/span><\/p>\n<p><span style=\"color:#000000\"><span style=\"font-size: 14px\">A caixa inclui 64 unidades.<\/span><\/span><\/p>\n","protected":false},"excerpt":{"rendered":"<p>64 decora\u00e7\u00f5es de a\u00e7\u00facar Funcakes em a forma de pequenas flores brancas.<\/p>\n","protected":false},"featured_media":350431,"comment_status":"open","ping_status":"closed","template":"","meta":{"_acf_changed":false},"pwb-brand":[],"product_brand":[],"product_cat":[1839,2979,1832,2907,2988,1999,1845,1833,2921,2996,1849,1858,3001,3004],"product_tag":[],"class_list":{"0":"post-388902","1":"product","2":"type-product","3":"status-publish","4":"has-post-thumbnail","6":"product_cat-decoracion-comestible","7":"product_cat-decoracoes-comestiveis-2","8":"product_cat-diestas-especiales","9":"product_cat-festas","10":"product_cat-figuras-de-acucar-comestiveis-2","11":"product_cat-figuras-de-azucar","12":"product_cat-dieta-sin-e-171","13":"product_cat-dieta-sin-gluten","14":"product_cat-pascoa","15":"product_cat-produtos-vegetarianos","16":"product_cat-fiestas","17":"product_cat-pascua","18":"product_cat-sem-e-171-2","19":"product_cat-sem-gluten-2","21":"first","22":"instock","23":"taxable","24":"shipping-taxable","25":"purchasable","26":"product-type-simple"},"acf":[],"df_price":5.67,"df_sale_price":"","df_regular_price":5.67,"df_image_link":"https:\/\/glotomania.com\/wp-content\/uploads\/2025\/11\/img_20057_d8614a5532ae2f8a5f18c341efa7c2e9_1-27-300x300.jpg","brands":[],"_links":{"self":[{"href":"https:\/\/glotomania.com\/pt-pt\/wp-json\/wp\/v2\/product\/388902","targetHints":{"allow":["GET"]}}],"collection":[{"href":"https:\/\/glotomania.com\/pt-pt\/wp-json\/wp\/v2\/product"}],"about":[{"href":"https:\/\/glotomania.com\/pt-pt\/wp-json\/wp\/v2\/types\/product"}],"replies":[{"embeddable":true,"href":"https:\/\/glotomania.com\/pt-pt\/wp-json\/wp\/v2\/comments?post=388902"}],"wp:featuredmedia":[{"embeddable":true,"href":"https:\/\/glotomania.com\/pt-pt\/wp-json\/wp\/v2\/media\/350431"}],"wp:attachment":[{"href":"https:\/\/glotomania.com\/pt-pt\/wp-json\/wp\/v2\/media?parent=388902"}],"wp:term":[{"taxonomy":"pwb-brand","embeddable":true,"href":"https:\/\/glotomania.com\/pt-pt\/wp-json\/wp\/v2\/pwb-brand?post=388902"},{"taxonomy":"product_brand","embeddable":true,"href":"https:\/\/glotomania.com\/pt-pt\/wp-json\/wp\/v2\/product_brand?post=388902"},{"taxonomy":"product_cat","embeddable":true,"href":"https:\/\/glotomania.com\/pt-pt\/wp-json\/wp\/v2\/product_cat?post=388902"},{"taxonomy":"product_tag","embeddable":true,"href":"https:\/\/glotomania.com\/pt-pt\/wp-json\/wp\/v2\/product_tag?post=388902"}],"curies":[{"name":"wp","href":"https:\/\/api.w.org\/{rel}","templated":true}]}}