{"id":388903,"date":"2025-09-02T10:40:36","date_gmt":"2025-09-02T10:40:36","guid":{"rendered":"https:\/\/glotomania.com\/p\/decoraciones-de-azucar-funcakes-mini-flores-rosas-2\/"},"modified":"2026-03-30T11:12:14","modified_gmt":"2026-03-30T11:12:14","slug":"decoraciones-de-azucar-funcakes-mini-flores-rosas-2","status":"publish","type":"product","link":"https:\/\/glotomania.com\/pt-pt\/p\/decoraciones-de-azucar-funcakes-mini-flores-rosas-2\/","title":{"rendered":"Decoraciones De Azucar Funcakes &#8211; Mini Flores Rosas"},"content":{"rendered":"<p>&nbsp;<\/p>\n<p><span style=\"color:#000000\"><span style=\"font-size:14px\"><strong>Tamanho aproximado:<\/strong> 1,4 cm.<\/span><\/span><\/p>\n<p><span style=\"color:#000000\"><span style=\"font-size:14px\">Caixa cont&eacute;m 64 pe&ccedil;as: 32 cor-de-rosa e 32 cor-de-rosa claro.<\/span><\/span><\/p>\n","protected":false},"excerpt":{"rendered":"<p>64 decora\u00e7\u00f5es de a\u00e7\u00facar Funcakes em a forma de pequenas flores, em 2 tons de rosas.<\/p>\n","protected":false},"featured_media":344606,"comment_status":"open","ping_status":"closed","template":"","meta":{"_acf_changed":false},"pwb-brand":[],"product_brand":[],"product_cat":[1852,1839,2979,1832,2907,2988,1999,1845,1833,2921,2996,1849,1858,2924,3001,3004],"product_tag":[],"class_list":{"0":"post-388903","1":"product","2":"type-product","3":"status-publish","4":"has-post-thumbnail","6":"product_cat-san-valentin","7":"product_cat-decoracion-comestible","8":"product_cat-decoracoes-comestiveis-2","9":"product_cat-diestas-especiales","10":"product_cat-festas","11":"product_cat-figuras-de-acucar-comestiveis-2","12":"product_cat-figuras-de-azucar","13":"product_cat-dieta-sin-e-171","14":"product_cat-dieta-sin-gluten","15":"product_cat-pascoa","16":"product_cat-produtos-vegetarianos","17":"product_cat-fiestas","18":"product_cat-pascua","19":"product_cat-sao-valentim-2","20":"product_cat-sem-e-171-2","21":"product_cat-sem-gluten-2","23":"first","24":"instock","25":"taxable","26":"shipping-taxable","27":"purchasable","28":"product-type-simple"},"acf":[],"df_price":5.67,"df_sale_price":"","df_regular_price":5.67,"df_image_link":"https:\/\/glotomania.com\/wp-content\/uploads\/2025\/11\/img_20059_d02942e7683f45209d4b3094b0d296bd_1-26-300x300.jpg","brands":[],"_links":{"self":[{"href":"https:\/\/glotomania.com\/pt-pt\/wp-json\/wp\/v2\/product\/388903","targetHints":{"allow":["GET"]}}],"collection":[{"href":"https:\/\/glotomania.com\/pt-pt\/wp-json\/wp\/v2\/product"}],"about":[{"href":"https:\/\/glotomania.com\/pt-pt\/wp-json\/wp\/v2\/types\/product"}],"replies":[{"embeddable":true,"href":"https:\/\/glotomania.com\/pt-pt\/wp-json\/wp\/v2\/comments?post=388903"}],"wp:featuredmedia":[{"embeddable":true,"href":"https:\/\/glotomania.com\/pt-pt\/wp-json\/wp\/v2\/media\/344606"}],"wp:attachment":[{"href":"https:\/\/glotomania.com\/pt-pt\/wp-json\/wp\/v2\/media?parent=388903"}],"wp:term":[{"taxonomy":"pwb-brand","embeddable":true,"href":"https:\/\/glotomania.com\/pt-pt\/wp-json\/wp\/v2\/pwb-brand?post=388903"},{"taxonomy":"product_brand","embeddable":true,"href":"https:\/\/glotomania.com\/pt-pt\/wp-json\/wp\/v2\/product_brand?post=388903"},{"taxonomy":"product_cat","embeddable":true,"href":"https:\/\/glotomania.com\/pt-pt\/wp-json\/wp\/v2\/product_cat?post=388903"},{"taxonomy":"product_tag","embeddable":true,"href":"https:\/\/glotomania.com\/pt-pt\/wp-json\/wp\/v2\/product_tag?post=388903"}],"curies":[{"name":"wp","href":"https:\/\/api.w.org\/{rel}","templated":true}]}}