{"id":388904,"date":"2025-09-02T10:40:37","date_gmt":"2025-09-02T10:40:37","guid":{"rendered":"https:\/\/glotomania.com\/p\/sprinkles-funcakes-gender-reveal-revelacion-de-genero-65-g-2\/"},"modified":"2026-03-10T18:16:38","modified_gmt":"2026-03-10T18:16:38","slug":"sprinkles-funcakes-gender-reveal-revelacion-de-genero-65-g-2","status":"publish","type":"product","link":"https:\/\/glotomania.com\/pt-pt\/p\/sprinkles-funcakes-gender-reveal-revelacion-de-genero-65-g-2\/","title":{"rendered":"Sprinkles Funcakes &#8211; Gender Reveal \/ Revela\u00c7ao De G\u00c9nero (65 G)"},"content":{"rendered":"<p>&nbsp;<\/p>\n<p><span style=\"font-size:14px\">Inclui cora&ccedil;&otilde;es rosados e azuis; fichas grandes brancas e pequenas azuis e planas rosadas; nonpareils brancos e rosados; cavalos de balan&ccedil;o brancos; p&eacute;s de beb&eacute; rosados e azuis.<\/span><\/p>\n","protected":false},"excerpt":{"rendered":"<p>Mistura de decora\u00e7\u00f5es comest\u00edveis de Funcakes, ideal para a &#8220;Revela\u00e7\u00e3o do G\u00e9nero&#8221;, o g\u00e9nero beb\u00e9 revela festas.<\/p>\n","protected":false},"featured_media":350432,"comment_status":"open","ping_status":"closed","template":"","meta":{"_acf_changed":false},"pwb-brand":[],"product_brand":[],"product_cat":[2908,1839,1840,2979,2982,1832,2907,1845,2996,1885,1849,3001],"product_tag":[],"class_list":{"0":"post-388904","1":"product","2":"type-product","3":"status-publish","4":"has-post-thumbnail","6":"product_cat-batizados","7":"product_cat-decoracion-comestible","8":"product_cat-decoraciones-azucar-comestibles","9":"product_cat-decoracoes-comestiveis-2","10":"product_cat-decoracoes-de-acucar","11":"product_cat-diestas-especiales","12":"product_cat-festas","13":"product_cat-dieta-sin-e-171","14":"product_cat-produtos-vegetarianos","15":"product_cat-bautizos","16":"product_cat-fiestas","17":"product_cat-sem-e-171-2","19":"first","20":"instock","21":"taxable","22":"shipping-taxable","23":"purchasable","24":"product-type-simple"},"acf":[],"df_price":3.33,"df_sale_price":"","df_regular_price":3.33,"df_image_link":"https:\/\/glotomania.com\/wp-content\/uploads\/2025\/11\/img_20060_608e3dfd4e29aabcb52b34815a8bffc8_1-26-300x300.jpg","brands":[],"_links":{"self":[{"href":"https:\/\/glotomania.com\/pt-pt\/wp-json\/wp\/v2\/product\/388904","targetHints":{"allow":["GET"]}}],"collection":[{"href":"https:\/\/glotomania.com\/pt-pt\/wp-json\/wp\/v2\/product"}],"about":[{"href":"https:\/\/glotomania.com\/pt-pt\/wp-json\/wp\/v2\/types\/product"}],"replies":[{"embeddable":true,"href":"https:\/\/glotomania.com\/pt-pt\/wp-json\/wp\/v2\/comments?post=388904"}],"wp:featuredmedia":[{"embeddable":true,"href":"https:\/\/glotomania.com\/pt-pt\/wp-json\/wp\/v2\/media\/350432"}],"wp:attachment":[{"href":"https:\/\/glotomania.com\/pt-pt\/wp-json\/wp\/v2\/media?parent=388904"}],"wp:term":[{"taxonomy":"pwb-brand","embeddable":true,"href":"https:\/\/glotomania.com\/pt-pt\/wp-json\/wp\/v2\/pwb-brand?post=388904"},{"taxonomy":"product_brand","embeddable":true,"href":"https:\/\/glotomania.com\/pt-pt\/wp-json\/wp\/v2\/product_brand?post=388904"},{"taxonomy":"product_cat","embeddable":true,"href":"https:\/\/glotomania.com\/pt-pt\/wp-json\/wp\/v2\/product_cat?post=388904"},{"taxonomy":"product_tag","embeddable":true,"href":"https:\/\/glotomania.com\/pt-pt\/wp-json\/wp\/v2\/product_tag?post=388904"}],"curies":[{"name":"wp","href":"https:\/\/api.w.org\/{rel}","templated":true}]}}