{"id":388906,"date":"2025-09-02T10:40:38","date_gmt":"2025-09-02T10:40:38","guid":{"rendered":"https:\/\/glotomania.com\/p\/topper-de-madera-partydeco-carteles-mesa-dulce-2\/"},"modified":"2026-03-10T18:16:43","modified_gmt":"2026-03-10T18:16:43","slug":"topper-de-madera-partydeco-carteles-mesa-dulce-2","status":"publish","type":"product","link":"https:\/\/glotomania.com\/pt-pt\/p\/topper-de-madera-partydeco-carteles-mesa-dulce-2\/","title":{"rendered":"Topper De Madeira Partydeco &#8211; Cartazes Mesa Doce"},"content":{"rendered":"<p>&nbsp;<\/p>\n<p><span><span style=\"font-size: 14px\">Inclui sinais:<\/span><\/span><\/p>\n<ul>\n<li><span><span style=\"font-size: 14px\"><strong>Vege &#8211;&nbsp;<\/strong>Apto para personas vegetarianas.<\/span><\/span><\/li>\n<li><span><span style=\"font-size: 14px\"><strong>Vegan &#8211;&nbsp;<\/strong><\/span><span style=\"font-size: 14px\">Apto para personas veganas.<\/span><\/span><\/li>\n<li><span><span style=\"font-size: 14px\"><strong>Dairy free &#8211;&nbsp;<\/strong>Sin l&aacute;cteos.<\/span><\/span><\/li>\n<li><span><span style=\"font-size: 14px\"><strong>Contains nuts &#8211;<\/strong>&nbsp;Cont&eacute;m nozes.<\/span><\/span><\/li>\n<li><span><span style=\"font-size: 14px\"><strong>Gluten free &#8211;&nbsp;<\/strong>Sem gl&uacute;ten.<\/span><span style=\"font-size: 14px\">&#8203;<\/span><\/span><\/li>\n<\/ul>\n<p><span><span style=\"font-size: 14px\">Feito de madeira, apto para uso alimentar.<\/span><\/span><\/p>\n<p><span><span style=\"font-size: 14px\"><strong>Medidas aprox.:<\/strong>&nbsp;Altura 14,5 &#8211;&nbsp;16&nbsp;cm.<\/span><\/span><\/p>\n","protected":false},"excerpt":{"rendered":"<p>5 sinais de cupcake de madeira por PartyDeco para marcar as nossas cria\u00e7\u00f5es comest\u00edveis.<\/p>\n","protected":false},"featured_media":154988,"comment_status":"open","ping_status":"closed","template":"","meta":{"_acf_changed":false},"pwb-brand":[],"product_brand":[],"product_cat":[2908,2910,2911,3200,2907,3087,3208,1792,1888,1862,1885,1849,1793,1767],"product_tag":[],"class_list":{"0":"post-388906","1":"product","2":"type-product","3":"status-publish","4":"has-post-thumbnail","6":"product_cat-batizados","7":"product_cat-casamentos-2","8":"product_cat-comunhoes","9":"product_cat-decoracoes-nao-comestiveis","10":"product_cat-festas","11":"product_cat-ordem-e-armazenamento","12":"product_cat-toppers-para-bolos","13":"product_cat-decoracion-no-comestible","14":"product_cat-bodas","15":"product_cat-comuniones","16":"product_cat-bautizos","17":"product_cat-fiestas","18":"product_cat-toppers","19":"product_cat-utensilios","21":"first","22":"instock","23":"taxable","24":"shipping-taxable","25":"purchasable","26":"product-type-simple"},"acf":[],"df_price":8.99,"df_sale_price":"","df_regular_price":8.99,"df_image_link":"https:\/\/glotomania.com\/wp-content\/uploads\/2025\/09\/img_20066_c6556ab02469020fdc8de780fd1c192d_1-300x300.png","brands":[],"_links":{"self":[{"href":"https:\/\/glotomania.com\/pt-pt\/wp-json\/wp\/v2\/product\/388906","targetHints":{"allow":["GET"]}}],"collection":[{"href":"https:\/\/glotomania.com\/pt-pt\/wp-json\/wp\/v2\/product"}],"about":[{"href":"https:\/\/glotomania.com\/pt-pt\/wp-json\/wp\/v2\/types\/product"}],"replies":[{"embeddable":true,"href":"https:\/\/glotomania.com\/pt-pt\/wp-json\/wp\/v2\/comments?post=388906"}],"wp:featuredmedia":[{"embeddable":true,"href":"https:\/\/glotomania.com\/pt-pt\/wp-json\/wp\/v2\/media\/154988"}],"wp:attachment":[{"href":"https:\/\/glotomania.com\/pt-pt\/wp-json\/wp\/v2\/media?parent=388906"}],"wp:term":[{"taxonomy":"pwb-brand","embeddable":true,"href":"https:\/\/glotomania.com\/pt-pt\/wp-json\/wp\/v2\/pwb-brand?post=388906"},{"taxonomy":"product_brand","embeddable":true,"href":"https:\/\/glotomania.com\/pt-pt\/wp-json\/wp\/v2\/product_brand?post=388906"},{"taxonomy":"product_cat","embeddable":true,"href":"https:\/\/glotomania.com\/pt-pt\/wp-json\/wp\/v2\/product_cat?post=388906"},{"taxonomy":"product_tag","embeddable":true,"href":"https:\/\/glotomania.com\/pt-pt\/wp-json\/wp\/v2\/product_tag?post=388906"}],"curies":[{"name":"wp","href":"https:\/\/api.w.org\/{rel}","templated":true}]}}