{"id":388914,"date":"2025-09-02T10:40:42","date_gmt":"2025-09-02T10:40:42","guid":{"rendered":"https:\/\/glotomania.com\/p\/colorante-en-gel-de-funcakes-old-rose-rosa-viejo-30-g-2\/"},"modified":"2026-04-25T13:15:36","modified_gmt":"2026-04-25T13:15:36","slug":"colorante-en-gel-de-funcakes-old-rose-rosa-viejo-30-g-2","status":"publish","type":"product","link":"https:\/\/glotomania.com\/pt-pt\/p\/colorante-en-gel-de-funcakes-old-rose-rosa-viejo-30-g-2\/","title":{"rendered":"Corante Em Gel Funcakes &#8211; Old Rose \/ Rosa Velho 30 G"},"content":{"rendered":"<p>\n<span style=\"font-size: 14px\">Gel Concentrado<\/span><span style=\"font-size: 14px\">&nbsp;FunColours de&nbsp;<\/span><span style=\"font-size: 14px\">FunCakes<\/span><span style=\"font-size: 14px\">&nbsp;&eacute; ideal para colorir fondant, gelados, ma&ccedil;ap&atilde;o, cremes, bolos, smoothies, pasta de goma e muito mais.&nbsp;<\/span><\/p>\n<p><span style=\"font-size: 14px\">Apenas uma gota de gel &eacute; suficiente para criar cores vibrantes, pelo que o colorante durar&aacute; muito tempo. O corante tamb&eacute;m &eacute; est&aacute;vel em massas cozidas a 200 &deg;C.<\/span><\/p>\n<p><span style=\"font-size: 14px\">O tubo foi concebido para controlar a distribui&ccedil;&atilde;o com muita precis&atilde;o, doseia muito facilmente e deixa a tampa limpa.<\/span><\/p>\n<p><span style=\"font-size: 14px\"><strong>Dosagem m&aacute;xima recomendada:&nbsp;<\/strong>11 g por 1 kg de massa<\/span><\/p>\n","protected":false},"excerpt":{"rendered":"<p>Ideal para tingir qualquer massa. Permite-nos obter cores intensas gra\u00e7as \u00e0 sua alta concentra\u00e7\u00e3o.<\/p>\n","protected":false},"featured_media":347966,"comment_status":"open","ping_status":"closed","template":"","meta":{"_acf_changed":false},"pwb-brand":[],"product_brand":[],"product_cat":[1852,2908,1835,1897,2911,2953,2957,1832,2907,2997,1901,1845,2921,2996,1862,1885,1849,1858,2924,3001],"product_tag":[],"class_list":{"0":"post-388914","1":"product","2":"type-product","3":"status-publish","4":"has-post-thumbnail","6":"product_cat-san-valentin","7":"product_cat-batizados","8":"product_cat-colorantes","9":"product_cat-colorantes-gel","10":"product_cat-comunhoes","11":"product_cat-corantes-e-pinturas","12":"product_cat-corantes-em-gel-2","13":"product_cat-diestas-especiales","14":"product_cat-festas","15":"product_cat-halal","16":"product_cat-dieta-halal","17":"product_cat-dieta-sin-e-171","18":"product_cat-pascoa","19":"product_cat-produtos-vegetarianos","20":"product_cat-comuniones","21":"product_cat-bautizos","22":"product_cat-fiestas","23":"product_cat-pascua","24":"product_cat-sao-valentim-2","25":"product_cat-sem-e-171-2","27":"first","28":"instock","29":"taxable","30":"shipping-taxable","31":"purchasable","32":"product-type-simple"},"acf":[],"df_price":3.35,"df_sale_price":"","df_regular_price":3.35,"df_image_link":"https:\/\/glotomania.com\/wp-content\/uploads\/2025\/11\/img_20355_dc8882bbf8171958f8b838212c14cc34_1-26-300x300.jpg","brands":[],"_links":{"self":[{"href":"https:\/\/glotomania.com\/pt-pt\/wp-json\/wp\/v2\/product\/388914","targetHints":{"allow":["GET"]}}],"collection":[{"href":"https:\/\/glotomania.com\/pt-pt\/wp-json\/wp\/v2\/product"}],"about":[{"href":"https:\/\/glotomania.com\/pt-pt\/wp-json\/wp\/v2\/types\/product"}],"replies":[{"embeddable":true,"href":"https:\/\/glotomania.com\/pt-pt\/wp-json\/wp\/v2\/comments?post=388914"}],"wp:featuredmedia":[{"embeddable":true,"href":"https:\/\/glotomania.com\/pt-pt\/wp-json\/wp\/v2\/media\/347966"}],"wp:attachment":[{"href":"https:\/\/glotomania.com\/pt-pt\/wp-json\/wp\/v2\/media?parent=388914"}],"wp:term":[{"taxonomy":"pwb-brand","embeddable":true,"href":"https:\/\/glotomania.com\/pt-pt\/wp-json\/wp\/v2\/pwb-brand?post=388914"},{"taxonomy":"product_brand","embeddable":true,"href":"https:\/\/glotomania.com\/pt-pt\/wp-json\/wp\/v2\/product_brand?post=388914"},{"taxonomy":"product_cat","embeddable":true,"href":"https:\/\/glotomania.com\/pt-pt\/wp-json\/wp\/v2\/product_cat?post=388914"},{"taxonomy":"product_tag","embeddable":true,"href":"https:\/\/glotomania.com\/pt-pt\/wp-json\/wp\/v2\/product_tag?post=388914"}],"curies":[{"name":"wp","href":"https:\/\/api.w.org\/{rel}","templated":true}]}}