{"id":388920,"date":"2025-09-02T10:40:46","date_gmt":"2025-09-02T10:40:46","guid":{"rendered":"https:\/\/glotomania.com\/p\/cortador-metalico-para-galletas-corazon-10-cm-2\/"},"modified":"2026-04-14T00:34:55","modified_gmt":"2026-04-14T00:34:55","slug":"cortador-metalico-para-galletas-corazon-10-cm-2","status":"publish","type":"product","link":"https:\/\/glotomania.com\/pt-pt\/p\/cortador-metalico-para-galletas-corazon-10-cm-2\/","title":{"rendered":"Cortador Met\u00c1lico Para Biscoitos &#8211; Cora\u00c7\u00c3o (10 Cm)"},"content":{"rendered":"<p>&nbsp;<\/p>\n<p><span style=\"font-size: 14px\">Fabricado em metal de alta qualidade, adequado para uso alimentar, f&aacute;cil de limpar.&nbsp;<\/span><\/p>\n<p><span class=\"mw-page-title-main\" style=\"font-size: 14px\"><strong>Medidas<\/strong><span>:&nbsp;<\/span>&Oslash; 10&nbsp;cm &#8211; Altura&nbsp;<\/span><span style=\"font-size: 14px\">2,6 cm.<\/span><\/p>\n","protected":false},"excerpt":{"rendered":"<p>Cortador de metal em forma de cora\u00e7\u00e3o, perfeito para as ocasi\u00f5es mais rom\u00e2nticas!<\/p>\n","protected":false},"featured_media":37678,"comment_status":"open","ping_status":"closed","template":"","meta":{"_acf_changed":false},"pwb-brand":[],"product_brand":[],"product_cat":[2910,3199,2907,3087,2924,1852,1788,1888,1849,1767],"product_tag":[],"class_list":{"0":"post-388920","1":"product","2":"type-product","3":"status-publish","4":"has-post-thumbnail","6":"product_cat-casamentos-2","7":"product_cat-cortadores-de-metal","8":"product_cat-festas","9":"product_cat-ordem-e-armazenamento","10":"product_cat-sao-valentim-2","11":"product_cat-san-valentin","12":"product_cat-cortadores-de-cobre","13":"product_cat-bodas","14":"product_cat-fiestas","15":"product_cat-utensilios","17":"first","18":"instock","19":"taxable","20":"shipping-taxable","21":"purchasable","22":"product-type-simple"},"acf":[],"df_price":2.72,"df_sale_price":"","df_regular_price":2.72,"df_image_link":"https:\/\/glotomania.com\/wp-content\/uploads\/2023\/07\/img_20370_1fc43652e998f0d5777d46a8846e82b3_1-300x300.png","brands":[],"_links":{"self":[{"href":"https:\/\/glotomania.com\/pt-pt\/wp-json\/wp\/v2\/product\/388920","targetHints":{"allow":["GET"]}}],"collection":[{"href":"https:\/\/glotomania.com\/pt-pt\/wp-json\/wp\/v2\/product"}],"about":[{"href":"https:\/\/glotomania.com\/pt-pt\/wp-json\/wp\/v2\/types\/product"}],"replies":[{"embeddable":true,"href":"https:\/\/glotomania.com\/pt-pt\/wp-json\/wp\/v2\/comments?post=388920"}],"wp:featuredmedia":[{"embeddable":true,"href":"https:\/\/glotomania.com\/pt-pt\/wp-json\/wp\/v2\/media\/37678"}],"wp:attachment":[{"href":"https:\/\/glotomania.com\/pt-pt\/wp-json\/wp\/v2\/media?parent=388920"}],"wp:term":[{"taxonomy":"pwb-brand","embeddable":true,"href":"https:\/\/glotomania.com\/pt-pt\/wp-json\/wp\/v2\/pwb-brand?post=388920"},{"taxonomy":"product_brand","embeddable":true,"href":"https:\/\/glotomania.com\/pt-pt\/wp-json\/wp\/v2\/product_brand?post=388920"},{"taxonomy":"product_cat","embeddable":true,"href":"https:\/\/glotomania.com\/pt-pt\/wp-json\/wp\/v2\/product_cat?post=388920"},{"taxonomy":"product_tag","embeddable":true,"href":"https:\/\/glotomania.com\/pt-pt\/wp-json\/wp\/v2\/product_tag?post=388920"}],"curies":[{"name":"wp","href":"https:\/\/api.w.org\/{rel}","templated":true}]}}