{"id":388926,"date":"2025-09-02T10:40:48","date_gmt":"2025-09-02T10:40:48","guid":{"rendered":"https:\/\/glotomania.com\/p\/cortador-metalico-para-galletas-liebre-2\/"},"modified":"2026-03-10T18:17:21","modified_gmt":"2026-03-10T18:17:21","slug":"cortador-metalico-para-galletas-liebre-2","status":"publish","type":"product","link":"https:\/\/glotomania.com\/pt-pt\/p\/cortador-metalico-para-galletas-liebre-2\/","title":{"rendered":"Cortador Met\u00c1lico Para Biscoitos &#8211; Lebre"},"content":{"rendered":"<p>&nbsp;<\/p>\n<p><span style=\"font-size: 14px\">Fabricado em metal de alta qualidade, adequado para uso alimentar, f&aacute;cil de limpar.&nbsp;<\/span><\/p>\n<p><span class=\"mw-page-title-main\" style=\"font-size: 14px\"><strong>Medidas<\/strong><span>:&nbsp;<\/span>6&nbsp;cm x 6,5<\/span><span style=\"font-size: 14px\">&nbsp;cm.<\/span><\/p>\n","protected":false},"excerpt":{"rendered":"<p>Cortador de metal em forma de lebre, perfeito para as nossas cria\u00e7\u00f5es da P\u00e1scoa!<\/p>\n","protected":false},"featured_media":350439,"comment_status":"open","ping_status":"closed","template":"","meta":{"_acf_changed":false},"pwb-brand":[],"product_brand":[],"product_cat":[3199,2907,3087,2921,1788,1849,1858,1767],"product_tag":[],"class_list":{"0":"post-388926","1":"product","2":"type-product","3":"status-publish","4":"has-post-thumbnail","6":"product_cat-cortadores-de-metal","7":"product_cat-festas","8":"product_cat-ordem-e-armazenamento","9":"product_cat-pascoa","10":"product_cat-cortadores-de-cobre","11":"product_cat-fiestas","12":"product_cat-pascua","13":"product_cat-utensilios","15":"first","16":"instock","17":"taxable","18":"shipping-taxable","19":"purchasable","20":"product-type-simple"},"acf":[],"df_price":2.58,"df_sale_price":"","df_regular_price":2.58,"df_image_link":"https:\/\/glotomania.com\/wp-content\/uploads\/2025\/11\/img_20383_a037a5fd3bf9325cb30f194809028b93_1-34-300x300.jpg","brands":[],"_links":{"self":[{"href":"https:\/\/glotomania.com\/pt-pt\/wp-json\/wp\/v2\/product\/388926","targetHints":{"allow":["GET"]}}],"collection":[{"href":"https:\/\/glotomania.com\/pt-pt\/wp-json\/wp\/v2\/product"}],"about":[{"href":"https:\/\/glotomania.com\/pt-pt\/wp-json\/wp\/v2\/types\/product"}],"replies":[{"embeddable":true,"href":"https:\/\/glotomania.com\/pt-pt\/wp-json\/wp\/v2\/comments?post=388926"}],"wp:featuredmedia":[{"embeddable":true,"href":"https:\/\/glotomania.com\/pt-pt\/wp-json\/wp\/v2\/media\/350439"}],"wp:attachment":[{"href":"https:\/\/glotomania.com\/pt-pt\/wp-json\/wp\/v2\/media?parent=388926"}],"wp:term":[{"taxonomy":"pwb-brand","embeddable":true,"href":"https:\/\/glotomania.com\/pt-pt\/wp-json\/wp\/v2\/pwb-brand?post=388926"},{"taxonomy":"product_brand","embeddable":true,"href":"https:\/\/glotomania.com\/pt-pt\/wp-json\/wp\/v2\/product_brand?post=388926"},{"taxonomy":"product_cat","embeddable":true,"href":"https:\/\/glotomania.com\/pt-pt\/wp-json\/wp\/v2\/product_cat?post=388926"},{"taxonomy":"product_tag","embeddable":true,"href":"https:\/\/glotomania.com\/pt-pt\/wp-json\/wp\/v2\/product_tag?post=388926"}],"curies":[{"name":"wp","href":"https:\/\/api.w.org\/{rel}","templated":true}]}}