{"id":388929,"date":"2025-09-02T10:40:50","date_gmt":"2025-09-02T10:40:50","guid":{"rendered":"https:\/\/glotomania.com\/p\/sprinkles-funcakes-dinosaurios-65-g-2\/"},"modified":"2026-04-23T11:33:44","modified_gmt":"2026-04-23T11:33:44","slug":"sprinkles-funcakes-dinosaurios-65-g-2","status":"publish","type":"product","link":"https:\/\/glotomania.com\/pt-pt\/p\/sprinkles-funcakes-dinosaurios-65-g-2\/","title":{"rendered":"Sprinkles Funcakes &#8211; Dinosaurios (65 G)"},"content":{"rendered":"<div>&nbsp;<\/div>\n<div><span style=\"font-size:14px\">Inclui os seguintes salpicos em tons de azul, verde e preto: bolas, p&eacute;rolas, bolas em relevo, nonpareils, noodles e mini dinossauros.<\/span><\/div>\n","protected":false},"excerpt":{"rendered":"<p>Mistura de decora\u00e7\u00f5es comest\u00edveis de funcakes, ideal para decorar as nossas cria\u00e7\u00f5es mais aventurosas.<\/p>\n","protected":false},"featured_media":350441,"comment_status":"open","ping_status":"closed","template":"","meta":{"_acf_changed":false},"pwb-brand":[],"product_brand":[],"product_cat":[2979,2982,2907,2996,3001,1839,1840,1832,1845,1849],"product_tag":[],"class_list":{"0":"post-388929","1":"product","2":"type-product","3":"status-publish","4":"has-post-thumbnail","6":"product_cat-decoracoes-comestiveis-2","7":"product_cat-decoracoes-de-acucar","8":"product_cat-festas","9":"product_cat-produtos-vegetarianos","10":"product_cat-sem-e-171-2","11":"product_cat-decoracion-comestible","12":"product_cat-decoraciones-azucar-comestibles","13":"product_cat-diestas-especiales","14":"product_cat-dieta-sin-e-171","15":"product_cat-fiestas","17":"first","18":"instock","19":"taxable","20":"shipping-taxable","21":"purchasable","22":"product-type-simple"},"acf":[],"df_price":3.37,"df_sale_price":"","df_regular_price":3.37,"df_image_link":"https:\/\/glotomania.com\/wp-content\/uploads\/2025\/11\/img_20376_3f488357ed2696d6e38ee73fa9032494_1-28-300x300.jpg","brands":[],"_links":{"self":[{"href":"https:\/\/glotomania.com\/pt-pt\/wp-json\/wp\/v2\/product\/388929","targetHints":{"allow":["GET"]}}],"collection":[{"href":"https:\/\/glotomania.com\/pt-pt\/wp-json\/wp\/v2\/product"}],"about":[{"href":"https:\/\/glotomania.com\/pt-pt\/wp-json\/wp\/v2\/types\/product"}],"replies":[{"embeddable":true,"href":"https:\/\/glotomania.com\/pt-pt\/wp-json\/wp\/v2\/comments?post=388929"}],"wp:featuredmedia":[{"embeddable":true,"href":"https:\/\/glotomania.com\/pt-pt\/wp-json\/wp\/v2\/media\/350441"}],"wp:attachment":[{"href":"https:\/\/glotomania.com\/pt-pt\/wp-json\/wp\/v2\/media?parent=388929"}],"wp:term":[{"taxonomy":"pwb-brand","embeddable":true,"href":"https:\/\/glotomania.com\/pt-pt\/wp-json\/wp\/v2\/pwb-brand?post=388929"},{"taxonomy":"product_brand","embeddable":true,"href":"https:\/\/glotomania.com\/pt-pt\/wp-json\/wp\/v2\/product_brand?post=388929"},{"taxonomy":"product_cat","embeddable":true,"href":"https:\/\/glotomania.com\/pt-pt\/wp-json\/wp\/v2\/product_cat?post=388929"},{"taxonomy":"product_tag","embeddable":true,"href":"https:\/\/glotomania.com\/pt-pt\/wp-json\/wp\/v2\/product_tag?post=388929"}],"curies":[{"name":"wp","href":"https:\/\/api.w.org\/{rel}","templated":true}]}}