{"id":388938,"date":"2025-09-02T10:40:54","date_gmt":"2025-09-02T10:40:54","guid":{"rendered":"https:\/\/glotomania.com\/p\/fondant-smartflex-negro-250-g-2\/"},"modified":"2026-04-14T11:10:48","modified_gmt":"2026-04-14T11:10:48","slug":"fondant-smartflex-negro-250-g-2","status":"publish","type":"product","link":"https:\/\/glotomania.com\/pt-pt\/p\/fondant-smartflex-negro-250-g-2\/","title":{"rendered":"Pasta De A\u00c7\u00dacar Smartflex Preto (250 G)"},"content":{"rendered":"<p>&nbsp;<\/p>\n<ul>\n<li><span style=\"font-size:14px\">Tem uma elevada resist&ecirc;ncia estrutural, ideal para bolos altos.<\/span><\/li>\n<li><span style=\"font-size:14px\">Cont&eacute;m<strong> goma xantana<\/strong>, o que lhe confere <strong>grande elasticidade<\/strong>, tornando-a ideal para cobrir formas complexas ou arestas vivas.<\/span><\/li>\n<li><span style=\"font-size:14px\">Perfeito para quem tem m&atilde;os quentes e precisa de uma <strong>pasta de a&ccedil;&uacute;car mais firme.<\/strong><\/span><\/li>\n<li><span style=\"font-size:14px\">Enrola muito fino sem rachar, rasgar ou deixar pele de elefante.<\/span><\/li>\n<li><span style=\"font-size: 14px\">Adequado tanto para <strong>revestimento <\/strong>como para <strong>modela&ccedil;&atilde;o<\/strong>.<\/span><\/li>\n<\/ul>\n","protected":false},"excerpt":{"rendered":"<p>Pasta de a\u00e7\u00facar SmartFlex, muito forte e flex\u00edvel, com um toque suave e sedoso.<\/p>\n","protected":false},"featured_media":340998,"comment_status":"open","ping_status":"closed","template":"","meta":{"_acf_changed":false},"pwb-brand":[],"product_brand":[],"product_cat":[3014,3006,2996,3001,3004,1832,1847,2781,2764,2773,1932,1845,1833],"product_tag":[],"class_list":{"0":"post-388938","1":"product","2":"type-product","3":"status-publish","4":"has-post-thumbnail","6":"product_cat-pasta-de-acucar-smartflex-2","7":"product_cat-pastas-de-acucar-2","8":"product_cat-produtos-vegetarianos","9":"product_cat-sem-e-171-2","10":"product_cat-sem-gluten-2","11":"product_cat-diestas-especiales","12":"product_cat-fondant","13":"product_cat-fondant-250g","14":"product_cat-fondant-negro","15":"product_cat-fondant-sin-gluten","16":"product_cat-fondant-smartflex","17":"product_cat-dieta-sin-e-171","18":"product_cat-dieta-sin-gluten","20":"first","21":"instock","22":"taxable","23":"shipping-taxable","24":"purchasable","25":"product-type-simple"},"acf":[],"df_price":4.23,"df_sale_price":"","df_regular_price":4.23,"df_image_link":"https:\/\/glotomania.com\/wp-content\/uploads\/2025\/11\/img_20399_be8cdb9f3df8757b136f5c7af07a3733_1-28-300x300.jpg","brands":[],"_links":{"self":[{"href":"https:\/\/glotomania.com\/pt-pt\/wp-json\/wp\/v2\/product\/388938","targetHints":{"allow":["GET"]}}],"collection":[{"href":"https:\/\/glotomania.com\/pt-pt\/wp-json\/wp\/v2\/product"}],"about":[{"href":"https:\/\/glotomania.com\/pt-pt\/wp-json\/wp\/v2\/types\/product"}],"replies":[{"embeddable":true,"href":"https:\/\/glotomania.com\/pt-pt\/wp-json\/wp\/v2\/comments?post=388938"}],"wp:featuredmedia":[{"embeddable":true,"href":"https:\/\/glotomania.com\/pt-pt\/wp-json\/wp\/v2\/media\/340998"}],"wp:attachment":[{"href":"https:\/\/glotomania.com\/pt-pt\/wp-json\/wp\/v2\/media?parent=388938"}],"wp:term":[{"taxonomy":"pwb-brand","embeddable":true,"href":"https:\/\/glotomania.com\/pt-pt\/wp-json\/wp\/v2\/pwb-brand?post=388938"},{"taxonomy":"product_brand","embeddable":true,"href":"https:\/\/glotomania.com\/pt-pt\/wp-json\/wp\/v2\/product_brand?post=388938"},{"taxonomy":"product_cat","embeddable":true,"href":"https:\/\/glotomania.com\/pt-pt\/wp-json\/wp\/v2\/product_cat?post=388938"},{"taxonomy":"product_tag","embeddable":true,"href":"https:\/\/glotomania.com\/pt-pt\/wp-json\/wp\/v2\/product_tag?post=388938"}],"curies":[{"name":"wp","href":"https:\/\/api.w.org\/{rel}","templated":true}]}}