{"id":388939,"date":"2025-09-02T10:40:55","date_gmt":"2025-09-02T10:40:55","guid":{"rendered":"https:\/\/glotomania.com\/p\/fondant-de-sabor-smartflex-blanco-vainilla-1-kg-2\/"},"modified":"2026-03-11T07:18:17","modified_gmt":"2026-03-11T07:18:17","slug":"fondant-de-sabor-smartflex-blanco-vainilla-1-kg-2","status":"publish","type":"product","link":"https:\/\/glotomania.com\/pt-pt\/p\/fondant-de-sabor-smartflex-blanco-vainilla-1-kg-2\/","title":{"rendered":"Pasta De A\u00c7\u00dacar De Sabor Smartflex &#8211; Baunilha Branca (1 Kg)"},"content":{"rendered":"<p>&nbsp;<\/p>\n<ul>\n<li><span style=\"font-size: 14px\">Tem uma elevada resist&ecirc;ncia estrutural, ideal para bolos altos.<\/span><\/li>\n<li><span style=\"font-size: 14px\">Cont&eacute;m<strong>&nbsp;goma xantana<\/strong>, o que lhe confere&nbsp;<strong>grande elasticidade<\/strong>, tornando-a ideal para cobrir formas complexas ou arestas vivas.<\/span><\/li>\n<li><span style=\"font-size: 14px\">Perfeito para quem tem m&atilde;os quentes e precisa de uma&nbsp;<strong>pasta de a&ccedil;&uacute;car mais firme.<\/strong><\/span><\/li>\n<li><span style=\"font-size: 14px\">Enrola muito fino sem rachar, rasgar ou deixar pele de elefante.<\/span><\/li>\n<li><span style=\"font-size: 14px\">Adequado tanto para&nbsp;<strong>revestimento&nbsp;<\/strong>como para&nbsp;<strong>modela&ccedil;&atilde;o<\/strong>.<\/span><\/li>\n<\/ul>\n","protected":false},"excerpt":{"rendered":"<p>Pasta de a\u00e7\u00facar SmartFlex, muito forte e flex\u00edvel, com um toque suave e sedoso, sabor a baunilha.<\/p>\n","protected":false},"featured_media":348020,"comment_status":"open","ping_status":"closed","template":"","meta":{"_acf_changed":false},"pwb-brand":[],"product_brand":[],"product_cat":[3014,3006,2996,3001,3004,1832,1847,2783,2763,2773,1932,1845,1833],"product_tag":[],"class_list":{"0":"post-388939","1":"product","2":"type-product","3":"status-publish","4":"has-post-thumbnail","6":"product_cat-pasta-de-acucar-smartflex-2","7":"product_cat-pastas-de-acucar-2","8":"product_cat-produtos-vegetarianos","9":"product_cat-sem-e-171-2","10":"product_cat-sem-gluten-2","11":"product_cat-diestas-especiales","12":"product_cat-fondant","13":"product_cat-fondant-1kg","14":"product_cat-fondant-blanco","15":"product_cat-fondant-sin-gluten","16":"product_cat-fondant-smartflex","17":"product_cat-dieta-sin-e-171","18":"product_cat-dieta-sin-gluten","20":"first","21":"instock","22":"taxable","23":"shipping-taxable","24":"purchasable","25":"product-type-simple"},"acf":[],"df_price":10.31,"df_sale_price":"","df_regular_price":10.31,"df_image_link":"https:\/\/glotomania.com\/wp-content\/uploads\/2025\/11\/img_20401_aa798659fff0d12bd317f0ec164dd058_1-31-300x300.jpg","brands":[],"_links":{"self":[{"href":"https:\/\/glotomania.com\/pt-pt\/wp-json\/wp\/v2\/product\/388939","targetHints":{"allow":["GET"]}}],"collection":[{"href":"https:\/\/glotomania.com\/pt-pt\/wp-json\/wp\/v2\/product"}],"about":[{"href":"https:\/\/glotomania.com\/pt-pt\/wp-json\/wp\/v2\/types\/product"}],"replies":[{"embeddable":true,"href":"https:\/\/glotomania.com\/pt-pt\/wp-json\/wp\/v2\/comments?post=388939"}],"wp:featuredmedia":[{"embeddable":true,"href":"https:\/\/glotomania.com\/pt-pt\/wp-json\/wp\/v2\/media\/348020"}],"wp:attachment":[{"href":"https:\/\/glotomania.com\/pt-pt\/wp-json\/wp\/v2\/media?parent=388939"}],"wp:term":[{"taxonomy":"pwb-brand","embeddable":true,"href":"https:\/\/glotomania.com\/pt-pt\/wp-json\/wp\/v2\/pwb-brand?post=388939"},{"taxonomy":"product_brand","embeddable":true,"href":"https:\/\/glotomania.com\/pt-pt\/wp-json\/wp\/v2\/product_brand?post=388939"},{"taxonomy":"product_cat","embeddable":true,"href":"https:\/\/glotomania.com\/pt-pt\/wp-json\/wp\/v2\/product_cat?post=388939"},{"taxonomy":"product_tag","embeddable":true,"href":"https:\/\/glotomania.com\/pt-pt\/wp-json\/wp\/v2\/product_tag?post=388939"}],"curies":[{"name":"wp","href":"https:\/\/api.w.org\/{rel}","templated":true}]}}