{"id":388980,"date":"2025-09-02T10:41:27","date_gmt":"2025-09-02T10:41:27","guid":{"rendered":"https:\/\/glotomania.com\/p\/aroma-concentrado-lorann-algodon-de-azucar-cotton-candy-37-ml-2\/"},"modified":"2026-03-10T18:19:08","modified_gmt":"2026-03-10T18:19:08","slug":"aroma-concentrado-lorann-algodon-de-azucar-cotton-candy-37-ml-2","status":"publish","type":"product","link":"https:\/\/glotomania.com\/pt-pt\/p\/aroma-concentrado-lorann-algodon-de-azucar-cotton-candy-37-ml-2\/","title":{"rendered":"Aroma Concentrado Lorann &#8211; Algod\u00c3o De A\u00c7\u00dacar \/ Cotton Candy (3,7 Ml)"},"content":{"rendered":"<p>&nbsp;<\/p>\n<div><span style=\"font-size: 14px\">&Eacute; altamente concentrado, mantendo um sabor rico e poderoso mesmo em condi&ccedil;&otilde;es extremas de temperatura, o que o torna perfeito para&nbsp;<strong>receitas&nbsp;<\/strong><\/span><strong>panificadas&nbsp;<\/strong><span style=\"font-size: 14px\">, tais como biscoitos, bolachas, bolos, gelados,&#8230; Emuls&atilde;o &agrave;&nbsp;<strong>base de &aacute;gua<\/strong>, pelo que n&atilde;o se desvanece no sabor, mas permanece saborosa e intensa.<\/span><\/div>\n<div>&nbsp;<\/div>\n<div><span style=\"font-size: 14px\">&Eacute;<strong>&nbsp;sol&uacute;vel em &aacute;gua<\/strong>, ideal para misturar em bebidas, produtos l&aacute;cteos, entre outras prepara&ccedil;&otilde;es.&nbsp;<\/span><\/div>\n<div>&nbsp;<\/div>\n<div><span style=\"font-size: 14px\">Adequada para utiliza&ccedil;&atilde;o em<u>&nbsp;chocolates e coberturas<\/u>, mas pode engrossar ligeiramente. Adicionar &oacute;leo de coco liquefeito ou manteiga de cacau&nbsp;<\/span><span style=\"font-size: 14px\">para diluir\/suavizar<\/span><span style=\"font-size: 14px\">&nbsp;(uso t&iacute;pico &eacute; &frac14; a &frac12; colher de ch&aacute; por &frac12; kg, aprox.).<\/span><\/div>\n<div>&nbsp;<\/div>\n<div><span style=\"font-size: 14px\">Quando se utilizar em&nbsp;<strong>substitui&ccedil;&atilde;o de um extracto<\/strong>, recomenda-se a utiliza&ccedil;&atilde;o entre<u>&nbsp;&frac14; &#8211; &frac12; colher de ch&aacute; para cada colher de ch&aacute; de extracto<\/u>&nbsp;listada na receita.<\/span><\/div>\n<div>&nbsp;<\/div>\n<div><span style=\"font-size: 14px\"><strong>Recomenda&ccedil;&otilde;es de utiliza&ccedil;&atilde;o:<\/strong><\/span><\/div>\n<ul>\n<li>Limpar&nbsp;os derrames rapidamente, o contacto prolongado pode causar danos.<\/li>\n<li><span style=\"font-size: 14px\">N&atilde;o utilizar colheres de medida ou outros utens&iacute;lios de pl&aacute;stico.<\/span><\/li>\n<li><span style=\"font-size: 14px\">Evitar&nbsp;o contacto directo com a pele quando o produto for utilizado n&atilde;o dilu&iacute;do. Alguns aromatizantes tais como canela e am&ecirc;ndoa s&atilde;o particularmente potentes.<\/span><\/li>\n<\/ul>\n<div><span style=\"font-size: 14px\"><strong>Sugest&otilde;es para aumentar a solubilidade do sabor<\/strong>&nbsp;se estiver a ter dificuldades:<\/span><\/div>\n<ul>\n<li><span style=\"font-size: 14px\">Diminuir o n&iacute;vel de aromatiza&ccedil;&atilde;o utilizado (demasiados podem causar a apreens&atilde;o de chocolates).<\/span><\/li>\n<li><span style=\"font-size: 14px\">Aumentar o tempo ou n&iacute;vel de mistura, se poss&iacute;vel.<\/span><\/li>\n<li><span style=\"font-size: 14px\">Aumentar ligeiramente a temperatura da mistura ao adicionar o aroma.<\/span><\/li>\n<li><span style=\"font-size: 14px\">Considerar adicionar um emulsionante, tal como lecitina, goma xantana ou goma ar&aacute;bica.<\/span><\/li>\n<\/ul>\n","protected":false},"excerpt":{"rendered":"<p>Deleite os seus sentidos com o delicioso sabor doce a algod\u00e3o de a\u00e7\u00facar, com este aroma concentrado de LorAnn.<\/p>\n","protected":false},"featured_media":344711,"comment_status":"open","ping_status":"closed","template":"","meta":{"_acf_changed":false,"_joinchat":[]},"pwb-brand":[],"product_brand":[],"product_cat":[2943,2950,2999,2996,3004,1831,1830,1832,1902,1833],"product_tag":[],"class_list":{"0":"post-388980","1":"product","2":"type-product","3":"status-publish","4":"has-post-thumbnail","6":"product_cat-aromas-e-extractos","7":"product_cat-aromas-liquidos-2","8":"product_cat-kosher-2","9":"product_cat-produtos-vegetarianos","10":"product_cat-sem-gluten-2","11":"product_cat-aroma-liquido","12":"product_cat-aromas-y-extractos","13":"product_cat-diestas-especiales","14":"product_cat-dieta-kosher","15":"product_cat-dieta-sin-gluten","17":"first","18":"instock","19":"taxable","20":"shipping-taxable","21":"purchasable","22":"product-type-simple"},"acf":[],"df_price":2.13,"df_sale_price":"","df_regular_price":2.13,"df_image_link":"https:\/\/e622tfk5wxd.exactdn.com\/wp-content\/uploads\/2025\/11\/img_20453_9d6afe5e6d08ba3a975ff7ef80eb761b_1-27-300x300.jpg?strip=all","brands":[],"_links":{"self":[{"href":"https:\/\/glotomania.com\/pt-pt\/wp-json\/wp\/v2\/product\/388980","targetHints":{"allow":["GET"]}}],"collection":[{"href":"https:\/\/glotomania.com\/pt-pt\/wp-json\/wp\/v2\/product"}],"about":[{"href":"https:\/\/glotomania.com\/pt-pt\/wp-json\/wp\/v2\/types\/product"}],"replies":[{"embeddable":true,"href":"https:\/\/glotomania.com\/pt-pt\/wp-json\/wp\/v2\/comments?post=388980"}],"wp:featuredmedia":[{"embeddable":true,"href":"https:\/\/glotomania.com\/pt-pt\/wp-json\/wp\/v2\/media\/344711"}],"wp:attachment":[{"href":"https:\/\/glotomania.com\/pt-pt\/wp-json\/wp\/v2\/media?parent=388980"}],"wp:term":[{"taxonomy":"pwb-brand","embeddable":true,"href":"https:\/\/glotomania.com\/pt-pt\/wp-json\/wp\/v2\/pwb-brand?post=388980"},{"taxonomy":"product_brand","embeddable":true,"href":"https:\/\/glotomania.com\/pt-pt\/wp-json\/wp\/v2\/product_brand?post=388980"},{"taxonomy":"product_cat","embeddable":true,"href":"https:\/\/glotomania.com\/pt-pt\/wp-json\/wp\/v2\/product_cat?post=388980"},{"taxonomy":"product_tag","embeddable":true,"href":"https:\/\/glotomania.com\/pt-pt\/wp-json\/wp\/v2\/product_tag?post=388980"}],"curies":[{"name":"wp","href":"https:\/\/api.w.org\/{rel}","templated":true}]}}